{"id":1345,"date":"2016-09-25T20:05:40","date_gmt":"2016-09-25T18:05:40","guid":{"rendered":"http:\/\/www.gladiatorenschule-berlin.de\/?page_id=1345"},"modified":"2026-01-28T21:23:17","modified_gmt":"2026-01-28T20:23:17","slug":"buchung","status":"publish","type":"page","link":"https:\/\/www.gladiatorenschule-berlin.rocks\/?page_id=1345","title":{"rendered":"Buchung"},"content":{"rendered":"<p>Nach dem ausgiebigen Studium unserer Webseite ist nun der Wunsch in Ihnen gewachsen, auch mal Gladiatorenspiele zu veranstalten? Leider fehlt Ihnen die passende Gladiatorenschule &#8211; der Ludus? Kein Problem, denn Sie k\u00f6nnen uns f\u00fcr verschiedenste Auftrittsarten buchen.<\/p>\n<p>Zu einem Auftritt geh\u00f6ren<\/p>\n<p>&nbsp;<\/p>\n<h4>von unser Seite:<\/h4>\n<p>1. Mindestens vier Gladiatoren (Armaturen gem\u00e4\u00df <a href=\"https:\/\/www.academia.edu\/44336661\/Overview_Armaturae_DE\">Armaturen\u00fcbersicht<\/a>)<\/p>\n<p>2. Mindestens ein Schiedsrichter (Summa Rudis) &#8211; diese Funktion kann auch vom Lanista \u00fcbernommen werden<\/p>\n<p>3. Mindestens zwei freie K\u00e4mpfe<\/p>\n<h5>Zus\u00e4tzlich m\u00f6glich:<\/h5>\n<p>1. Lagerdarstellung (Zelte, Sonnensegel, r\u00f6misches Kochen&#8230;)<\/p>\n<p>2. Erkl\u00e4rung der Armaturen (Ausr\u00fcstung)<\/p>\n<p>3. Erkl\u00e4rungen zu <a href=\"https:\/\/www.gladiatorenschule-berlin.rocks\/wp-content\/uploads\/2021\/03\/Zeitlinie-GladiaturDE.jpg\">Gladiatoren<\/a> \/ r\u00f6mischen Spielen<\/p>\n<p>4. Showelemente &#8211; z.B. Einbeziehung des Veranstalters als Editor \/ besonderer Mitarbeiter als (un-)freiwillige Gladiatoren<\/p>\n<p>5. Weitere K\u00e4mpfer (und damit auch K\u00e4mpfe)<\/p>\n<h4>Von Veranstalter Seite:<\/h4>\n<p>Eine Arena &#8211; d.h. ein Kampfplatz welcher (nach M\u00f6glichkeit) barfu\u00df betreten werden kann mit einem Mindestma\u00df von 9x9m<\/p>\n<p>Lanista-Gage (je Gladiator\/Tag zzgl. Fahrtkosten)<\/p>\n<p>Beispiel: Entfernung 500km inkl. Fahrtkosten<\/p>\n<table border=\"0\" frame=\"VOID\" rules=\"NONE\" cellspacing=\"0\">\n<colgroup>\n<col width=\"130\" \/>\n<col width=\"86\" \/>\n<col width=\"91\" \/>\n<col width=\"82\" \/><\/colgroup>\n<tbody>\n<tr>\n<td colspan=\"2\" align=\"CENTER\" valign=\"MIDDLE\" bgcolor=\"#CC6600\" width=\"216\" height=\"25\"><b><span style=\"color: #ffffff; font-family: Calibri; font-size: large;\">Angebots\u00fcbersicht<\/span><\/b><\/td>\n<td colspan=\"2\" align=\"LEFT\" valign=\"MIDDLE\" bgcolor=\"#CC6600\" width=\"173\"><b><span style=\"color: #ffffff; font-family: Calibri; font-size: large;\">Beispiel 2026<\/span><\/b><\/td>\n<\/tr>\n<tr>\n<td align=\"CENTER\" valign=\"BOTTOM\" bgcolor=\"#AFABAB\" height=\"19\"><b><span style=\"color: #000000; font-family: Calibri;\">Gladiatorenanzahl<\/span><\/b><\/td>\n<td align=\"CENTER\" valign=\"BOTTOM\" bgcolor=\"#AFABAB\"><b><span style=\"color: #000000; font-family: Calibri;\">Showanzahl<\/span><\/b><\/td>\n<td align=\"CENTER\" valign=\"BOTTOM\" bgcolor=\"#AFABAB\"><b><span style=\"color: #000000; font-family: Calibri;\">Auftrittstage<\/span><\/b><\/td>\n<td align=\"CENTER\" valign=\"BOTTOM\" bgcolor=\"#AFABAB\"><b><span style=\"color: #000000; font-family: Calibri;\">Preis<\/span><\/b><\/td>\n<\/tr>\n<tr>\n<td align=\"CENTER\" valign=\"BOTTOM\" height=\"19\"><span style=\"color: #000000; font-family: Calibri;\">6<\/span><\/td>\n<td align=\"CENTER\" valign=\"BOTTOM\"><span style=\"color: #000000; font-family: Calibri;\">2<\/span><\/td>\n<td rowspan=\"6\" align=\"CENTER\" valign=\"MIDDLE\"><span style=\"color: #000000; font-family: Calibri;\">2<\/span><\/td>\n<td align=\"CENTER\" valign=\"MIDDLE\"><b><span style=\"color: #000000; font-family: Calibri;\"> 2.619,39 \u20ac <\/span><\/b><\/td>\n<\/tr>\n<tr>\n<td align=\"CENTER\" valign=\"BOTTOM\" height=\"19\"><span style=\"color: #000000; font-family: Calibri;\">6<\/span><\/td>\n<td align=\"CENTER\" valign=\"BOTTOM\"><span style=\"color: #000000; font-family: Calibri;\">3<\/span><\/td>\n<td align=\"CENTER\" valign=\"MIDDLE\"><b><span style=\"color: #000000; font-family: Calibri;\"> 3.519,39 \u20ac <\/span><\/b><\/td>\n<\/tr>\n<tr>\n<td align=\"CENTER\" valign=\"BOTTOM\" height=\"19\"><span style=\"color: #000000; font-family: Calibri;\">8<\/span><\/td>\n<td align=\"CENTER\" valign=\"BOTTOM\"><span style=\"color: #000000; font-family: Calibri;\">2<\/span><\/td>\n<td align=\"CENTER\" valign=\"MIDDLE\"><b><span style=\"color: #000000; font-family: Calibri;\"> 3.357,79 \u20ac <\/span><\/b><\/td>\n<\/tr>\n<tr>\n<td align=\"CENTER\" valign=\"BOTTOM\" height=\"19\"><span style=\"color: #000000; font-family: Calibri;\">8<\/span><\/td>\n<td align=\"CENTER\" valign=\"BOTTOM\"><span style=\"color: #000000; font-family: Calibri;\">3<\/span><\/td>\n<td align=\"CENTER\" valign=\"MIDDLE\"><b><span style=\"color: #000000; font-family: Calibri;\"> 4.557,79 \u20ac <\/span><\/b><\/td>\n<\/tr>\n<tr>\n<td align=\"CENTER\" valign=\"BOTTOM\" height=\"19\"><span style=\"color: #000000; font-family: Calibri;\">10<\/span><\/td>\n<td align=\"CENTER\" valign=\"BOTTOM\"><span style=\"color: #000000; font-family: Calibri;\">2<\/span><\/td>\n<td align=\"CENTER\" valign=\"MIDDLE\"><b><span style=\"color: #000000; font-family: Calibri;\"> 3.941,39 \u20ac <\/span><\/b><\/td>\n<\/tr>\n<tr>\n<td align=\"CENTER\" valign=\"BOTTOM\" height=\"19\"><span style=\"color: #000000; font-family: Calibri;\">10<\/span><\/td>\n<td align=\"CENTER\" valign=\"BOTTOM\"><span style=\"color: #000000; font-family: Calibri;\">3<\/span><\/td>\n<td align=\"CENTER\" valign=\"MIDDLE\"><b><span style=\"color: #000000; font-family: Calibri;\"> 5.441,39 \u20ac <\/span><\/b><\/td>\n<\/tr>\n<\/tbody>\n<\/table>\n<table border=\"0\" frame=\"VOID\" rules=\"NONE\" cellspacing=\"0\">\n<colgroup>\n<col width=\"130\" \/>\n<col width=\"86\" \/>\n<col width=\"127\" \/>\n<col width=\"112\" \/>\n<col width=\"47\" \/>\n<col width=\"81\" \/>\n<col width=\"71\" \/><\/colgroup>\n<tbody>\n<tr>\n<td align=\"LEFT\" valign=\"MIDDLE\" bgcolor=\"#CC6600\" width=\"130\" height=\"25\"><b><span style=\"color: #ffffff; font-family: Calibri; font-size: large;\">Fahrtkosten<\/span><\/b><\/td>\n<td colspan=\"6\" align=\"LEFT\" valign=\"MIDDLE\" bgcolor=\"#CC6600\" width=\"523\"><b><span style=\"color: #ffffff; font-family: Calibri; font-size: large;\">Beispiel 2026<\/span><\/b><\/td>\n<\/tr>\n<tr>\n<td align=\"LEFT\" valign=\"BOTTOM\" bgcolor=\"#AFABAB\" height=\"19\"><span style=\"color: #000000; font-family: Calibri;\">Fahrzeug<\/span><\/td>\n<td align=\"LEFT\" valign=\"BOTTOM\" bgcolor=\"#AFABAB\"><span style=\"color: #000000; font-family: Calibri;\">Energieart<\/span><\/td>\n<td align=\"LEFT\" valign=\"BOTTOM\" bgcolor=\"#AFABAB\"><span style=\"color: #000000; font-family: Calibri;\">Verbrauch<\/span><\/td>\n<td align=\"CENTER\" valign=\"BOTTOM\" bgcolor=\"#AFABAB\"><span style=\"color: #000000; font-family: Calibri;\">Treibstoffkosten<\/span><\/td>\n<td align=\"CENTER\" valign=\"BOTTOM\" bgcolor=\"#AFABAB\"><span style=\"color: #000000; font-family: Calibri;\">Anzahl<\/span><\/td>\n<td colspan=\"2\" align=\"CENTER\" valign=\"BOTTOM\" bgcolor=\"#AFABAB\"><span style=\"color: #000000; font-family: Calibri;\">Mietkosten<\/span><\/td>\n<\/tr>\n<tr>\n<td align=\"LEFT\" valign=\"BOTTOM\" bgcolor=\"#AFABAB\" height=\"19\"><span style=\"color: #000000; font-family: Calibri;\">PKW Diesel<\/span><\/td>\n<td align=\"RIGHT\" valign=\"BOTTOM\"><span style=\"color: #000000; font-family: Calibri;\">1,64 \u20ac\/l<\/span><\/td>\n<td align=\"RIGHT\" valign=\"BOTTOM\"><span style=\"color: #000000; font-family: Calibri;\">5,0 l\/100km<\/span><\/td>\n<td align=\"RIGHT\" valign=\"BOTTOM\"><span style=\"color: #000000; font-family: Calibri;\">82,00 \u20ac<\/span><\/td>\n<td align=\"RIGHT\" valign=\"BOTTOM\"><span style=\"color: #000000; font-family: Calibri;\">0<\/span><\/td>\n<td align=\"RIGHT\" valign=\"BOTTOM\"><span style=\"color: #000000; font-family: Calibri;\">0,00 \u20ac\/Tag<\/span><\/td>\n<td align=\"RIGHT\" valign=\"BOTTOM\"><span style=\"color: #000000; font-family: Calibri;\">0,00 \u20ac<\/span><\/td>\n<\/tr>\n<tr>\n<td align=\"LEFT\" valign=\"BOTTOM\" bgcolor=\"#AFABAB\" height=\"19\"><span style=\"color: #000000; font-family: Calibri;\">Transporter<\/span><\/td>\n<td align=\"RIGHT\" valign=\"BOTTOM\"><span style=\"color: #000000; font-family: Calibri;\">1,64 \u20ac\/l<\/span><\/td>\n<td align=\"RIGHT\" valign=\"BOTTOM\"><span style=\"color: #000000; font-family: Calibri;\">14,5 l\/100km<\/span><\/td>\n<td align=\"RIGHT\" valign=\"BOTTOM\"><span style=\"color: #000000; font-family: Calibri;\">237,80 \u20ac<\/span><\/td>\n<td align=\"RIGHT\" valign=\"BOTTOM\"><span style=\"color: #000000; font-family: Calibri;\">1<\/span><\/td>\n<td align=\"RIGHT\" valign=\"BOTTOM\"><span style=\"color: #000000; font-family: Calibri;\">99,06 \u20ac\/Tag<\/span><\/td>\n<td align=\"RIGHT\" valign=\"BOTTOM\"><span style=\"color: #000000; font-family: Calibri;\">396,23 \u20ac<\/span><\/td>\n<\/tr>\n<tr>\n<td align=\"LEFT\" valign=\"BOTTOM\" bgcolor=\"#AFABAB\" height=\"19\"><span style=\"color: #000000; font-family: Calibri;\">PKW elektrisch<\/span><\/td>\n<td align=\"RIGHT\" valign=\"BOTTOM\"><span style=\"color: #000000; font-family: Calibri;\">0,79 \u20ac\/kWh<\/span><\/td>\n<td align=\"RIGHT\" valign=\"BOTTOM\"><span style=\"color: #000000; font-family: Calibri;\">18,4 kWh\/100km<\/span><\/td>\n<td align=\"RIGHT\" valign=\"BOTTOM\"><span style=\"color: #000000; font-family: Calibri;\">145,36 \u20ac<\/span><\/td>\n<td align=\"RIGHT\" valign=\"BOTTOM\"><span style=\"color: #000000; font-family: Calibri;\">1<\/span><\/td>\n<td align=\"RIGHT\" valign=\"BOTTOM\"><span style=\"color: #000000; font-family: Calibri;\">10,00 \u20ac\/Tag<\/span><\/td>\n<td align=\"RIGHT\" valign=\"BOTTOM\"><span style=\"color: #000000; font-family: Calibri;\">40,00 \u20ac<\/span><\/td>\n<\/tr>\n<tr>\n<td align=\"LEFT\" valign=\"BOTTOM\" bgcolor=\"#AFABAB\" height=\"24\"><span style=\"color: #000000; font-family: Calibri;\">Entfernung<\/span><\/td>\n<td align=\"CENTER\" valign=\"BOTTOM\" bgcolor=\"#AFABAB\"><span style=\"color: #000000; font-family: Calibri;\">Miettage<\/span><\/td>\n<td align=\"CENTER\" valign=\"BOTTOM\" bgcolor=\"#AFABAB\"><span style=\"color: #000000; font-family: Calibri;\">Summe Treibstoff<\/span><\/td>\n<td align=\"CENTER\" valign=\"BOTTOM\"><span style=\"color: #000000; font-family: Calibri;\">383,16 \u20ac<\/span><\/td>\n<td colspan=\"2\" align=\"RIGHT\" valign=\"BOTTOM\" bgcolor=\"#AFABAB\"><b><span style=\"color: #000000; font-family: Calibri;\">Summe<\/span><\/b><\/td>\n<td align=\"RIGHT\" valign=\"BOTTOM\"><b><span style=\"color: #000000; font-family: Calibri;\">819,39 \u20ac<\/span><\/b><\/td>\n<\/tr>\n<tr>\n<td align=\"CENTER\" valign=\"BOTTOM\" height=\"19\"><span style=\"color: #000000; font-family: Calibri;\">1.000km<\/span><\/td>\n<td align=\"CENTER\" valign=\"BOTTOM\"><span style=\"color: #000000; font-family: Calibri;\">4<\/span><\/td>\n<td align=\"LEFT\" valign=\"BOTTOM\" bgcolor=\"#FFFFFF\"><span style=\"color: #000000; font-family: Calibri;\">\u00a0<\/span><\/td>\n<td align=\"LEFT\" valign=\"BOTTOM\" bgcolor=\"#FFFFFF\"><span style=\"color: #000000; font-family: Calibri;\">\u00a0<\/span><\/td>\n<td align=\"LEFT\" valign=\"BOTTOM\" bgcolor=\"#FFFFFF\"><span style=\"color: #000000; font-family: Calibri;\">\u00a0<\/span><\/td>\n<td align=\"LEFT\" valign=\"BOTTOM\" bgcolor=\"#FFFFFF\"><span style=\"color: #000000; font-family: Calibri;\">\u00a0<\/span><\/td>\n<td align=\"LEFT\" valign=\"BOTTOM\" bgcolor=\"#FFFFFF\"><\/td>\n<\/tr>\n<\/tbody>\n<\/table>\n<table border=\"0\" frame=\"VOID\" rules=\"NONE\" cellspacing=\"0\">\n<colgroup>\n<col width=\"120\" \/>\n<col width=\"134\" \/>\n<col width=\"113\" \/>\n<col width=\"161\" \/>\n<col width=\"105\" \/><\/colgroup>\n<tbody>\n<tr>\n<td colspan=\"3\" align=\"RIGHT\" valign=\"MIDDLE\" bgcolor=\"#CC6600\" width=\"367\" height=\"25\"><b><span style=\"color: #ffffff; font-family: Calibri; font-size: medium;\">Kostenaufstellung Gladiatores Berolinenses <\/span><\/b><\/td>\n<td colspan=\"2\" align=\"LEFT\" valign=\"MIDDLE\" bgcolor=\"#CC6600\" width=\"266\"><b><span style=\"color: #ffffff; font-family: Calibri; font-size: medium;\">Beispiel 2026<\/span><\/b><\/td>\n<\/tr>\n<tr>\n<td align=\"LEFT\" valign=\"BOTTOM\" bgcolor=\"#AFABAB\" height=\"19\"><b><span style=\"color: #000000; font-family: Calibri;\">Fahrkosten<\/span><\/b><\/td>\n<td align=\"LEFT\" valign=\"BOTTOM\" bgcolor=\"#AFABAB\"><span style=\"color: #000000; font-family: Calibri;\">Km lt. Google<\/span><\/td>\n<td align=\"CENTER\" valign=\"BOTTOM\" bgcolor=\"#AFABAB\"><span style=\"color: #000000; font-family: Calibri;\">PKW<\/span><\/td>\n<td align=\"CENTER\" valign=\"BOTTOM\" bgcolor=\"#AFABAB\"><span style=\"color: #000000; font-family: Calibri;\">Transporter<\/span><\/td>\n<td align=\"LEFT\" valign=\"BOTTOM\" bgcolor=\"#AFABAB\"><span style=\"color: #000000; font-family: Calibri;\">Gesamtstrecke<\/span><\/td>\n<\/tr>\n<tr>\n<td align=\"CENTER\" valign=\"BOTTOM\" height=\"19\"><span style=\"color: #000000; font-family: Calibri;\">819,39 \u20ac<\/span><\/td>\n<td align=\"CENTER\" valign=\"BOTTOM\"><span style=\"color: #000000; font-family: Calibri;\">500km<\/span><\/td>\n<td align=\"CENTER\" valign=\"BOTTOM\"><span style=\"color: #000000; font-family: Calibri;\">1<\/span><\/td>\n<td align=\"CENTER\" valign=\"BOTTOM\"><span style=\"color: #000000; font-family: Calibri;\">1<\/span><\/td>\n<td align=\"CENTER\" valign=\"BOTTOM\"><span style=\"color: #000000; font-family: Calibri;\">1.000km<\/span><\/td>\n<\/tr>\n<tr>\n<td align=\"CENTER\" valign=\"BOTTOM\" bgcolor=\"#AFABAB\" height=\"19\"><b><span style=\"color: #000000; font-family: Calibri;\">Personalkosten<\/span><\/b><\/td>\n<td align=\"CENTER\" valign=\"BOTTOM\" bgcolor=\"#AFABAB\"><span style=\"color: #000000; font-family: Calibri;\">Anzahl Gladiatoren<\/span><\/td>\n<td align=\"CENTER\" valign=\"BOTTOM\" bgcolor=\"#AFABAB\"><span style=\"color: #000000; font-family: Calibri;\">\u20ac \/Armatur\/ Tag<\/span><\/td>\n<td align=\"CENTER\" valign=\"BOTTOM\" bgcolor=\"#AFABAB\"><span style=\"color: #000000; font-family: Calibri;\">Showanzahl\/Tag<\/span><\/td>\n<td align=\"CENTER\" valign=\"BOTTOM\" bgcolor=\"#AFABAB\"><span style=\"color: #000000; font-family: Calibri;\">Auftrittstage<\/span><\/td>\n<\/tr>\n<tr>\n<td align=\"CENTER\" valign=\"BOTTOM\" height=\"19\"><span style=\"color: #000000; font-family: Calibri;\"> 1.800,00 \u20ac <\/span><\/td>\n<td align=\"CENTER\" valign=\"BOTTOM\"><span style=\"color: #000000; font-family: Calibri;\">6<\/span><\/td>\n<td align=\"CENTER\" valign=\"BOTTOM\"><span style=\"color: #000000; font-family: Calibri;\"> 150 <\/span><\/td>\n<td align=\"CENTER\" valign=\"BOTTOM\"><span style=\"color: #000000; font-family: Calibri;\">2<\/span><\/td>\n<td align=\"CENTER\" valign=\"BOTTOM\"><span style=\"color: #000000; font-family: Calibri;\">2<\/span><\/td>\n<\/tr>\n<tr>\n<td align=\"LEFT\" valign=\"BOTTOM\" bgcolor=\"#AFABAB\" height=\"24\"><b><span style=\"color: #000000; font-family: Calibri;\">Angebotssumme<\/span><\/b><\/td>\n<td colspan=\"4\" align=\"CENTER\" valign=\"MIDDLE\"><b><span style=\"color: #000000; font-family: Calibri; font-size: large;\"> 2.619,39 \u20ac <\/span><\/b><\/td>\n<\/tr>\n<\/tbody>\n<\/table>\n<p>Bei Lagern: Feuerstellenm\u00f6glichkeit und Zeltaufbauplatz (Faustregel je Person 3m\u00b2)<\/p>\n<p>&nbsp;<\/p>\n<h4>Allgemeines<\/h4>\n<p>Sollten nun Platzangebot und Budget \u00fcberpr\u00fcft worden sein, k\u00f6nnen Sie per Mail mit uns in Kontakt treten.<\/p>\n<p>Im Dialog erstellen wir Ihnen ein individuelles Angebot um Ihr R\u00f6merfest\/ Geschichtsexkurs\/ Fantasyveranstaltung zu einem Erfolg werden zu lassen.<\/p>\n<p>Unsere Schule kann zur Zeit 14 aktive <a href=\"https:\/\/www.gladiatorenschule-berlin.rocks\/?page_id=17\">Gladiatoren<\/a> in sieben verschiedenen Armaturen f\u00fcr sechs klassische und vier &#8222;ostr\u00f6mische&#8220; <a href=\"https:\/\/www.academia.edu\/80816910\/Overview_Gladiator_Pairings_DE\">Paarungen<\/a> darstellen. Zus\u00e4tzlich sind drei weiterere Gladiatoren in Ausbildung.<\/p>\n<p>Bei Interesse, und f\u00fcr weitere Nachfragen, einfach Mail an: gladiatorenschule@web.de<\/p>\n<p>Wir freuen uns auf Ihre Nachricht und verbleiben mit freundlichem Gru\u00df,<\/p>\n<p>Ihre Berliner Gladiatorenschule &#8211; Gladiatores Berolinenses<\/p>\n<p>Sie brauchen eine kleine Pr\u00e4sentation um sich f\u00fcr uns einsetzen zu k\u00f6nnen ? Hier gibt es eine Infomappe zum Download.<\/p>\n<p><a href=\"https:\/\/www.gladiatorenschule-berlin.rocks\/wp-content\/uploads\/2024\/09\/Infomappe_Gladiatores_Berolinenses.pdf\">Infomappe_Gladiatores_Berolinenses<\/a><\/p>\n","protected":false},"excerpt":{"rendered":"<p>Nach dem ausgiebigen Studium unserer Webseite ist nun der Wunsch in Ihnen gewachsen, auch mal Gladiatorenspiele zu veranstalten? Leider fehlt Ihnen die passende Gladiatorenschule &#8211; der Ludus? Kein Problem, denn Sie k\u00f6nnen uns f\u00fcr verschiedenste Auftrittsarten buchen. Zu einem Auftritt geh\u00f6ren &nbsp; von unser Seite: 1. Mindestens vier Gladiatoren (Armaturen gem\u00e4\u00df Armaturen\u00fcbersicht) 2. Mindestens ein [&hellip;]<\/p>\n","protected":false},"author":2,"featured_media":0,"parent":0,"menu_order":0,"comment_status":"closed","ping_status":"closed","template":"","meta":{"ngg_post_thumbnail":0,"footnotes":""},"class_list":["post-1345","page","type-page","status-publish","hentry"],"_links":{"self":[{"href":"https:\/\/www.gladiatorenschule-berlin.rocks\/index.php?rest_route=\/wp\/v2\/pages\/1345","targetHints":{"allow":["GET"]}}],"collection":[{"href":"https:\/\/www.gladiatorenschule-berlin.rocks\/index.php?rest_route=\/wp\/v2\/pages"}],"about":[{"href":"https:\/\/www.gladiatorenschule-berlin.rocks\/index.php?rest_route=\/wp\/v2\/types\/page"}],"author":[{"embeddable":true,"href":"https:\/\/www.gladiatorenschule-berlin.rocks\/index.php?rest_route=\/wp\/v2\/users\/2"}],"replies":[{"embeddable":true,"href":"https:\/\/www.gladiatorenschule-berlin.rocks\/index.php?rest_route=%2Fwp%2Fv2%2Fcomments&post=1345"}],"version-history":[{"count":13,"href":"https:\/\/www.gladiatorenschule-berlin.rocks\/index.php?rest_route=\/wp\/v2\/pages\/1345\/revisions"}],"predecessor-version":[{"id":6559,"href":"https:\/\/www.gladiatorenschule-berlin.rocks\/index.php?rest_route=\/wp\/v2\/pages\/1345\/revisions\/6559"}],"wp:attachment":[{"href":"https:\/\/www.gladiatorenschule-berlin.rocks\/index.php?rest_route=%2Fwp%2Fv2%2Fmedia&parent=1345"}],"curies":[{"name":"wp","href":"https:\/\/api.w.org\/{rel}","templated":true}]}}