{"id":1390,"date":"2016-12-04T08:56:19","date_gmt":"2016-12-04T06:56:19","guid":{"rendered":"http:\/\/www.gladiatorenschule-berlin.de\/?page_id=1390"},"modified":"2024-09-17T20:56:45","modified_gmt":"2024-09-17T18:56:45","slug":"vulpeculus","status":"publish","type":"page","link":"https:\/\/www.gladiatorenschule-berlin.rocks\/?page_id=1390","title":{"rendered":"Vulpeculus"},"content":{"rendered":"<p>Salve &#8211; mein Name ist Vulpeculus, das F\u00fcchslein.<\/p>\n<p>Ich k\u00e4mpfe seit 2015 als Retiarier im Ludus. Da ich zuvor weder Kampfsporterfahrung hatte, noch der kr\u00e4ftigste Gladiator bin, k\u00e4mpfe ich schnell und schlau, zumindest meistens \ud83d\ude42 .Der Retiarier ist daf\u00fcr genau die richtige Klasse. Weder wird seine Beweglichkeit durch schwere R\u00fcstung reduziert, noch sein Blickfeld durch einen Helm eingeschr\u00e4nkt.Daf\u00fcr muss der Retiarier aber auch h\u00f6llisch aufpassen, dass er sich von seinem immer viel schwerer ger\u00fcsteten klassischen Gegner, dem Secutor oder davor dem Murmillo, nicht erwischen l\u00e4sst. Daf\u00fcr stehen dem Retiarier mit dem Dreizack (Tridens) und einem Netz (Rete) die n\u00f6tigen Werkzeuge zur Verf\u00fcgung. Ein Dolch (Pugio) rundet sein vielf\u00e4litges Waffenarsenal ab.Diese Vielf\u00e4ltigkeit sorgt f\u00fcr abwechslungsreiche K\u00e4mpfe.<\/p>\n<p>Neben diesem Aspekt liebte das Publikum im alten Rom ihn wegen der Gefahr, die sich der Retiarier mit dem geringen R\u00fcstungsschutz aussetzte. Vor allem, dass er ohne Helm die Arena betrat und das Publikum so auch jederzeit sein Gesicht sehen konnte, fand gro\u00dfes Gefallen.Zum Schutz diente ihm nur ein Polsterarmschutz (Manica) auf dem am Oberarm ein kleiner Metallschild (Galerus) aufgesetzt wurde, hinter dem er den Kopf ein wenig verstecken konnte.<\/p>\n<p>Erfolgreiche Gladiatoren wurden h\u00e4ufig wie heutige Popstars gefeiert und wirkten auch entsprechend sexuell anziehend. In Inschriften aus der Vulkanasche von Pompeji wurde \u00fcber den Retiarier Crescens mit den Worten berichtet: &#8222;Crescens retiarius puparum nocturnarum&#8220;, Crescens, der nachts mit seinem Netz die Puppen f\u00e4ngt.<\/p>\n<p>&nbsp;<\/p>\n<p><a href=\"https:\/\/www.gladiatorenschule-berlin.rocks\/wp-content\/uploads\/2024\/09\/Gladiatorenmeisterschaft2024_Leif-ErikHeine39_Vulpi.jpg\"><img loading=\"lazy\" decoding=\"async\" class=\"aligncenter size-medium wp-image-6033\" src=\"https:\/\/www.gladiatorenschule-berlin.rocks\/wp-content\/uploads\/2024\/09\/Gladiatorenmeisterschaft2024_Leif-ErikHeine39_Vulpi-300x200.jpg\" alt=\"\" width=\"300\" height=\"200\" srcset=\"https:\/\/www.gladiatorenschule-berlin.rocks\/wp-content\/uploads\/2024\/09\/Gladiatorenmeisterschaft2024_Leif-ErikHeine39_Vulpi-300x200.jpg 300w, https:\/\/www.gladiatorenschule-berlin.rocks\/wp-content\/uploads\/2024\/09\/Gladiatorenmeisterschaft2024_Leif-ErikHeine39_Vulpi-768x512.jpg 768w, https:\/\/www.gladiatorenschule-berlin.rocks\/wp-content\/uploads\/2024\/09\/Gladiatorenmeisterschaft2024_Leif-ErikHeine39_Vulpi-720x480.jpg 720w, https:\/\/www.gladiatorenschule-berlin.rocks\/wp-content\/uploads\/2024\/09\/Gladiatorenmeisterschaft2024_Leif-ErikHeine39_Vulpi-224x149.jpg 224w, https:\/\/www.gladiatorenschule-berlin.rocks\/wp-content\/uploads\/2024\/09\/Gladiatorenmeisterschaft2024_Leif-ErikHeine39_Vulpi-780x520.jpg 780w, https:\/\/www.gladiatorenschule-berlin.rocks\/wp-content\/uploads\/2024\/09\/Gladiatorenmeisterschaft2024_Leif-ErikHeine39_Vulpi.jpg 990w\" sizes=\"auto, (max-width: 300px) 100vw, 300px\" \/><\/a><\/p>\n","protected":false},"excerpt":{"rendered":"<p>Salve &#8211; mein Name ist Vulpeculus, das F\u00fcchslein. Ich k\u00e4mpfe seit 2015 als Retiarier im Ludus. Da ich zuvor weder Kampfsporterfahrung hatte, noch der kr\u00e4ftigste Gladiator bin, k\u00e4mpfe ich schnell und schlau, zumindest meistens \ud83d\ude42 .Der Retiarier ist daf\u00fcr genau die richtige Klasse. Weder wird seine Beweglichkeit durch schwere R\u00fcstung reduziert, noch sein Blickfeld durch [&hellip;]<\/p>\n","protected":false},"author":2,"featured_media":0,"parent":17,"menu_order":0,"comment_status":"closed","ping_status":"closed","template":"","meta":{"ngg_post_thumbnail":0,"footnotes":""},"class_list":["post-1390","page","type-page","status-publish","hentry"],"_links":{"self":[{"href":"https:\/\/www.gladiatorenschule-berlin.rocks\/index.php?rest_route=\/wp\/v2\/pages\/1390","targetHints":{"allow":["GET"]}}],"collection":[{"href":"https:\/\/www.gladiatorenschule-berlin.rocks\/index.php?rest_route=\/wp\/v2\/pages"}],"about":[{"href":"https:\/\/www.gladiatorenschule-berlin.rocks\/index.php?rest_route=\/wp\/v2\/types\/page"}],"author":[{"embeddable":true,"href":"https:\/\/www.gladiatorenschule-berlin.rocks\/index.php?rest_route=\/wp\/v2\/users\/2"}],"replies":[{"embeddable":true,"href":"https:\/\/www.gladiatorenschule-berlin.rocks\/index.php?rest_route=%2Fwp%2Fv2%2Fcomments&post=1390"}],"version-history":[{"count":1,"href":"https:\/\/www.gladiatorenschule-berlin.rocks\/index.php?rest_route=\/wp\/v2\/pages\/1390\/revisions"}],"predecessor-version":[{"id":6034,"href":"https:\/\/www.gladiatorenschule-berlin.rocks\/index.php?rest_route=\/wp\/v2\/pages\/1390\/revisions\/6034"}],"up":[{"embeddable":true,"href":"https:\/\/www.gladiatorenschule-berlin.rocks\/index.php?rest_route=\/wp\/v2\/pages\/17"}],"wp:attachment":[{"href":"https:\/\/www.gladiatorenschule-berlin.rocks\/index.php?rest_route=%2Fwp%2Fv2%2Fmedia&parent=1390"}],"curies":[{"name":"wp","href":"https:\/\/api.w.org\/{rel}","templated":true}]}}