{"id":1464,"date":"2017-04-04T20:07:56","date_gmt":"2017-04-04T18:07:56","guid":{"rendered":"http:\/\/www.gladiatorenschule-berlin.de\/?page_id=1464"},"modified":"2017-04-04T20:07:56","modified_gmt":"2017-04-04T18:07:56","slug":"arbeitsschutzfilm","status":"publish","type":"page","link":"https:\/\/www.gladiatorenschule-berlin.rocks\/?page_id=1464","title":{"rendered":"Arbeitsschutzfilm"},"content":{"rendered":"<p>Hier mal ein kleiner Hinweis zum Thema: <del>Kondome<\/del> Helme sch\u00fctzen, Helme n\u00fctzen !<\/p>\n<p>Wenn die SiGeKo das Video verwenden m\u00f6chte, Anfragen bitte an gladiatorenschule@web.de<br \/>\n\ud83d\ude00<\/p>\n<p><iframe loading=\"lazy\" width=\"560\" height=\"315\" src=\"https:\/\/www.youtube.com\/embed\/6A1tUJCoQsM\" frameborder=\"0\" allowfullscreen><\/iframe><\/p>\n","protected":false},"excerpt":{"rendered":"<p>Hier mal ein kleiner Hinweis zum Thema: Kondome Helme sch\u00fctzen, Helme n\u00fctzen ! Wenn die SiGeKo das Video verwenden m\u00f6chte, Anfragen bitte an gladiatorenschule@web.de \ud83d\ude00<\/p>\n","protected":false},"author":2,"featured_media":0,"parent":298,"menu_order":0,"comment_status":"closed","ping_status":"closed","template":"","meta":{"ngg_post_thumbnail":0,"footnotes":""},"class_list":["post-1464","page","type-page","status-publish","hentry"],"_links":{"self":[{"href":"https:\/\/www.gladiatorenschule-berlin.rocks\/index.php?rest_route=\/wp\/v2\/pages\/1464","targetHints":{"allow":["GET"]}}],"collection":[{"href":"https:\/\/www.gladiatorenschule-berlin.rocks\/index.php?rest_route=\/wp\/v2\/pages"}],"about":[{"href":"https:\/\/www.gladiatorenschule-berlin.rocks\/index.php?rest_route=\/wp\/v2\/types\/page"}],"author":[{"embeddable":true,"href":"https:\/\/www.gladiatorenschule-berlin.rocks\/index.php?rest_route=\/wp\/v2\/users\/2"}],"replies":[{"embeddable":true,"href":"https:\/\/www.gladiatorenschule-berlin.rocks\/index.php?rest_route=%2Fwp%2Fv2%2Fcomments&post=1464"}],"version-history":[{"count":0,"href":"https:\/\/www.gladiatorenschule-berlin.rocks\/index.php?rest_route=\/wp\/v2\/pages\/1464\/revisions"}],"up":[{"embeddable":true,"href":"https:\/\/www.gladiatorenschule-berlin.rocks\/index.php?rest_route=\/wp\/v2\/pages\/298"}],"wp:attachment":[{"href":"https:\/\/www.gladiatorenschule-berlin.rocks\/index.php?rest_route=%2Fwp%2Fv2%2Fmedia&parent=1464"}],"curies":[{"name":"wp","href":"https:\/\/api.w.org\/{rel}","templated":true}]}}