{"id":1689,"date":"2017-05-31T18:03:17","date_gmt":"2017-05-31T16:03:17","guid":{"rendered":"http:\/\/www.gladiatorenschule-berlin.de\/?page_id=1689"},"modified":"2021-04-05T19:00:09","modified_gmt":"2021-04-05T17:00:09","slug":"media","status":"publish","type":"page","link":"https:\/\/www.gladiatorenschule-berlin.rocks\/?page_id=1689","title":{"rendered":"Media"},"content":{"rendered":"<p>Das <a href=\"https:\/\/de.wikipedia.org\/wiki\/Medium_(Kommunikation)\" target=\"_blank\" rel=\"noopener\">Medium an sich<\/a> ist ja lediglich ein Transportmittel f\u00fcr Information und Kommunikation.<\/p>\n<p>So sammeln sich im Laufe eines Ludus-Lebens in der Form von Videos, Audiomitschnitten und Texten diverse Medienschnipsel an, die wir euch nicht vorenthalten wollen.<\/p>\n<p><strong><a href=\"https:\/\/www.gladiatorenschule-berlin.rocks\/?page_id=298\">Videos<\/a><\/strong><\/p>\n<p>Am popul\u00e4rsten sind nat\u00fcrlich die Videos.<\/p>\n<p>Die meisten von den bei uns pr\u00e4sentierten Videos findet Ihr auf unserem <a href=\"https:\/\/www.youtube.com\/channel\/UCjPIOccn2nUGpJF6CtOXnUA\" target=\"_blank\" rel=\"noopener\">eigenen Youtube-Kanal<\/a>, aber auch andere Gruppen produzieren h\u00fcbsche Filmchen.<\/p>\n<p>Einige dieser Videos heben sich von den \u00dcblichen Trainings- und Auftrittsvideos ab, diese sind als <a href=\"https:\/\/www.gladiatorenschule-berlin.rocks\/?page_id=1462\">Sondervideos<\/a> noch einmal separat zusammengefasst.<\/p>\n<p><strong><a href=\"https:\/\/www.gladiatorenschule-berlin.rocks\/?page_id=46\">Bilder<\/a><\/strong><\/p>\n<p>In form von Galerien jeweils anlassbezogen geb\u00fcndelt, und -um die Webseite nicht so zu \u00fcberladen- nach Jahren sortiert.<br \/>\nManchmal besser als jede Zeitlupe.<\/p>\n<p><strong>Texte<\/strong><\/p>\n<p>Nicht ganz so langweilig, wie es klingt, gibt es doch unter Anderem einen Pressespiegel, aber auch ein paar Eigenpublikationen. Thematisch sortiert.<\/p>\n<ul>\n<li><a href=\"https:\/\/www.gladiatorenschule-berlin.rocks\/?page_id=2862\">Ausr\u00fcstungsartikel :<\/a> Kleine Selbsterfahrungsartikel, in denen einzelne Gladiatoren ihre Recherchen und Selbstveruche beschreiben, denen das letztendliche Erscheinungsbild ihrer Ausr\u00fcstung zugrunde liegt.<\/li>\n<li><a href=\"https:\/\/www.gladiatorenschule-berlin.rocks\/?page_id=2865\">\u00dcbersichten :<\/a> Geb\u00fcndelte Zusammenfassungen zu jeweils einem Thema. Als PDF und Pr\u00e4sentationstauglich, so da\u00df Sie auch in Vortr\u00e4gen einfach zu benutzen sind. Zudem fast alle alternativ auch in Englisch.<\/li>\n<li><a href=\"https:\/\/www.gladiatorenschule-berlin.rocks\/?page_id=2871\">Zivilartikel:<\/a> Eigentlich fast wie die Ausr\u00fcstungsartikel, nur halt nicht Armaturenspezifisch, sondern eher allgemein R\u00f6misch.<\/li>\n<li><a href=\"https:\/\/www.gladiatorenschule-berlin.rocks\/?page_id=1732\">Pressespigel:<\/a> Selbstverst\u00e4ndlich, wer \u00f6ffentlich auftritt, steht auch irgendwann in der Zeitung.<br \/>\nUnd wenn man artig fragt, bekommt man manchmal auch vom der Redaktion ein PDF zur verf\u00fcgung gestellt, um den Artikel ver\u00f6ffentliche zu k\u00f6nnen.<br \/>\nUnd manchmal ist man darauf angewiesen, da\u00df die Artikel m\u00f6glichst lange im Archiv der Zeitung zum Verlinken zur verf\u00fcgung stehen.<br \/>\nRundfunk und Fernsehmitschnitte sind bei den Videos zu finden.<\/li>\n<li><a href=\"https:\/\/www.gladiatorenschule-berlin.rocks\/?page_id=2867\">Humor:<\/a> Vorzugsweise lachen wir nicht \u00fcber unsere Gegner, sondern viel lieber MIT ihnen.<br \/>\nSo also ein Sammelsurium von Bildern, Memes und anderen Sachen, die wir f\u00fcr lustig halten.<\/li>\n<\/ul>\n<p><strong>Externes<\/strong><\/p>\n<p>Wir sind ja nicht die Einzigen, welche, wo sich gedanken machen tun, \u00fcber das was sie machen (tun).<\/p>\n<p>Hier zum Beispiel ein paar Gedanken zum Thema weibliche Gladiatoren von <span class=\"tojvnm2t a6sixzi8 abs2jz4q a8s20v7p t1p8iaqh k5wvi7nf q3lfd5jv pk4s997a bipmatt0 cebpdrjk qowsmv63 owwhemhu dp1hu0rb dhp61c6y iyyx5f41\">Svenja <\/span>Fabian (auch bekannt als &#8222;Medusa&#8220; vom Ludus Nemesis).<br \/>\nUrspr\u00fcnglich als Blogbeitrag zu Thema im Rahmen f\u00fcr die Veranstaltung Weibsbilder auf folgenden Websites erschienen:<br \/>\n<a href=\"https:\/\/blog.afm-oerlinghausen.de\/weibsbilder-die-weibliche-gladiatur-in-der-antike-und-moderne.html\" target=\"_blank\" rel=\"noopener\">https:\/\/blog.afm-oerlinghausen.de\/weibsbilder-die-weibliche-gladiatur-in-der-antike-und-moderne.html<\/a><br \/>\n<a href=\"https:\/\/marginalia-geschichte.de\/index.php\/2020\/03\/16\/die-weibliche-gladiatur-in-der-antike-und-moderne\/\" target=\"_blank\" rel=\"noopener\">https:\/\/marginalia-geschichte.de\/index.php\/2020\/03\/16\/die-weibliche-gladiatur-in-der-antike-und-moderne\/<\/a><br \/>\nJetzt auch bei uns <a href=\"https:\/\/www.gladiatorenschule-berlin.rocks\/wp-content\/uploads\/2021\/03\/SvenjaFabian_WeiblGladiatur_BlogbeitragV2.pdf\" target=\"_blank\" rel=\"noopener\">als PDF-Version.<\/a><\/p>\n","protected":false},"excerpt":{"rendered":"<p>Das Medium an sich ist ja lediglich ein Transportmittel f\u00fcr Information und Kommunikation. So sammeln sich im Laufe eines Ludus-Lebens in der Form von Videos, Audiomitschnitten und Texten diverse Medienschnipsel an, die wir euch nicht vorenthalten wollen. Videos Am popul\u00e4rsten sind nat\u00fcrlich die Videos. Die meisten von den bei uns pr\u00e4sentierten Videos findet Ihr auf [&hellip;]<\/p>\n","protected":false},"author":2,"featured_media":0,"parent":0,"menu_order":0,"comment_status":"closed","ping_status":"closed","template":"","meta":{"ngg_post_thumbnail":0,"footnotes":""},"class_list":["post-1689","page","type-page","status-publish","hentry"],"_links":{"self":[{"href":"https:\/\/www.gladiatorenschule-berlin.rocks\/index.php?rest_route=\/wp\/v2\/pages\/1689","targetHints":{"allow":["GET"]}}],"collection":[{"href":"https:\/\/www.gladiatorenschule-berlin.rocks\/index.php?rest_route=\/wp\/v2\/pages"}],"about":[{"href":"https:\/\/www.gladiatorenschule-berlin.rocks\/index.php?rest_route=\/wp\/v2\/types\/page"}],"author":[{"embeddable":true,"href":"https:\/\/www.gladiatorenschule-berlin.rocks\/index.php?rest_route=\/wp\/v2\/users\/2"}],"replies":[{"embeddable":true,"href":"https:\/\/www.gladiatorenschule-berlin.rocks\/index.php?rest_route=%2Fwp%2Fv2%2Fcomments&post=1689"}],"version-history":[{"count":10,"href":"https:\/\/www.gladiatorenschule-berlin.rocks\/index.php?rest_route=\/wp\/v2\/pages\/1689\/revisions"}],"predecessor-version":[{"id":4426,"href":"https:\/\/www.gladiatorenschule-berlin.rocks\/index.php?rest_route=\/wp\/v2\/pages\/1689\/revisions\/4426"}],"wp:attachment":[{"href":"https:\/\/www.gladiatorenschule-berlin.rocks\/index.php?rest_route=%2Fwp%2Fv2%2Fmedia&parent=1689"}],"curies":[{"name":"wp","href":"https:\/\/api.w.org\/{rel}","templated":true}]}}