{"id":1732,"date":"2017-06-05T17:07:57","date_gmt":"2017-06-05T15:07:57","guid":{"rendered":"http:\/\/www.gladiatorenschule-berlin.de\/?page_id=1732"},"modified":"2022-08-12T21:34:42","modified_gmt":"2022-08-12T19:34:42","slug":"pressespiegel","status":"publish","type":"page","link":"https:\/\/www.gladiatorenschule-berlin.rocks\/?page_id=1732","title":{"rendered":"Pressespiegel"},"content":{"rendered":"<p>Salve !<\/p>\n<p>Ab und an werden unsere Aktivit\u00e4ten ja auch von der Presse Wahrgenommen. Deren Berichte wollen wir euch nat\u00fcrlich nicht Vorenthalten.<\/p>\n<p>Da die Halbwertzeit von Online-Presseartikeln immer recht kurz sind, bzw. einige Medienh\u00e4user ja Regelm\u00e4\u00dfig ihre Webseite so umgestalten, da\u00df die alten Links nicht mehr funktionieren, bem\u00fchen wir uns, bei der jeweiligen Zeitung auch ein ver\u00f6ffentlichbares PDF zu bekommen.<\/p>\n<p>Hier unsere Ausbeute:<\/p>\n<p>&#8212;<\/p>\n<p>Der Besuch im Limeseum brachte uns diesen sch\u00f6nen Artikel zu unserem &#8222;Meister&#8220; Pullus&#8230;. *mecker* Ich habe ja &#8222;Lanista&#8220; nicht extra buchstabiert&#8230;<\/p>\n<p><a href=\"https:\/\/www.gladiatorenschule-berlin.rocks\/wp-content\/uploads\/2022\/08\/Zeitungsartikel_Limeseum_20220607.jpg\"><img loading=\"lazy\" decoding=\"async\" class=\"aligncenter size-large wp-image-5089\" src=\"https:\/\/www.gladiatorenschule-berlin.rocks\/wp-content\/uploads\/2022\/08\/Zeitungsartikel_Limeseum_20220607-1024x724.jpg\" alt=\"\" width=\"720\" height=\"509\" srcset=\"https:\/\/www.gladiatorenschule-berlin.rocks\/wp-content\/uploads\/2022\/08\/Zeitungsartikel_Limeseum_20220607-1024x724.jpg 1024w, https:\/\/www.gladiatorenschule-berlin.rocks\/wp-content\/uploads\/2022\/08\/Zeitungsartikel_Limeseum_20220607-300x212.jpg 300w, https:\/\/www.gladiatorenschule-berlin.rocks\/wp-content\/uploads\/2022\/08\/Zeitungsartikel_Limeseum_20220607-768x543.jpg 768w, https:\/\/www.gladiatorenschule-berlin.rocks\/wp-content\/uploads\/2022\/08\/Zeitungsartikel_Limeseum_20220607-1536x1086.jpg 1536w, https:\/\/www.gladiatorenschule-berlin.rocks\/wp-content\/uploads\/2022\/08\/Zeitungsartikel_Limeseum_20220607-720x509.jpg 720w, https:\/\/www.gladiatorenschule-berlin.rocks\/wp-content\/uploads\/2022\/08\/Zeitungsartikel_Limeseum_20220607-224x158.jpg 224w, https:\/\/www.gladiatorenschule-berlin.rocks\/wp-content\/uploads\/2022\/08\/Zeitungsartikel_Limeseum_20220607-736x520.jpg 736w, https:\/\/www.gladiatorenschule-berlin.rocks\/wp-content\/uploads\/2022\/08\/Zeitungsartikel_Limeseum_20220607-1140x806.jpg 1140w, https:\/\/www.gladiatorenschule-berlin.rocks\/wp-content\/uploads\/2022\/08\/Zeitungsartikel_Limeseum_20220607.jpg 1754w\" sizes=\"auto, (max-width: 720px) 100vw, 720px\" \/><\/a><\/p>\n<p>&#8212;<\/p>\n<p>Zu unserem Auftritt in der BGH beim Kiezfest gibt es auch ein kleinen Bericht des <a href=\"https:\/\/snnev.de\/\" target=\"_blank\" rel=\"noopener\">Spandau-Neust\u00e4dter Nachbarschaftsverein e.V.<\/a><br \/>\nDort gibt es neben den Interwiews mit den anderen Teinehmern ab Minute 9:25 auch <a href=\"https:\/\/www.youtube.com\/watch?v=WHahAALRp54\" target=\"_blank\" rel=\"noopener\">ein kleines Interview<\/a> mit Pullus und Architeuthis.<\/p>\n<p>&#8212;<\/p>\n<p>Auch zu dem <a href=\"https:\/\/www.gladiatorenschule-berlin.rocks\/?p=2436\" target=\"_blank\" rel=\"noopener noreferrer\">Gladiatorentreffen in den Niederlanden<\/a> gibt es Presseechos, wenn auch in der Sprache der Einheimischen (Hinweis: WIR waren die Ausl\u00e4nder).<\/p>\n<p><a href=\"https:\/\/www.ad.nl\/nijmegen\/de-gladiatoren-in-de-arena-in-museumpark-orientalis-gaat-het-om-de-punten~a7fbc12e\/\" target=\"_blank\" rel=\"noopener noreferrer\">Zum einem diese Hier<\/a><br \/>\n<a href=\"https:\/\/henkbaron.nl\/2019\/06\/03\/854039\/\" target=\"_blank\" rel=\"noopener noreferrer\">Oder auch Diese<\/a><\/p>\n<p>&#8212;<\/p>\n<p>Kein Beitrag der Printpresse, sondern des Radios, ein Kurzes Interwiew mit uns auf <a href=\"http:\/\/radioberlin.de\/\">Radio Berlin<\/a>, mit freundlicher Genehmigung des <a href=\"http:\/\/www.rbb-online.de\/\">RBB<\/a><\/p>\n<p><audio id=\"audio_with_controls\" src=\"https:\/\/www.gladiatorenschule-berlin.rocks\/wp-content\/uploads\/2021\/03\/mitschnitt-gladiatoren.mp3\" controls=\"controls\">&#8212;<\/p>\n<p><a href=\"https:\/\/www.gladiatorenschule-berlin.rocks\/wp-content\/uploads\/2021\/03\/NK-Ro\u0308mertag-GCE-2018-klein.jpg\" target=\"blank\" rel=\"noopener\"><img loading=\"lazy\" decoding=\"async\" src=\"https:\/\/www.gladiatorenschule-berlin.rocks\/wp-content\/uploads\/2021\/03\/NK-Ro\u0308mertag-GCE-2018-klein.jpg\" alt=\"\" width=\"720\" height=\"704\" class=\"aligncenter size-large wp-image-1992\" \/><\/a><\/p>\n<p><a href=\"https:\/\/www.gladiatorenschule-berlin.rocks\/wp-content\/uploads\/2021\/03\/FZ-Ro\u0308mertag-GCE_31.01.2018.jpg\"><img loading=\"lazy\" decoding=\"async\" src=\"https:\/\/www.gladiatorenschule-berlin.rocks\/wp-content\/uploads\/2021\/03\/FZ-Ro\u0308mertag-GCE_31.01.2018.jpg\" alt=\"\" width=\"720\" height=\"923\" class=\"aligncenter size-large wp-image-1990\" \/><\/a> 2018 Bareuth, R\u00f6mertag GCE, Vorank\u00fcndigung<\/p>\n<p>&#8212;<\/p>\n<figure id=\"attachment_1733\" aria-describedby=\"caption-attachment-1733\" style=\"width: 720px\" class=\"wp-caption aligncenter\"><a href=\"https:\/\/www.gladiatorenschule-berlin.rocks\/wp-content\/uploads\/2021\/03\/Artikel_Luetjenburg.jpg\"><img loading=\"lazy\" decoding=\"async\" src=\"https:\/\/www.gladiatorenschule-berlin.rocks\/wp-content\/uploads\/2021\/03\/Artikel_Luetjenburg.jpg\" alt=\"\" width=\"720\" height=\"524\" class=\"size-large wp-image-1733\" \/><\/a><figcaption id=\"caption-attachment-1733\" class=\"wp-caption-text\">18.05.2015 &#8211; Luetjenburg \/<\/figcaption><\/figure>\n<p>&#8212;<\/p>\n<p>Von der Stimme.de findet man in der Tat noch den kompletten Artikel zur <a href=\"http:\/\/www.stimme.de\/hohenlohe\/laga16\/Pugnate-Gladiatores;art134083,3635101\">Landesgartenschau in \u00d6hringen 2016<\/a>, ebenso eine h\u00fcbsche <a href=\"http:\/\/www.stimme.de\/service\/bilder\/Landesgartenschau-Roemerfest-15-5;cme138809,2763822\">Galerie dazu.<\/a><\/p>\n<figure id=\"attachment_1738\" aria-describedby=\"caption-attachment-1738\" style=\"width: 695px\" class=\"wp-caption aligncenter\"><a href=\"https:\/\/www.gladiatorenschule-berlin.rocks\/wp-content\/uploads\/2021\/03\/Ro\u0308mer_ArtikeL_Oehringen_lang.jpg\"><img loading=\"lazy\" decoding=\"async\" src=\"https:\/\/www.gladiatorenschule-berlin.rocks\/wp-content\/uploads\/2021\/03\/Ro\u0308mer_ArtikeL_Oehringen_lang.jpg\" alt=\"\" width=\"695\" height=\"1024\" class=\"size-large wp-image-1738\" \/><\/a><figcaption id=\"caption-attachment-1738\" class=\"wp-caption-text\">LAGA 1016 \u00d6hringen \/ Der f\u00fcr die Webseite zur direkten Einbindung freigegebene Artikel.<\/figcaption><\/figure>\n<p>&#8212;<\/p>\n<p>Und wenn auch kein offizielles Presseorgan, so doch immerhin ein Bericht vom <a href=\"https:\/\/gce-bayreuth.de\/aktuelles\/neuigkeiten\/2016-02-11\/r%C3%B6mertag-2016\">R\u00f6mertag 2016 des GCE Bayreuth<\/a>.<\/p>\n<p><\/audio><\/p>\n","protected":false},"excerpt":{"rendered":"<p>Salve ! Ab und an werden unsere Aktivit\u00e4ten ja auch von der Presse Wahrgenommen. Deren Berichte wollen wir euch nat\u00fcrlich nicht Vorenthalten. Da die Halbwertzeit von Online-Presseartikeln immer recht kurz sind, bzw. einige Medienh\u00e4user ja Regelm\u00e4\u00dfig ihre Webseite so umgestalten, da\u00df die alten Links nicht mehr funktionieren, bem\u00fchen wir uns, bei der jeweiligen Zeitung auch [&hellip;]<\/p>\n","protected":false},"author":2,"featured_media":0,"parent":1689,"menu_order":0,"comment_status":"closed","ping_status":"closed","template":"","meta":{"ngg_post_thumbnail":0,"footnotes":""},"class_list":["post-1732","page","type-page","status-publish","hentry"],"_links":{"self":[{"href":"https:\/\/www.gladiatorenschule-berlin.rocks\/index.php?rest_route=\/wp\/v2\/pages\/1732","targetHints":{"allow":["GET"]}}],"collection":[{"href":"https:\/\/www.gladiatorenschule-berlin.rocks\/index.php?rest_route=\/wp\/v2\/pages"}],"about":[{"href":"https:\/\/www.gladiatorenschule-berlin.rocks\/index.php?rest_route=\/wp\/v2\/types\/page"}],"author":[{"embeddable":true,"href":"https:\/\/www.gladiatorenschule-berlin.rocks\/index.php?rest_route=\/wp\/v2\/users\/2"}],"replies":[{"embeddable":true,"href":"https:\/\/www.gladiatorenschule-berlin.rocks\/index.php?rest_route=%2Fwp%2Fv2%2Fcomments&post=1732"}],"version-history":[{"count":10,"href":"https:\/\/www.gladiatorenschule-berlin.rocks\/index.php?rest_route=\/wp\/v2\/pages\/1732\/revisions"}],"predecessor-version":[{"id":5090,"href":"https:\/\/www.gladiatorenschule-berlin.rocks\/index.php?rest_route=\/wp\/v2\/pages\/1732\/revisions\/5090"}],"up":[{"embeddable":true,"href":"https:\/\/www.gladiatorenschule-berlin.rocks\/index.php?rest_route=\/wp\/v2\/pages\/1689"}],"wp:attachment":[{"href":"https:\/\/www.gladiatorenschule-berlin.rocks\/index.php?rest_route=%2Fwp%2Fv2%2Fmedia&parent=1732"}],"curies":[{"name":"wp","href":"https:\/\/api.w.org\/{rel}","templated":true}]}}