{"id":1743,"date":"2017-06-05T17:25:36","date_gmt":"2017-06-05T15:25:36","guid":{"rendered":"http:\/\/www.gladiatorenschule-berlin.de\/?page_id=1743"},"modified":"2022-03-22T13:36:14","modified_gmt":"2022-03-22T12:36:14","slug":"downloads","status":"publish","type":"page","link":"https:\/\/www.gladiatorenschule-berlin.rocks\/?page_id=1743","title":{"rendered":"Downloads"},"content":{"rendered":"<p>Salve !<\/p>\n<p>Da wir gerne einige Dokumente mit euch teilen w\u00fcrden, die zum direkten Einbinden zu gro\u00df oder zu umst\u00e4ndlich sind, haben wir hier einen Bereich zum direkten Herunterladen eingerichtet.<\/p>\n<p>Viel Spa\u00df!<\/p>\n<ul>\n<li>Eine englischsprachige <a href=\"https:\/\/www.gladiatorenschule-berlin.rocks\/?attachment_id=4906\" rel=\"noopener\" target=\"_blank\">\u00dcbersicht gladiatorischer Begriffe<\/a><\/li>\n<li>Eine \u00dcbersicht \u00fcber <a href=\"https:\/\/www.gladiatorenschule-berlin.rocks\/wp-content\/uploads\/2021\/03\/U\u0308bersichtRetiariusDE.pdf\" target=\"_blank\" rel=\"noopener noreferrer\">Herkunft und Werdegang des Retiarius<\/a> als deutschsprachiges PDF<\/li>\n<li>A overview about the <a href=\"https:\/\/www.academia.edu\/44377861\/Overview_Retiarius_ENG\" target=\"_blank\" rel=\"noopener noreferrer\">origin an the development of the Retiarius<\/a> as english PDF<\/li>\n<li>Der <a href=\"http:\/\/www.gladiatorenschule-berlin.de\/wp-content\/uploads\/2017\/06\/Ro\u0308mer_ArtikeL_Oehringen_lang.pdf\" target=\"_blank\" rel=\"noopener noreferrer\">Presseartikel zu \u00d6hringen<\/a> in voller Pracht als PDF<\/li>\n<li>Eine <a href=\"http:\/\/www.gladiatorenschule-berlin.de\/wp-content\/uploads\/2017\/06\/Zeitlinie-GladiaturDE.png\" target=\"_blank\" rel=\"noopener noreferrer\">Zeitleiste der Gladiatur<\/a>, Graphisch umgesetzt von unserem Architheutis<\/li>\n<li>A <a href=\"http:\/\/www.gladiatorenschule-berlin.de\/wp-content\/uploads\/2017\/06\/Zeitlinie-GladiaturEng.png\" target=\"_blank\" rel=\"noopener noreferrer\">Timeline for Gladiators<\/a>, das Gleiche wie Oben, nur in Angels\u00e4chsich<\/li>\n<li>Eine <a href=\"https:\/\/www.gladiatorenschule-berlin.rocks\/wp-content\/uploads\/2021\/03\/Infomappe_Gladiatores_Berolinenses_21.pdf\" target=\"_blank\" rel=\"noopener noreferrer\">Infomappe \/ Bewerbungsmappe \/ Portfolio<\/a> der Berliner Gladiatorenschule (das sind wir!)<\/li>\n<li>Ein <a href=\"https:\/\/www.gladiatorenschule-berlin.rocks\/wp-content\/uploads\/2021\/03\/Thraex-Manual.pdf\">Handbuch f\u00fcr Thraker<\/a>. Diesmal am St\u00fcck in voller l\u00e4nge.<\/li>\n<li>Eine kleine <a href=\"http:\/\/www.gladiatorenschule-berlin.de\/wp-content\/uploads\/2018\/04\/U\u0308bersichtPaarungenDE.pdf\">\u00dcbersicht der m\u00f6glichen Gladiatorpaaarungen<\/a>, erarbeitet auf Grundlage von Reliefs, Mosaiken und Wandkritzeleien.<\/li>\n<li>A little overview <a href=\"https:\/\/www.academia.edu\/44351456\/Overview_Paarungen_ENG\">of all gladiator pairings<\/a>, we could find visual evidence for..<br \/>\nAlso, das Gleiche wie oben, nur in Angels\u00e4chsich<\/li>\n<li>Eine \u00dcbersicht der verschiedene Helmtypen <a href=\"http:\/\/www.gladiatorenschule-berlin.de\/wp-content\/uploads\/2018\/06\/U\u0308bersichtHelmeDE.pdf\">in Deutsch<\/a><\/li>\n<li>Helmets, sorted by Armatura and timeline <a href=\"https:\/\/www.academia.edu\/44375077\/Gladiator_helmet_overview_ENG\">in Angels\u00e4chsisch<\/a><\/li>\n<\/ul>\n","protected":false},"excerpt":{"rendered":"<p>Salve ! Da wir gerne einige Dokumente mit euch teilen w\u00fcrden, die zum direkten Einbinden zu gro\u00df oder zu umst\u00e4ndlich sind, haben wir hier einen Bereich zum direkten Herunterladen eingerichtet. Viel Spa\u00df! Eine englischsprachige \u00dcbersicht gladiatorischer Begriffe Eine \u00dcbersicht \u00fcber Herkunft und Werdegang des Retiarius als deutschsprachiges PDF A overview about the origin an the [&hellip;]<\/p>\n","protected":false},"author":2,"featured_media":0,"parent":1689,"menu_order":0,"comment_status":"closed","ping_status":"closed","template":"","meta":{"ngg_post_thumbnail":0,"footnotes":""},"class_list":["post-1743","page","type-page","status-publish","hentry"],"_links":{"self":[{"href":"https:\/\/www.gladiatorenschule-berlin.rocks\/index.php?rest_route=\/wp\/v2\/pages\/1743","targetHints":{"allow":["GET"]}}],"collection":[{"href":"https:\/\/www.gladiatorenschule-berlin.rocks\/index.php?rest_route=\/wp\/v2\/pages"}],"about":[{"href":"https:\/\/www.gladiatorenschule-berlin.rocks\/index.php?rest_route=\/wp\/v2\/types\/page"}],"author":[{"embeddable":true,"href":"https:\/\/www.gladiatorenschule-berlin.rocks\/index.php?rest_route=\/wp\/v2\/users\/2"}],"replies":[{"embeddable":true,"href":"https:\/\/www.gladiatorenschule-berlin.rocks\/index.php?rest_route=%2Fwp%2Fv2%2Fcomments&post=1743"}],"version-history":[{"count":7,"href":"https:\/\/www.gladiatorenschule-berlin.rocks\/index.php?rest_route=\/wp\/v2\/pages\/1743\/revisions"}],"predecessor-version":[{"id":4907,"href":"https:\/\/www.gladiatorenschule-berlin.rocks\/index.php?rest_route=\/wp\/v2\/pages\/1743\/revisions\/4907"}],"up":[{"embeddable":true,"href":"https:\/\/www.gladiatorenschule-berlin.rocks\/index.php?rest_route=\/wp\/v2\/pages\/1689"}],"wp:attachment":[{"href":"https:\/\/www.gladiatorenschule-berlin.rocks\/index.php?rest_route=%2Fwp%2Fv2%2Fmedia&parent=1743"}],"curies":[{"name":"wp","href":"https:\/\/api.w.org\/{rel}","templated":true}]}}