{"id":1981,"date":"2018-03-13T20:40:05","date_gmt":"2018-03-13T18:40:05","guid":{"rendered":"http:\/\/www.gladiatorenschule-berlin.de\/?page_id=1981"},"modified":"2018-03-13T20:40:05","modified_gmt":"2018-03-13T18:40:05","slug":"schwertkaempfertreffen-zu-bernau-2018","status":"publish","type":"page","link":"https:\/\/www.gladiatorenschule-berlin.rocks\/?page_id=1981","title":{"rendered":"Schwertk\u00e4mpfertreffen zu Bernau 2018"},"content":{"rendered":"<p>Seid gegr\u00fc\u00dft, Freunde der seichten Sportunterhaltung !<\/p>\n<p>Das Schwertk\u00e4mpfertreffen zu Bernau haben wir weitestgehend ohne Blessuren hinter uns gelassen, udn zur belohnugn gibt&#8217;s f\u00fcr euch auch ein paar Videos:<\/p>\n<p><iframe loading=\"lazy\" src=\"https:\/\/www.youtube.com\/embed\/hqRGXRvoEF4\" allow=\"autoplay; encrypted-media\" allowfullscreen=\"\" width=\"560\" height=\"315\" frameborder=\"0\"><\/iframe><br \/>\n<del datetime=\"2018-03-13T18:32:01+00:00\">Schlammcatchen<\/del> Kampf zweier Weiblicher Gladiatoren<\/p>\n<p><iframe loading=\"lazy\" src=\"https:\/\/www.youtube.com\/embed\/6yMiuG6ORWk\" allow=\"autoplay; encrypted-media\" allowfullscreen=\"\" width=\"560\" height=\"315\" frameborder=\"0\"><\/iframe><br \/>\nDer Secutor macht seinem Namen alle Ehre<\/p>\n<p><iframe loading=\"lazy\" src=\"https:\/\/www.youtube.com\/embed\/95TwSBF6KlY\" allow=\"autoplay; encrypted-media\" allowfullscreen=\"\" width=\"560\" height=\"315\" frameborder=\"0\"><\/iframe><br \/>\nEin Secutor als Murmillo getarnt<\/p>\n<p><iframe loading=\"lazy\" src=\"https:\/\/www.youtube.com\/embed\/BvEgoi0fBpg\" allow=\"autoplay; encrypted-media\" allowfullscreen=\"\" width=\"560\" height=\"315\" frameborder=\"0\"><\/iframe><br \/>\nBei den Voll ausgebildeten Gladiatoren ist dann etwas mehr Druck (Teil 1)<\/p>\n<p><iframe loading=\"lazy\" src=\"https:\/\/www.youtube.com\/embed\/oWTW1s8TDYE\" allow=\"autoplay; encrypted-media\" allowfullscreen=\"\" width=\"560\" height=\"315\" frameborder=\"0\"><\/iframe><br \/>\nUnd Teil 2<\/p>\n","protected":false},"excerpt":{"rendered":"<p>Seid gegr\u00fc\u00dft, Freunde der seichten Sportunterhaltung ! Das Schwertk\u00e4mpfertreffen zu Bernau haben wir weitestgehend ohne Blessuren hinter uns gelassen, udn zur belohnugn gibt&#8217;s f\u00fcr euch auch ein paar Videos: Schlammcatchen Kampf zweier Weiblicher Gladiatoren Der Secutor macht seinem Namen alle Ehre Ein Secutor als Murmillo getarnt Bei den Voll ausgebildeten Gladiatoren ist dann etwas mehr [&hellip;]<\/p>\n","protected":false},"author":2,"featured_media":0,"parent":298,"menu_order":0,"comment_status":"closed","ping_status":"closed","template":"","meta":{"ngg_post_thumbnail":0,"footnotes":""},"class_list":["post-1981","page","type-page","status-publish","hentry"],"_links":{"self":[{"href":"https:\/\/www.gladiatorenschule-berlin.rocks\/index.php?rest_route=\/wp\/v2\/pages\/1981","targetHints":{"allow":["GET"]}}],"collection":[{"href":"https:\/\/www.gladiatorenschule-berlin.rocks\/index.php?rest_route=\/wp\/v2\/pages"}],"about":[{"href":"https:\/\/www.gladiatorenschule-berlin.rocks\/index.php?rest_route=\/wp\/v2\/types\/page"}],"author":[{"embeddable":true,"href":"https:\/\/www.gladiatorenschule-berlin.rocks\/index.php?rest_route=\/wp\/v2\/users\/2"}],"replies":[{"embeddable":true,"href":"https:\/\/www.gladiatorenschule-berlin.rocks\/index.php?rest_route=%2Fwp%2Fv2%2Fcomments&post=1981"}],"version-history":[{"count":0,"href":"https:\/\/www.gladiatorenschule-berlin.rocks\/index.php?rest_route=\/wp\/v2\/pages\/1981\/revisions"}],"up":[{"embeddable":true,"href":"https:\/\/www.gladiatorenschule-berlin.rocks\/index.php?rest_route=\/wp\/v2\/pages\/298"}],"wp:attachment":[{"href":"https:\/\/www.gladiatorenschule-berlin.rocks\/index.php?rest_route=%2Fwp%2Fv2%2Fmedia&parent=1981"}],"curies":[{"name":"wp","href":"https:\/\/api.w.org\/{rel}","templated":true}]}}