{"id":2243,"date":"2019-02-06T19:26:04","date_gmt":"2019-02-06T17:26:04","guid":{"rendered":"http:\/\/www.gladiatorenschule-berlin.de\/?page_id=2243"},"modified":"2019-02-06T19:26:04","modified_gmt":"2019-02-06T17:26:04","slug":"roemertage-gce-bayreuth","status":"publish","type":"page","link":"https:\/\/www.gladiatorenschule-berlin.rocks\/?page_id=2243","title":{"rendered":"R\u00f6mertage GCE Bayreuth"},"content":{"rendered":"<p>So, die Videos aus Bayreuth sind auch online.<\/p>\n<p>Leider gibt es keine Helmkameravideos. Wir hatten diese zwar dabei, aber es gab ein kleines Problem. Schade eigentlich.<\/p>\n<p>Aber da\u00fcr hatten wir zwei Kamera-Sklavinnen, die die K\u00e4mpfe von zwei Seiten aus filmen konnten, so da\u00df es von jedem Kampf zwei Videos gibt, und jeder sich die verdeckten Treffer auch mal von der &#8222;anderen Seite&#8220; aus ansehen kann.<\/p>\n<p><strong>Er\u00f6ffnungskampf, Ursus gegen Germanicus:<\/strong><\/p>\n<p><iframe loading=\"lazy\" width=\"560\" height=\"315\" src=\"https:\/\/www.youtube.com\/embed\/wbwcm1VNmtY\" frameborder=\"0\" allow=\"accelerometer; autoplay; encrypted-media; gyroscope; picture-in-picture\" allowfullscreen><\/iframe><br \/>\nKomplett mit Pompa.<\/p>\n<p><iframe loading=\"lazy\" width=\"560\" height=\"315\" src=\"https:\/\/www.youtube.com\/embed\/h3kOqOnyWoA\" frameborder=\"0\" allow=\"accelerometer; autoplay; encrypted-media; gyroscope; picture-in-picture\" allowfullscreen><\/iframe><br \/>\nUnd aus der anderen Perspektive, nur diesmal ohne Einmarsch.<\/p>\n<p><strong>2. Kampf, Pullus gegen Mons<\/strong><\/p>\n<p><iframe loading=\"lazy\" width=\"560\" height=\"315\" src=\"https:\/\/www.youtube.com\/embed\/29Bn79m8RFs\" frameborder=\"0\" allow=\"accelerometer; autoplay; encrypted-media; gyroscope; picture-in-picture\" allowfullscreen><\/iframe><br \/>\nMit Vorstellung der Armaturen<\/p>\n<p><iframe loading=\"lazy\" width=\"560\" height=\"315\" src=\"https:\/\/www.youtube.com\/embed\/FAiO0WSqx_w\" frameborder=\"0\" allow=\"accelerometer; autoplay; encrypted-media; gyroscope; picture-in-picture\" allowfullscreen><\/iframe><br \/>\nOhne Gerede, gleich in den Kampf<\/p>\n<p><strong>Spitzekampf: Architeuthis gegen Pumilus<\/strong><\/p>\n<p><iframe loading=\"lazy\" width=\"560\" height=\"315\" src=\"https:\/\/www.youtube.com\/embed\/xt-UjCR1Xn0\" frameborder=\"0\" allow=\"accelerometer; autoplay; encrypted-media; gyroscope; picture-in-picture\" allowfullscreen><\/iframe><br \/>\nPerspektive 1, wieder mit Erkl\u00e4rungen<\/p>\n<p><iframe loading=\"lazy\" width=\"560\" height=\"315\" src=\"https:\/\/www.youtube.com\/embed\/i0yDhaJ1ZUA\" frameborder=\"0\" allow=\"accelerometer; autoplay; encrypted-media; gyroscope; picture-in-picture\" allowfullscreen><\/iframe><br \/>\nPerspektive 2, ohen viel Schnackeln<\/p>\n<p><strong>Bonuskampf der Publikumslieblinge: Pullus gegen Architeuthis<\/strong><\/p>\n<p><iframe loading=\"lazy\" width=\"560\" height=\"315\" src=\"https:\/\/www.youtube.com\/embed\/n9Yx0p5kxVM\" frameborder=\"0\" allow=\"accelerometer; autoplay; encrypted-media; gyroscope; picture-in-picture\" allowfullscreen><\/iframe><br \/>\nKomplett mit Auswahlprozedere<\/p>\n<p><iframe loading=\"lazy\" width=\"560\" height=\"315\" src=\"https:\/\/www.youtube.com\/embed\/cLHJkag2iOM\" frameborder=\"0\" allow=\"accelerometer; autoplay; encrypted-media; gyroscope; picture-in-picture\" allowfullscreen><\/iframe><br \/>\nAuch hier: Perspektive 2, nur der Kampf<\/p>\n<p><strong>Die Nachwuchsgladiatoren:<\/strong><\/p>\n<p><iframe loading=\"lazy\" width=\"560\" height=\"315\" src=\"https:\/\/www.youtube.com\/embed\/i_C_XUFv75k\" frameborder=\"0\" allow=\"accelerometer; autoplay; encrypted-media; gyroscope; picture-in-picture\" allowfullscreen><\/iframe><\/p>\n<p><iframe loading=\"lazy\" width=\"560\" height=\"315\" src=\"https:\/\/www.youtube.com\/embed\/623KSO7VQxU\" frameborder=\"0\" allow=\"accelerometer; autoplay; encrypted-media; gyroscope; picture-in-picture\" allowfullscreen><\/iframe><\/p>\n","protected":false},"excerpt":{"rendered":"<p>So, die Videos aus Bayreuth sind auch online. Leider gibt es keine Helmkameravideos. Wir hatten diese zwar dabei, aber es gab ein kleines Problem. Schade eigentlich. Aber da\u00fcr hatten wir zwei Kamera-Sklavinnen, die die K\u00e4mpfe von zwei Seiten aus filmen konnten, so da\u00df es von jedem Kampf zwei Videos gibt, und jeder sich die verdeckten [&hellip;]<\/p>\n","protected":false},"author":2,"featured_media":0,"parent":298,"menu_order":0,"comment_status":"closed","ping_status":"closed","template":"","meta":{"ngg_post_thumbnail":0,"footnotes":""},"class_list":["post-2243","page","type-page","status-publish","hentry"],"_links":{"self":[{"href":"https:\/\/www.gladiatorenschule-berlin.rocks\/index.php?rest_route=\/wp\/v2\/pages\/2243","targetHints":{"allow":["GET"]}}],"collection":[{"href":"https:\/\/www.gladiatorenschule-berlin.rocks\/index.php?rest_route=\/wp\/v2\/pages"}],"about":[{"href":"https:\/\/www.gladiatorenschule-berlin.rocks\/index.php?rest_route=\/wp\/v2\/types\/page"}],"author":[{"embeddable":true,"href":"https:\/\/www.gladiatorenschule-berlin.rocks\/index.php?rest_route=\/wp\/v2\/users\/2"}],"replies":[{"embeddable":true,"href":"https:\/\/www.gladiatorenschule-berlin.rocks\/index.php?rest_route=%2Fwp%2Fv2%2Fcomments&post=2243"}],"version-history":[{"count":0,"href":"https:\/\/www.gladiatorenschule-berlin.rocks\/index.php?rest_route=\/wp\/v2\/pages\/2243\/revisions"}],"up":[{"embeddable":true,"href":"https:\/\/www.gladiatorenschule-berlin.rocks\/index.php?rest_route=\/wp\/v2\/pages\/298"}],"wp:attachment":[{"href":"https:\/\/www.gladiatorenschule-berlin.rocks\/index.php?rest_route=%2Fwp%2Fv2%2Fmedia&parent=2243"}],"curies":[{"name":"wp","href":"https:\/\/api.w.org\/{rel}","templated":true}]}}