{"id":2719,"date":"2020-02-03T22:14:07","date_gmt":"2020-02-03T20:14:07","guid":{"rendered":"http:\/\/www.gladiatorenschule-berlin.de\/?page_id=2719"},"modified":"2020-02-03T22:14:07","modified_gmt":"2020-02-03T20:14:07","slug":"roemertage-gce-bayreuth-2020","status":"publish","type":"page","link":"https:\/\/www.gladiatorenschule-berlin.rocks\/?page_id=2719","title":{"rendered":"R\u00f6mertage GCE Bayreuth 2020"},"content":{"rendered":"<p>Und auch dazu gibt es Videos.<\/p>\n<p>Dann braucht Ihr euch von uns nicht immer erz\u00e4hlen lassen, wie toll die Stimmung da ist, sondern k\u00f6nnt dies auch selbst beurteilen \ud83d\ude09<\/p>\n<p>Naja, die Pompa spare ich euch, aber die K\u00e4mpfe zeigen wir in voller Pracht.<\/p>\n<p><strong>Externe Kamera<\/strong> dank tatkr\u00e4ftiger Unterst\u00fctzung eines ortsans\u00e4ssigen Freiwilligen.<\/p>\n<p><iframe loading=\"lazy\" width=\"560\" height=\"315\" src=\"https:\/\/www.youtube.com\/embed\/_7Zglsdcfr0\" frameborder=\"0\" allow=\"accelerometer; autoplay; encrypted-media; gyroscope; picture-in-picture\" allowfullscreen><\/iframe><br \/>\nEinheizerkampf unserer neuen Tiros. Ca. 3\/4 Jahr Training gegen ca. nicht ganz 1\/2 Jahr training.<\/p>\n<p><iframe loading=\"lazy\" width=\"560\" height=\"315\" src=\"https:\/\/www.youtube.com\/embed\/a5Br_q2CW7w\" frameborder=\"0\" allow=\"accelerometer; autoplay; encrypted-media; gyroscope; picture-in-picture\" allowfullscreen><\/iframe><br \/>\nUnd hier ein erfahrener Tiro gegen eine voll ausgebildete Gladiatrix.<\/p>\n<p><iframe loading=\"lazy\" width=\"560\" height=\"315\" src=\"https:\/\/www.youtube.com\/embed\/GiKtPIJc4Y0\" frameborder=\"0\" allow=\"accelerometer; autoplay; encrypted-media; gyroscope; picture-in-picture\" allowfullscreen><\/iframe><br \/>\nRetiarius gegen Secutor, eine der beliebtetsen Paarungen der alten R\u00f6mer. Und auch Ludus-Intern ist Architeuthis gegen Ursus ein Klassiker. Der L\u00e4ngste Kampf des Abends.<\/p>\n<p><iframe loading=\"lazy\" width=\"560\" height=\"315\" src=\"https:\/\/www.youtube.com\/embed\/TTu2_L6ynlQ\" frameborder=\"0\" allow=\"accelerometer; autoplay; encrypted-media; gyroscope; picture-in-picture\" allowfullscreen><\/iframe><br \/>\nUnd noch ein Sonderkampf. Germanicus ist damit kein Tiro mehr, sondern voll ausgebildeter Gladiator.<\/p>\n<p><strong>Helmkamera<\/strong> bevorzugt eingesetzt zur internen Fehleranalyse<\/p>\n<p><iframe loading=\"lazy\" width=\"560\" height=\"315\" src=\"https:\/\/www.youtube.com\/embed\/G69pXuE-_Ls\" frameborder=\"0\" allow=\"accelerometer; autoplay; encrypted-media; gyroscope; picture-in-picture\" allowfullscreen><\/iframe><br \/>\nSehr sch\u00f6n zu erkennen, wie der Reti versucht, den Secutor schwindlig zu laufen.<\/p>\n<p><iframe loading=\"lazy\" width=\"560\" height=\"315\" src=\"https:\/\/www.youtube.com\/embed\/TACysY7kGDU\" frameborder=\"0\" allow=\"accelerometer; autoplay; encrypted-media; gyroscope; picture-in-picture\" allowfullscreen><\/iframe><br \/>\nWer sieht die L\u00fccken in der Deckung von Lupus ?<\/p>\n<p><iframe loading=\"lazy\" width=\"560\" height=\"315\" src=\"https:\/\/www.youtube.com\/embed\/KI0isrjIfMU\" frameborder=\"0\" allow=\"accelerometer; autoplay; encrypted-media; gyroscope; picture-in-picture\" allowfullscreen><\/iframe><br \/>\nUnd der Tirokampf. Sehr sch\u00f6ne Deckungsarbeit mit dem Schild, aber das Ungest\u00fcm m\u00fcssen wir noch raustrainieren.<\/p>\n","protected":false},"excerpt":{"rendered":"<p>Und auch dazu gibt es Videos. Dann braucht Ihr euch von uns nicht immer erz\u00e4hlen lassen, wie toll die Stimmung da ist, sondern k\u00f6nnt dies auch selbst beurteilen \ud83d\ude09 Naja, die Pompa spare ich euch, aber die K\u00e4mpfe zeigen wir in voller Pracht. Externe Kamera dank tatkr\u00e4ftiger Unterst\u00fctzung eines ortsans\u00e4ssigen Freiwilligen. Einheizerkampf unserer neuen Tiros. [&hellip;]<\/p>\n","protected":false},"author":2,"featured_media":0,"parent":298,"menu_order":0,"comment_status":"closed","ping_status":"closed","template":"","meta":{"ngg_post_thumbnail":0,"footnotes":""},"class_list":["post-2719","page","type-page","status-publish","hentry"],"_links":{"self":[{"href":"https:\/\/www.gladiatorenschule-berlin.rocks\/index.php?rest_route=\/wp\/v2\/pages\/2719","targetHints":{"allow":["GET"]}}],"collection":[{"href":"https:\/\/www.gladiatorenschule-berlin.rocks\/index.php?rest_route=\/wp\/v2\/pages"}],"about":[{"href":"https:\/\/www.gladiatorenschule-berlin.rocks\/index.php?rest_route=\/wp\/v2\/types\/page"}],"author":[{"embeddable":true,"href":"https:\/\/www.gladiatorenschule-berlin.rocks\/index.php?rest_route=\/wp\/v2\/users\/2"}],"replies":[{"embeddable":true,"href":"https:\/\/www.gladiatorenschule-berlin.rocks\/index.php?rest_route=%2Fwp%2Fv2%2Fcomments&post=2719"}],"version-history":[{"count":0,"href":"https:\/\/www.gladiatorenschule-berlin.rocks\/index.php?rest_route=\/wp\/v2\/pages\/2719\/revisions"}],"up":[{"embeddable":true,"href":"https:\/\/www.gladiatorenschule-berlin.rocks\/index.php?rest_route=\/wp\/v2\/pages\/298"}],"wp:attachment":[{"href":"https:\/\/www.gladiatorenschule-berlin.rocks\/index.php?rest_route=%2Fwp%2Fv2%2Fmedia&parent=2719"}],"curies":[{"name":"wp","href":"https:\/\/api.w.org\/{rel}","templated":true}]}}