{"id":2765,"date":"2020-03-22T07:40:00","date_gmt":"2020-03-22T05:40:00","guid":{"rendered":"http:\/\/www.gladiatorenschule-berlin.de\/?page_id=2765"},"modified":"2025-09-10T21:02:38","modified_gmt":"2025-09-10T19:02:38","slug":"ambiora","status":"publish","type":"page","link":"https:\/\/www.gladiatorenschule-berlin.rocks\/?page_id=2765","title":{"rendered":"Ambiora"},"content":{"rendered":"<p>Salvete!<\/p>\n<p>Ich bin ganz neu bei der Gladiatur dabei und k\u00e4mpfe als Murmillo.<br \/>\nMeine Ausr\u00fcstung ist also ein Scutum (Gro\u00dfschild), ein Gladius (Kurzschwert), eine Manica, eine Ocrea (Beinschiene) und nat\u00fcrlich einen Helm.<br \/>\nMeine historischen Gegner sind der Thraker, der Hoplomachus oder vor der Entstehung des Secutors der Retiarius, im Osten des Reiches auch mal der Provocator.<\/p>\n<p>Frauen in der Arena waren den R\u00f6mern nicht unbekannt. Ihre Existenz wurde uns durch ein paar schriftliche Quellen, Gesetzestexte aber auch durch ein Relief aus Halicarnassus \u00fcberliefert. Sie strahlten in der Arena Luxus und Exotik aus, da die R\u00f6mer k\u00e4mpfende Frauen nur aus fernen Kulturen kannten. In einer Gesellschaft, in der eine ehrenhafte Frau von Kopf bis Fu\u00df bedeckt aus dem Haus gehen musste, waren sie wie ihre m\u00e4nnlichen Kollegen sehr erotische Figuren. Auch wenn die meisten k\u00e4mpfenden Frauen aus den Unterschichten kamen, wurde die weibliche Gladiatur um die Ehre der Patrizierinnen zu bewahren 200 n.Chr. vom Kaiser Steptimus Severus verboten (Cassius Dio 76.16).<\/p>\n<p>Wie mein Namenspatron, komme ich aus den exotischen W\u00e4ldern Belgiens.<br \/>\nAuch ohne gro\u00dfe Kampferfahrung lehne ich nie einen Kampf ab und freue mich auf jede Herausforderung.<br \/>\nMan nennt die Belgier ja nicht umsonst das tapferste Volk Galliens!<\/p>\n<p><a href=\"https:\/\/www.gladiatorenschule-berlin.rocks\/wp-content\/uploads\/2024\/09\/Gladiatorenmeisterschaft2024_Leif-ErikHeine52.jpg\"><img loading=\"lazy\" decoding=\"async\" class=\"aligncenter size-medium wp-image-6027\" src=\"https:\/\/www.gladiatorenschule-berlin.rocks\/wp-content\/uploads\/2024\/09\/Gladiatorenmeisterschaft2024_Leif-ErikHeine52-300x200.jpg\" alt=\"\" width=\"300\" height=\"200\" srcset=\"https:\/\/www.gladiatorenschule-berlin.rocks\/wp-content\/uploads\/2024\/09\/Gladiatorenmeisterschaft2024_Leif-ErikHeine52-300x200.jpg 300w, https:\/\/www.gladiatorenschule-berlin.rocks\/wp-content\/uploads\/2024\/09\/Gladiatorenmeisterschaft2024_Leif-ErikHeine52-768x512.jpg 768w, https:\/\/www.gladiatorenschule-berlin.rocks\/wp-content\/uploads\/2024\/09\/Gladiatorenmeisterschaft2024_Leif-ErikHeine52-720x480.jpg 720w, https:\/\/www.gladiatorenschule-berlin.rocks\/wp-content\/uploads\/2024\/09\/Gladiatorenmeisterschaft2024_Leif-ErikHeine52-224x149.jpg 224w, https:\/\/www.gladiatorenschule-berlin.rocks\/wp-content\/uploads\/2024\/09\/Gladiatorenmeisterschaft2024_Leif-ErikHeine52-780x520.jpg 780w, https:\/\/www.gladiatorenschule-berlin.rocks\/wp-content\/uploads\/2024\/09\/Gladiatorenmeisterschaft2024_Leif-ErikHeine52.jpg 990w\" sizes=\"auto, (max-width: 300px) 100vw, 300px\" \/><\/a><\/p>\n<p>Als ganz Neue bin ich inzwischen deutsche MeisterIn der Murmillos. \ud83d\ude09<\/p>\n","protected":false},"excerpt":{"rendered":"<p>Salvete! Ich bin ganz neu bei der Gladiatur dabei und k\u00e4mpfe als Murmillo. Meine Ausr\u00fcstung ist also ein Scutum (Gro\u00dfschild), ein Gladius (Kurzschwert), eine Manica, eine Ocrea (Beinschiene) und nat\u00fcrlich einen Helm. Meine historischen Gegner sind der Thraker, der Hoplomachus oder vor der Entstehung des Secutors der Retiarius, im Osten des Reiches auch mal der [&hellip;]<\/p>\n","protected":false},"author":2,"featured_media":0,"parent":17,"menu_order":0,"comment_status":"closed","ping_status":"closed","template":"","meta":{"ngg_post_thumbnail":0,"footnotes":""},"class_list":["post-2765","page","type-page","status-publish","hentry"],"_links":{"self":[{"href":"https:\/\/www.gladiatorenschule-berlin.rocks\/index.php?rest_route=\/wp\/v2\/pages\/2765","targetHints":{"allow":["GET"]}}],"collection":[{"href":"https:\/\/www.gladiatorenschule-berlin.rocks\/index.php?rest_route=\/wp\/v2\/pages"}],"about":[{"href":"https:\/\/www.gladiatorenschule-berlin.rocks\/index.php?rest_route=\/wp\/v2\/types\/page"}],"author":[{"embeddable":true,"href":"https:\/\/www.gladiatorenschule-berlin.rocks\/index.php?rest_route=\/wp\/v2\/users\/2"}],"replies":[{"embeddable":true,"href":"https:\/\/www.gladiatorenschule-berlin.rocks\/index.php?rest_route=%2Fwp%2Fv2%2Fcomments&post=2765"}],"version-history":[{"count":5,"href":"https:\/\/www.gladiatorenschule-berlin.rocks\/index.php?rest_route=\/wp\/v2\/pages\/2765\/revisions"}],"predecessor-version":[{"id":6347,"href":"https:\/\/www.gladiatorenschule-berlin.rocks\/index.php?rest_route=\/wp\/v2\/pages\/2765\/revisions\/6347"}],"up":[{"embeddable":true,"href":"https:\/\/www.gladiatorenschule-berlin.rocks\/index.php?rest_route=\/wp\/v2\/pages\/17"}],"wp:attachment":[{"href":"https:\/\/www.gladiatorenschule-berlin.rocks\/index.php?rest_route=%2Fwp%2Fv2%2Fmedia&parent=2765"}],"curies":[{"name":"wp","href":"https:\/\/api.w.org\/{rel}","templated":true}]}}