{"id":2859,"date":"2021-03-05T18:42:12","date_gmt":"2021-03-05T17:42:12","guid":{"rendered":"https:\/\/www.gladiatorenschule-berlin.rocks\/?page_id=2859"},"modified":"2026-01-04T19:29:33","modified_gmt":"2026-01-04T18:29:33","slug":"chronik-des-ludus","status":"publish","type":"page","link":"https:\/\/www.gladiatorenschule-berlin.rocks\/?page_id=2859","title":{"rendered":"Chronik des Ludus"},"content":{"rendered":"<style>\n.flex-container {<br \/>  display: flex;<br \/>  flex-direction: row;<br \/>}<br \/><\/style>\n<p>Salvete.<br \/>\nVor &#8222;einiger Zeit&#8220; hatte mal jemand von Uns eine Idee, die wir nun nach \u00fcber zwei Jahren endlich mal umgesetzt haben.<\/p>\n<p>Ein Lebenslauf unsere Ludus ! *Applaus*<\/p>\n<h4><strong style=\"color: #ff9900;\">2012<\/strong><\/h4>\n<div class=\"flex-container\">\n<section><strong style=\"color: #99cc00;\">Besonderes:\u2002<\/strong><\/section>\n<section>Gr\u00fcndung als \u201eLudus Avis Comoedus\u201c unter Leitung Peter Hartmann alias Draco<\/section>\n<\/div>\n<div class=\"flex-container\">\n<section><strong style=\"color: #99cc00;\">Gr\u00fcndungsmitglieder:\u2002<\/strong><\/section>\n<section>Peter Hartmann<br \/>\nEnrico und Carla Puhl<br \/>\nPeter J\u00e4ckel<br \/>\nSabrina Messner<\/section>\n<\/div>\n<div class=\"flex-container\">\n<section><strong style=\"color: #99cc00;\">Anschaffungen:\u2002<\/strong><\/section>\n<section>Grundausr\u00fcstung (Schilde, Waffen, Helme, Netz)<\/section>\n<\/div>\n<div class=\"flex-container\">\n<section><strong style=\"color: #99cc00;\">(Re)Konstruktion:\u2002<\/strong><\/section>\n<section>Holzschwerter, Trainingsdreizack, Manicae<\/section>\n<\/div>\n<div class=\"flex-container\">\n<section><strong style=\"color: #99cc00;\">Ver\u00f6ffentlichungen:\u2002<\/strong><\/section>\n<section>&#8211; &#8211;<\/section>\n<\/div>\n<div class=\"flex-container\">\n<section><strong style=\"color: #99cc00;\">Veranstaltungen:\u2002<\/strong><\/section>\n<section>Auftritt in \u201eDas Schloss\u201c, Berlin<\/section>\n<\/div>\n<h5><strong style=\"color: #ff9900;\">2013 <\/strong><\/h5>\n<div class=\"flex-container\">\n<section><strong style=\"color: #99cc00;\">Besonderes:\u2002<\/strong><\/section>\n<section>20. Kampf Cassandra<\/section>\n<\/div>\n<div class=\"flex-container\">\n<section><strong style=\"color: #99cc00;\">Aufnahme:\u2002<\/strong><\/section>\n<section>Daniel Hussain<br \/>\nDaniel Wrona<br \/>\nTina und Frank Vinzelberg<\/section>\n<\/div>\n<div class=\"flex-container\">\n<section><strong style=\"color: #99cc00;\">Verabschiedung:\u2002<\/strong><\/section>\n<section>&#8211; &#8211;<\/section>\n<\/div>\n<div class=\"flex-container\">\n<section><strong style=\"color: #99cc00;\">Anschaffungen:\u2002<\/strong><\/section>\n<section>Caligae<\/section>\n<\/div>\n<div class=\"flex-container\">\n<section><strong style=\"color: #99cc00;\">(Re)Konstruktion:\u2002<\/strong><\/section>\n<section>Schilde<br \/>\nManicae<br \/>\nG\u00fcrtel<br \/>\nLudusBanner<\/section>\n<\/div>\n<div class=\"flex-container\">\n<section><strong style=\"color: #99cc00;\">Ver\u00f6ffentlichungen:\u2002<\/strong><\/section>\n<section>&#8211; &#8211;<\/section>\n<\/div>\n<div class=\"flex-container\">\n<section><strong style=\"color: #99cc00;\">Veranstaltungen:\u2002<\/strong><\/section>\n<section>Spectaculum zu Henningsdorf<br \/>\nKlostergartenfest, Jerichow<br \/>\nBurg Staargard<br \/>\nHerbstfest Pankow<\/section>\n<\/div>\n<h5><strong style=\"color: #ff9900;\">2014<\/strong><\/h5>\n<div class=\"flex-container\">\n<section><strong style=\"color: #99cc00;\">Besonderes:\u2002<\/strong><\/section>\n<section>Blutige Rekutierung von Ursus und Taurus<\/section>\n<\/div>\n<div class=\"flex-container\">\n<section><strong style=\"color: #99cc00;\">Aufnahme:\u2002<\/strong><\/section>\n<section>Tobias Clever<br \/>\nBernd Willer<\/section>\n<\/div>\n<div class=\"flex-container\">\n<section><strong style=\"color: #99cc00;\">Verabschiedung:\u2002<\/strong><\/section>\n<section>Sabrina Messner<br \/>\nFrank und Tina Vinzelberg<\/section>\n<\/div>\n<div class=\"flex-container\">\n<section><strong style=\"color: #99cc00;\">Anschaffungen:\u2002<\/strong><\/section>\n<section>Pectoralae<br \/>\nRetiarius (Galerus, Dreizack, Netz)<br \/>\nHelme<br \/>\nTrainingsschwerter<br \/>\nOcrae<\/section>\n<\/div>\n<div class=\"flex-container\">\n<section><strong style=\"color: #99cc00;\">(Re)Konstruktion:\u2002<\/strong><\/section>\n<section>Kleidung<br \/>\nM\u00f6bel<\/section>\n<\/div>\n<div class=\"flex-container\">\n<section><strong style=\"color: #99cc00;\">Ver\u00f6ffentlichungen:\u2002<\/strong><\/section>\n<section>&#8211; &#8211;<\/section>\n<\/div>\n<div class=\"flex-container\">\n<section><strong style=\"color: #99cc00;\">Veranstaltungen:\u2002<\/strong><\/section>\n<section>Heerbann Berlin-Brandenburg<br \/>\nKlostergartenfest, Jerichow<\/section>\n<\/div>\n<h5><strong style=\"color: #ff9900;\">2015 <\/strong><\/h5>\n<div class=\"flex-container\">\n<section><strong style=\"color: #99cc00;\">Besonderes:\u2002<\/strong><\/section>\n<section>Umbenennung in \u201eGladiatores Berolinenses\u201c<br \/>\nErster gemeinsamer Auftritt mit dem \u201eLudus Nemesis\u201c<\/section>\n<\/div>\n<div class=\"flex-container\">\n<section><strong style=\"color: #99cc00;\">Aufnahme:\u2002<\/strong><\/section>\n<section>Carsten B\u00f6ttcher<br \/>\nBianca Buchholz<\/section>\n<\/div>\n<div class=\"flex-container\">\n<section><strong style=\"color: #99cc00;\">Verabschiedung:\u2002<\/strong><\/section>\n<section>Peter Hartmann<\/section>\n<\/div>\n<div class=\"flex-container\">\n<section><strong style=\"color: #99cc00;\">Anschaffungen:\u2002<\/strong><\/section>\n<section>Zelte<br \/>\nPugio<br \/>\nSchilde<br \/>\nGladii<br \/>\nSica<\/section>\n<\/div>\n<div class=\"flex-container\">\n<section><strong style=\"color: #99cc00;\">(Re)Konstruktion:\u2002<\/strong><\/section>\n<section>Bekleidung<\/section>\n<\/div>\n<div class=\"flex-container\">\n<section><strong style=\"color: #99cc00;\">Ver\u00f6ffentlichungen:\u2002<\/strong><\/section>\n<section>&#8211; &#8211;<\/section>\n<\/div>\n<div class=\"flex-container\">\n<section><strong style=\"color: #99cc00;\">Veranstaltungen:\u2002<\/strong><\/section>\n<section>Fr\u00fchjahresworkshop, Berlin<br \/>\nSchwertk\u00e4mpfertreffen, Bernau<br \/>\nKlostergartenfest, Jerichow<br \/>\nR\u00f6mertage in L\u00fctjenburg (mit erstem Zeitungsartikel)<\/section>\n<\/div>\n<h5><strong style=\"color: #ff9900;\">2016 <\/strong><\/h5>\n<div class=\"flex-container\">\n<section><strong style=\"color: #99cc00;\">Besonderes:\u2002<\/strong><\/section>\n<section>Neuer Lanista: Takis<br \/>\nAustritt aus der SG-Siemens<br \/>\nEintritt in den Fitnessclub Spandau<\/section>\n<\/div>\n<div class=\"flex-container\">\n<section><strong style=\"color: #99cc00;\">Aufnahme:\u2002<\/strong><\/section>\n<section>Gregor Barth<\/section>\n<\/div>\n<div class=\"flex-container\">\n<section><strong style=\"color: #99cc00;\">Verabschiedung:\u2002<\/strong><\/section>\n<section>Bianca Buchholz<br \/>\nPeter J\u00e4ckel<\/section>\n<\/div>\n<div class=\"flex-container\">\n<section><strong style=\"color: #99cc00;\">Anschaffungen:\u2002<\/strong><\/section>\n<section>Manicae<br \/>\nHolzsicca<br \/>\nOcrae<\/section>\n<\/div>\n<div class=\"flex-container\">\n<section><strong style=\"color: #99cc00;\">Ver\u00f6ffentlichungen:\u2002<\/strong><\/section>\n<section>Zeitleiste der Gladiatur<\/section>\n<\/div>\n<div class=\"flex-container\">\n<section><strong style=\"color: #99cc00;\">Veranstaltungen:\u2002<\/strong><\/section>\n<section>R\u00f6mertage des CGE, Bayreuth<br \/>\nSchwertk\u00e4mpfertreffen, Bernau<br \/>\nB\u00e4lgerfest, Sch\u00f6nerlinde<br \/>\nKlostergartenfest, Jerichow<br \/>\nR\u00f6merfest, Landesgartenschau \u00d6hringen<br \/>\nHerbstfest JFE Aalemannufer<br \/>\nHerbstworkshop, Berlin<\/section>\n<\/div>\n<h5><strong style=\"color: #ff9900;\">2017<\/strong><\/h5>\n<div class=\"flex-container\">\n<section><strong style=\"color: #99cc00;\">Besonderes:\u2002<\/strong><\/section>\n<section>Neuer Lanista: Pullus<br \/>\nUmstellung des Trainersystems<\/section>\n<\/div>\n<div class=\"flex-container\">\n<section><strong style=\"color: #99cc00;\">Aufnahme:\u2002<\/strong><\/section>\n<section>Sandra Kreulich<br \/>\nSascha Berliner<\/section>\n<\/div>\n<div class=\"flex-container\">\n<section><strong style=\"color: #99cc00;\">Verabschiedung:\u2002<\/strong><\/section>\n<section>&#8211; &#8211;<\/section>\n<\/div>\n<div class=\"flex-container\">\n<section><strong style=\"color: #99cc00;\">Anschaffungen:\u2002<\/strong><\/section>\n<section>Essedariusschilde<\/section>\n<\/div>\n<div class=\"flex-container\">\n<section><strong style=\"color: #99cc00;\">(Re)Konstruktion:\u2002<\/strong><\/section>\n<section>&#8211; &#8211;<\/section>\n<\/div>\n<div class=\"flex-container\">\n<section><strong style=\"color: #99cc00;\">Ver\u00f6ffentlichungen:\u2002<\/strong><\/section>\n<section>Thraex Trainings Handbuch (a.k.a. Thraker-Manual)<br \/>\n1. Ludustrailer<\/section>\n<\/div>\n<div class=\"flex-container\">\n<section><strong style=\"color: #99cc00;\">Veranstaltungen:\u2002<\/strong><\/section>\n<section>Schwertk\u00e4mpfertreffen, Bernau<br \/>\nHeerbann Berlin-Brandenburg<br \/>\nSchlacht um den Sachsenwald, Schwarzenbeck<br \/>\nKlostergartenfest, Jerichow<br \/>\nHalbzeitshow bei den Spandau Bulldogs<\/section>\n<\/div>\n<h5><strong style=\"color: #ff9900;\">2018<\/strong><\/h5>\n<div class=\"flex-container\">\n<section><strong style=\"color: #99cc00;\">Besonderes:\u2002<\/strong><\/section>\n<section>Erster gemeinsamer Auftritt mit der Gladiatorenschule Trier<\/section>\n<\/div>\n<div class=\"flex-container\">\n<section><strong style=\"color: #99cc00;\">Aufnahme:\u2002<\/strong><\/section>\n<section>Heiko Schuhmann<br \/>\nAdrian Kuhrasch<\/section>\n<\/div>\n<div class=\"flex-container\">\n<section><strong style=\"color: #99cc00;\">Verabschiedung:\u2002<\/strong><\/section>\n<section>&#8211; &#8211;<\/section>\n<\/div>\n<div class=\"flex-container\">\n<section><strong style=\"color: #99cc00;\">Anschaffungen:\u2002<\/strong><\/section>\n<section>Helmlichkeiten I-IV<\/section>\n<\/div>\n<div class=\"flex-container\">\n<section><strong style=\"color: #99cc00;\">(Re)Konstruktion:\u2002<\/strong><\/section>\n<section>&#8211; &#8211;<\/section>\n<\/div>\n<div class=\"flex-container\">\n<section><strong style=\"color: #99cc00;\">Ver\u00f6ffentlichungen:\u2002<\/strong><\/section>\n<section>\u00dcbersicht und Entwicklung der Helme<br \/>\n\u00dcbersicht der Gladiatoren-Paarungen<br \/>\nInterview RBB. RadioBerlin<\/section>\n<\/div>\n<div class=\"flex-container\">\n<section><strong style=\"color: #99cc00;\">Veranstaltungen:\u2002<\/strong><\/section>\n<section>R\u00f6mertage des CGE, Bayreuth<br \/>\nSchwertk\u00e4mpfertreff Bernau<br \/>\nSchlacht um den Sachsenwald<br \/>\nKlostergartenfest Jerichow<br \/>\nSalve Abusina<br \/>\nHerstfest JFE Aalemannufer<br \/>\nHerbstworkshop, Berlin<\/section>\n<\/div>\n<h5><strong style=\"color: #ff9900;\">2019<\/strong><\/h5>\n<div class=\"flex-container\">\n<section><strong style=\"color: #99cc00;\">Besonderes:\u2002<\/strong><\/section>\n<section>erste Merchandise-Produkte (Tonbecher)<\/section>\n<\/div>\n<div class=\"flex-container\">\n<section><strong style=\"color: #99cc00;\">Aufnahme:\u2002<\/strong><\/section>\n<section>Lydia Noack<br \/>\nClara Simons<br \/>\nKatja K\u00f6necke<br \/>\nGeorgina Kreulich<\/section>\n<\/div>\n<div class=\"flex-container\">\n<section><strong style=\"color: #99cc00;\">Verabschiedung:\u2002<\/strong><\/section>\n<section>Tobias Clever<\/section>\n<\/div>\n<div class=\"flex-container\">\n<section><strong style=\"color: #99cc00;\">Anschaffungen:\u2002<\/strong><\/section>\n<section>Merchandise-Tonbecher<br \/>\nManicae<\/section>\n<\/div>\n<div class=\"flex-container\">\n<section><strong style=\"color: #99cc00;\">(Re)Konstruktion:\u2002<\/strong><\/section>\n<section>&#8211; &#8211;<\/section>\n<\/div>\n<div class=\"flex-container\">\n<section><strong style=\"color: #99cc00;\">Ver\u00f6ffentlichungen:\u2002<\/strong><\/section>\n<section>\u00dcbersicht Retiarius<\/section>\n<\/div>\n<div class=\"flex-container\">\n<section><strong style=\"color: #99cc00;\">Veranstaltungen:\u2002<\/strong><\/section>\n<section>R\u00f6mertage des CGE, Bayreuth<br \/>\nInternationales Gladiatoren Symposioum, Nijmengen<br \/>\nKlostergartenfest Jerichow<br \/>\nSalve Abusina<br \/>\nHerbstworskop, Berlin<\/section>\n<\/div>\n<h5><strong style=\"color: #ff9900;\">2020<\/strong><\/h5>\n<div class=\"flex-container\">\n<section><strong style=\"color: #99cc00;\">Besonderes:\u2002<\/strong><\/section>\n<section>Pandemiebedingter Beinahe-Stillstand<\/section>\n<\/div>\n<div class=\"flex-container\">\n<section><strong style=\"color: #99cc00;\">Aufnahme:\u2002<\/strong><\/section>\n<section>&#8211; &#8211;<\/section>\n<\/div>\n<div class=\"flex-container\">\n<section><strong style=\"color: #99cc00;\">Verabschiedung:\u2002<\/strong><\/section>\n<section>&#8211; &#8211;<\/section>\n<\/div>\n<div class=\"flex-container\">\n<section><strong style=\"color: #99cc00;\">Anschaffungen:\u2002<\/strong><\/section>\n<section>Craticula<br \/>\nMerchandise-Gladiatorenpullover<br \/>\nLanistabekleidung<br \/>\nRundes Netz<\/section>\n<\/div>\n<div class=\"flex-container\">\n<section><strong style=\"color: #99cc00;\">(Re)Konstruktion:\u2002<\/strong><\/section>\n<section>Subligaculi<br \/>\nRetiariergladius<br \/>\nRete<\/section>\n<\/div>\n<div class=\"flex-container\">\n<section><strong style=\"color: #99cc00;\">Ver\u00f6ffentlichungen:\u2002<\/strong><\/section>\n<section>\u00dcbersicht der Armaturen<br \/>\n\u00dcbersicht der Polsterhauben<\/section>\n<\/div>\n<div class=\"flex-container\">\n<section><strong style=\"color: #99cc00;\">Veranstaltungen:\u2002<\/strong><\/section>\n<section>R\u00f6mertage GCE, Bayreuth<br \/>\nKiezfest Bruno Gehrke Halle<br \/>\nHerbstworkshop, Berlin<\/section>\n<\/div>\n<h5><strong style=\"color: #ff9900;\">2021<\/strong><\/h5>\n<div class=\"flex-container\">\n<section><strong style=\"color: #99cc00;\">Besonderes:\u2002<\/strong><\/section>\n<section>Wiederaufnahme des Trainings<br \/>\nFrauenquote bei 40%<\/section>\n<\/div>\n<div class=\"flex-container\">\n<section><strong style=\"color: #99cc00;\">Aufnahme:\u2002<\/strong><\/section>\n<section>Silvanus<\/section>\n<section>Tobi Pollux \/ Ericius<\/section>\n<section>Sarah Scorpia<\/section>\n<\/div>\n<div class=\"flex-container\">\n<section><strong style=\"color: #99cc00;\">Verabschiedung:\u2002<\/strong><\/section>\n<section>Katja K\u00f6necke<\/section>\n<\/div>\n<div class=\"flex-container\">\n<section><strong style=\"color: #99cc00;\">Anschaffungen:\u2002<\/strong><\/section>\n<section>Chieti Hoplomachushelm<br \/>\nLudus Eierbecher<br \/>\nschwere Manica Retiarius<br \/>\nPolsterstiefel<br \/>\nRetiariergladius<\/section>\n<\/div>\n<div class=\"flex-container\">\n<section><strong style=\"color: #99cc00;\">(Re)Konstruktion:\u2002<\/strong><\/section>\n<section>Subligaculi<\/section>\n<\/div>\n<div class=\"flex-container\">\n<section><strong style=\"color: #99cc00;\">Ver\u00f6ffentlichungen:\u2002<\/strong><\/section>\n<section>Radiointerview Kiez-Radio Spandau<\/section>\n<\/div>\n<div class=\"flex-container\">\n<section><strong style=\"color: #99cc00;\">Veranstaltungen:\u2002<\/strong><\/section>\n<section>BGH Sportshow<br \/>\nHerbstworkshop, Berlin<\/section>\n<\/div>\n<section><\/section>\n<section>\n<h5><strong style=\"color: #ff9900;\">2022<\/strong><\/h5>\n<div class=\"flex-container\">\n<section><strong style=\"color: #99cc00;\">Besonderes:\u2002<\/strong><\/section>\n<\/div>\n<div class=\"flex-container\">\n<section><strong style=\"color: #99cc00;\">Aufnahme:\u2002<\/strong><\/section>\n<section>Aleks + Pavel<\/section>\n<section>Can<\/section>\n<\/div>\n<div class=\"flex-container\">\n<section><strong style=\"color: #99cc00;\">Verabschiedung:\u2002<\/strong><\/section>\n<section>Sarah Scorpia<\/section>\n<section>Georgina Kreulich<\/section>\n<\/div>\n<div class=\"flex-container\">\n<section><strong style=\"color: #99cc00;\">Anschaffungen:\u2002<\/strong><\/section>\n<section>Murmillobeinschine<\/section>\n<\/div>\n<div class=\"flex-container\">\n<section><strong style=\"color: #99cc00;\">(Re)Konstruktion:\u2002<\/strong><\/section>\n<\/div>\n<div class=\"flex-container\">\n<section><strong style=\"color: #99cc00;\">Ver\u00f6ffentlichungen:\u2002<\/strong>Thraker-Handbuch, 2. stark \u00fcberarbeite Auflage<\/section>\n<\/div>\n<div class=\"flex-container\">\n<section><strong style=\"color: #99cc00;\">Veranstaltungen:\u2002<\/strong><\/section>\n<section>Einstufunggsturnier<br \/>\nGladiator Gathering in der Villa Borg<br \/>\nR\u00f6mermarkt des Limeseum Ruffenhofen<br \/>\nSalve Abusina<br \/>\nBerliner Herbstworkshop<br \/>\nBastelworkshop<\/section>\n<\/div>\n<section>\n<h5><strong style=\"color: #ff9900;\">2023<\/strong><\/h5>\n<div class=\"flex-container\">\n<section><strong style=\"color: #99cc00;\">Besonderes:\u2002<\/strong><\/section>\n<\/div>\n<div class=\"flex-container\">\n<section><strong style=\"color: #99cc00;\">Aufnahme:<\/strong><\/section>\n<section>Triton\u2002<\/section>\n<\/div>\n<div class=\"flex-container\">\n<section><strong style=\"color: #99cc00;\">Verabschiedung:\u2002<\/strong><\/section>\n<section>Scorpia<\/section>\n<\/div>\n<div class=\"flex-container\">\n<section><strong style=\"color: #99cc00;\">Anschaffungen:\u2002<\/strong><\/section>\n<\/div>\n<div class=\"flex-container\">\n<section><strong style=\"color: #99cc00;\">(Re)Konstruktion:\u2002<\/strong><\/section>\n<\/div>\n<div class=\"flex-container\">\n<section><strong style=\"color: #99cc00;\">Ver\u00f6ffentlichungen:\u2002<\/strong><\/section>\n<section>Radiointerview Kiez-Radio Spandau<br \/>\nDiverse \u00dcbersetzungen unserer \u00dcbersichten in&#8217;s Franz\u00f6sische<\/section>\n<\/div>\n<div class=\"flex-container\">\n<section><strong style=\"color: #99cc00;\">Veranstaltungen:\u2002<\/strong><\/section>\n<section>Bayreuth<br \/>\nVernissage mit Gladiatorischen Motiven<br \/>\nEinstufunggsturnier<br \/>\nGladiator Gathering auf dem R\u00f6merkastell Saalburg<br \/>\nGermanentage Opfermoor Niederdorla<br \/>\nBerliner Herbstworkshop<\/section>\n<\/div>\n<section>\n<h5><span style=\"color: #ff9900;\"><strong>2024<\/strong><\/span><\/h5>\n<div class=\"flex-container\">\n<section><span style=\"color: #99cc00;\"><strong>Besonderes:\u2002<\/strong><\/span><\/section>\n<section>1. deutsche Meisterschaften von uns organisiert in Berlin<\/section>\n<section>20 Jahre Weihnachten f\u00fcr Alle<\/section>\n<\/div>\n<div class=\"flex-container\">\n<section><span style=\"color: #99cc00;\"><strong>Aufnahme:<\/strong><\/span><\/section>\n<section>Crixux<\/section>\n<section>Faunus<\/section>\n<\/div>\n<div class=\"flex-container\">\n<section><span style=\"color: #99cc00;\"><strong>Verabschiedung:\u2002<\/strong><\/span><\/section>\n<section>&#8211; &#8211;<\/section>\n<\/div>\n<div class=\"flex-container\">\n<section><span style=\"color: #99cc00;\"><strong>Anschaffungen:\u2002<\/strong><\/span><\/section>\n<section>gro\u00dfer Tisch<\/section>\n<section>Faltst\u00fchle<\/section>\n<section>Tarp<\/section>\n<section>Secutorhelm bronze<\/section>\n<section>viele neue Stahlhelme AER<\/section>\n<\/div>\n<div class=\"flex-container\">\n<section><span style=\"color: #99cc00;\"><strong>(Re)Konstruktion:\u2002<\/strong><\/span><\/section>\n<\/div>\n<div class=\"flex-container\">\n<section><span style=\"color: #99cc00;\"><strong>Ver\u00f6ffentlichungen:\u2002<\/strong><\/span><\/section>\n<section>Murmillo\u00fcbersicht (En)<\/section>\n<section>Armaturen\u00fcbersicht (Esp)<\/section>\n<section>BZ Artikel<\/section>\n<\/div>\n<div class=\"flex-container\">\n<section><span style=\"color: #99cc00;\"><strong>Veranstaltungen:\u2002<\/strong><\/span><\/section>\n<section>Bayreuth<br \/>\nEinstufunggsturnier<\/section>\n<section>Culinaria Saalburg<\/section>\n<section>1. deutsche Meisterschaft der Gladiatur in Berlin<\/section>\n<section>R\u00f6mermarkt des Limeseum Ruffenhofen<\/section>\n<section>Salve Abusina<br \/>\nGladiator Gathering im R\u00f6mermuseum Bergkamen<\/section>\n<section>Reenactmentmesse Minden<\/section>\n<\/div>\n<section>\n<h5><span style=\"color: #ff9900;\"><strong>2025<\/strong><\/span><\/h5>\n<div class=\"flex-container\">\n<section><strong>Besonderes:\u2002<\/strong><\/section>\n<section>tragischer Unfalltod von Pavel<\/section>\n<section>deutscher Meister Murmillo: Ambiora<\/section>\n<section>deutscher Meister Provocator: Pullus<\/section>\n<section>deutscher Meister Secutor: Aquila<\/section>\n<section>Vizemeister Secutor: Architheutes<\/section>\n<section>Spiegel und Spiegel History Artikel<\/section>\n<\/div>\n<div class=\"flex-container\">\n<section><strong>Aufnahme:<\/strong><\/section>\n<section>Sine Nomen (Marcinus)<\/section>\n<section>Sine Nomen\u2002(Sylvia)<\/section>\n<section>Adoptiator Aquila<\/section>\n<\/div>\n<div class=\"flex-container\">\n<section><strong>Verabschiedung:\u2002<\/strong><\/section>\n<section>Mons, Crixus, Tigris<\/section>\n<\/div>\n<div class=\"flex-container\">\n<section><strong>Anschaffungen:\u2002<\/strong><\/section>\n<section>kleine K\u00fcchenkiste<\/section>\n<section>Schilde Thraex, Provocator, Murmillo<\/section>\n<section>Gladii<\/section>\n<section><\/section>\n<\/div>\n<div class=\"flex-container\">\n<section><strong>(Re)Konstruktion:\u2002<\/strong><\/section>\n<section>Gladiatoreng\u00fcrtel Provocator<\/section>\n<section>Beinschienen Provocator\/ Murmillo (4 \u00d6sen)<\/section>\n<\/div>\n<div class=\"flex-container\">\n<section><strong>Ver\u00f6ffentlichungen:\u2002<\/strong><\/section>\n<section><a href=\"https:\/\/www.academia.edu\/143797161\/Training_manual_for_the_secutor?sm=b\">Secutorhandbuch<\/a><\/section>\n<section>2x Spiegelartikel<\/section>\n<\/div>\n<div class=\"flex-container\">\n<section><strong>Veranstaltungen:\u2002<\/strong><\/section>\n<section>Fr\u00fchjahrsworkshop<\/section>\n<section>Einstufungsturnier<\/section>\n<section>deutsche Meisterschaft<\/section>\n<section>Motioncapture Lost Legions<\/section>\n<section>Sommerfest Germanensiedlung Klein K\u00f6ris<\/section>\n<section>Opfermoor Niederdorla<\/section>\n<section>Projekttag OSZ Lise-Meitner<\/section>\n<section>internationales Gladiatorengathering Nimejgen<\/section>\n<section>Tag der deutschen Einheit Landesvertretung Hessen<\/section>\n<section>Tag der offenen T\u00fcr der Bruno-Gehrke Halle<\/section>\n<\/div>\n<section>\n<h5><strong>2026<\/strong><\/h5>\n<div class=\"flex-container\">\n<section><strong>Besonderes:\u2002<\/strong><\/section>\n<section>Diagnose einer Colagummib\u00e4rallergie bei Ambiora<\/section>\n<\/div>\n<div class=\"flex-container\">\n<section><strong>Aufnahme:<\/strong><\/section>\n<section><\/section>\n<\/div>\n<div class=\"flex-container\">\n<section><strong>Verabschiedung:\u2002<\/strong><\/section>\n<section>&#8211; &#8211;<\/section>\n<\/div>\n<div class=\"flex-container\">\n<section><strong>Anschaffungen:\u2002<\/strong><\/section>\n<section><\/section>\n<\/div>\n<div class=\"flex-container\">\n<section><strong>(Re)Konstruktion:\u2002<\/strong><\/section>\n<\/div>\n<div class=\"flex-container\">\n<section><strong>Ver\u00f6ffentlichungen:\u2002<\/strong><\/section>\n<section><\/section>\n<\/div>\n<div class=\"flex-container\">\n<section><strong>Veranstaltungen:\u2002<\/strong><\/section>\n<section><\/section>\n<\/div>\n<\/section>\n<section><\/section>\n<\/section>\n<\/section>\n<\/section>\n<\/section>\n<section><\/section>\n","protected":false},"excerpt":{"rendered":"<p>Salvete. Vor &#8222;einiger Zeit&#8220; hatte mal jemand von Uns eine Idee, die wir nun nach \u00fcber zwei Jahren endlich mal umgesetzt haben. Ein Lebenslauf unsere Ludus ! *Applaus* 2012 Besonderes:\u2002 Gr\u00fcndung als \u201eLudus Avis Comoedus\u201c unter Leitung Peter Hartmann alias Draco Gr\u00fcndungsmitglieder:\u2002 Peter Hartmann Enrico und Carla Puhl Peter J\u00e4ckel Sabrina Messner Anschaffungen:\u2002 Grundausr\u00fcstung (Schilde, [&hellip;]<\/p>\n","protected":false},"author":2,"featured_media":0,"parent":16,"menu_order":0,"comment_status":"closed","ping_status":"closed","template":"","meta":{"ngg_post_thumbnail":0,"footnotes":""},"class_list":["post-2859","page","type-page","status-publish","hentry"],"_links":{"self":[{"href":"https:\/\/www.gladiatorenschule-berlin.rocks\/index.php?rest_route=\/wp\/v2\/pages\/2859","targetHints":{"allow":["GET"]}}],"collection":[{"href":"https:\/\/www.gladiatorenschule-berlin.rocks\/index.php?rest_route=\/wp\/v2\/pages"}],"about":[{"href":"https:\/\/www.gladiatorenschule-berlin.rocks\/index.php?rest_route=\/wp\/v2\/types\/page"}],"author":[{"embeddable":true,"href":"https:\/\/www.gladiatorenschule-berlin.rocks\/index.php?rest_route=\/wp\/v2\/users\/2"}],"replies":[{"embeddable":true,"href":"https:\/\/www.gladiatorenschule-berlin.rocks\/index.php?rest_route=%2Fwp%2Fv2%2Fcomments&post=2859"}],"version-history":[{"count":29,"href":"https:\/\/www.gladiatorenschule-berlin.rocks\/index.php?rest_route=\/wp\/v2\/pages\/2859\/revisions"}],"predecessor-version":[{"id":6540,"href":"https:\/\/www.gladiatorenschule-berlin.rocks\/index.php?rest_route=\/wp\/v2\/pages\/2859\/revisions\/6540"}],"up":[{"embeddable":true,"href":"https:\/\/www.gladiatorenschule-berlin.rocks\/index.php?rest_route=\/wp\/v2\/pages\/16"}],"wp:attachment":[{"href":"https:\/\/www.gladiatorenschule-berlin.rocks\/index.php?rest_route=%2Fwp%2Fv2%2Fmedia&parent=2859"}],"curies":[{"name":"wp","href":"https:\/\/api.w.org\/{rel}","templated":true}]}}