{"id":2862,"date":"2021-03-05T18:48:07","date_gmt":"2021-03-05T17:48:07","guid":{"rendered":"https:\/\/www.gladiatorenschule-berlin.rocks\/?page_id=2862"},"modified":"2022-05-22T18:40:28","modified_gmt":"2022-05-22T16:40:28","slug":"ausruestungsberichte","status":"publish","type":"page","link":"https:\/\/www.gladiatorenschule-berlin.rocks\/?page_id=2862","title":{"rendered":"Ausr\u00fcstungsberichte"},"content":{"rendered":"<p>Wie viele Gruppen, haben wir zu Anfang unsere Ausr\u00fcstung auch als \u201eStangenware\u201c im Internet bestellt.<\/p>\n<p>Darauf hin stellten wir folgendes fest:<\/p>\n<ul>\n<li>Viele Artikel gibt es nur in einer Gr\u00f6\u00dfe, und die passt nicht jedem<\/li>\n<li>Schlecht sitzende Ausr\u00fcstung ist unfalltr\u00e4chtig!<\/li>\n<li>Einige Sachen sind nicht (ganz) historisch korrekt<\/li>\n<li>Einige Sachen sind an sich korrekt, passen aber nicht zu \u201eunserer Zeit\u201c<\/li>\n<\/ul>\n<p>Worauf wir nach und nach anfingen, unsere Ausr\u00fcstung \u201eauf Ma\u00df\u201c und \u201enach Wunsch\u201c anfertigen zu lassen. Einige \u201eunserer\u201c Handwerker findet ihr bei den Links.<\/p>\n<p>Da wir den Handwerkern dabei nat\u00fcrlich auch genau erkl\u00e4ren mussten was wir wollen, mussten wir uns erstmal selber fragen:<br \/>\n\u201eJa, WAS GENAU wollen wir eigentlich?\u201c<\/p>\n<p>Seitdem geh\u00f6ren bei uns Recherche und ausf\u00fchrliche Kommunikation mit den H\u00e4ndlern mit zur Bestellung.<\/p>\n<p>Oder wir haben probiert, selber etwas nachzubauen. Nicht alles unbedingt authentisch, sondern mehr zum Verst\u00e4ndnis des Ausr\u00fcstungsgegenstandes, aber immer mit Liebe zum Gesamtkonzept. \ud83d\ude09<\/p>\n<p>An den sich daraus ergebenden Erfahrungen wollen wir euch gerne teilhaben lassen und haben davon einiges als \u2026 nennen wir es Erfahrungsberichte \u2026 ver\u00f6ffentlicht.<\/p>\n<ul>\n<li>Unser <a href=\"https:\/\/www.gladiatorenschule-berlin.rocks\/?page_id=3758\" target=\"_blank\" rel=\"noopener\">rundes Netz<\/a> (<a href=\"https:\/\/www.gladiatorenschule-berlin.rocks\/?page_id=3764\" target=\"_blank\" rel=\"noopener\">english)<\/a><\/li>\n<li>Der neue <a href=\"https:\/\/www.gladiatorenschule-berlin.rocks\/?page_id=2204\" target=\"_blank\" rel=\"noopener\">Thraker Helm<\/a> von Maevia (<a href=\"https:\/\/www.gladiatorenschule-berlin.rocks\/?page_id=4330\">english<\/a>)<\/li>\n<li>Der neue <a href=\"https:\/\/www.gladiatorenschule-berlin.rocks\/?page_id=2218\" target=\"_blank\" rel=\"noopener\">kovertierbare Helm<\/a> von Pumilus<\/li>\n<li>Auch Pullus hat sich einen neuen <a href=\"https:\/\/www.gladiatorenschule-berlin.rocks\/?page_id=2228\" target=\"_blank\" rel=\"noopener\">Provo Helm<\/a> geleistet<\/li>\n<li>Und der seltene <a href=\"https:\/\/www.gladiatorenschule-berlin.rocks\/?p=2251\" target=\"_blank\" rel=\"noopener\">Secutor Helm<\/a> von Mons<\/li>\n<li>Lucilla hat sich am <a href=\"https:\/\/www.gladiatorenschule-berlin.rocks\/wp-content\/uploads\/2020\/05\/Bastelprojekt-Wok-Schild.pdf\">Nachbau eines Hopliten-Kugelschildes<\/a> probiert (TODO)<\/li>\n<li>Auch zum <a href=\"https:\/\/www.gladiatorenschule-berlin.rocks\/?page_id=4301\" target=\"_blank\" rel=\"noopener\">Gladius des Retiarius<\/a> hat sich einer von uns gedanken gemacht<\/li>\n<li>Unsere erste <a href=\"https:\/\/www.gladiatorenschule-berlin.rocks\/?p=2748\" target=\"_blank\" rel=\"noopener\">Pectorale<\/a> die auch den Fundlagen entspricht (<a href=\"https:\/\/www.gladiatorenschule-berlin.rocks\/?page_id=4228\">english<\/a>)<\/li>\n<li>Mons hat sich an den Bau eines <a href=\"https:\/\/www.gladiatorenschule-berlin.rocks\/?page_id=4252\">Scutum<\/a> gewagt und (<a href=\"https:\/\/www.gladiatorenschule-berlin.rocks\/?page_id=4321\">english<\/a>)<\/li>\n<li>sich dann Gedanken zu seinem <a href=\"https:\/\/www.gladiatorenschule-berlin.rocks\/?page_id=3785\">neuen Gladius<\/a> gemacht (<a href=\"https:\/\/www.gladiatorenschule-berlin.rocks\/?page_id=4277\">english<\/a>)<\/li>\n<li>Domi, ein Gladiator des Carnuntumer Ludus hat sich einen <a href=\"https:\/\/www.gladiatorenschule-berlin.rocks\/?page_id=4557\">Secutorenhelm<\/a> geschmiedet<\/li>\n<li>Unser Pumilus hat endlich anstelle seines Kuchenbleches eindlich eine <a href=\"https:\/\/www.gladiatorenschule-berlin.rocks\/?page_id=4585\" target=\"_blank\" rel=\"noopener\">Pektorale<\/a><\/li>\n<\/ul>\n","protected":false},"excerpt":{"rendered":"<p>Wie viele Gruppen, haben wir zu Anfang unsere Ausr\u00fcstung auch als \u201eStangenware\u201c im Internet bestellt. Darauf hin stellten wir folgendes fest: Viele Artikel gibt es nur in einer Gr\u00f6\u00dfe, und die passt nicht jedem Schlecht sitzende Ausr\u00fcstung ist unfalltr\u00e4chtig! Einige Sachen sind nicht (ganz) historisch korrekt Einige Sachen sind an sich korrekt, passen aber nicht [&hellip;]<\/p>\n","protected":false},"author":2,"featured_media":0,"parent":1689,"menu_order":0,"comment_status":"closed","ping_status":"closed","template":"","meta":{"ngg_post_thumbnail":0,"footnotes":""},"class_list":["post-2862","page","type-page","status-publish","hentry"],"_links":{"self":[{"href":"https:\/\/www.gladiatorenschule-berlin.rocks\/index.php?rest_route=\/wp\/v2\/pages\/2862","targetHints":{"allow":["GET"]}}],"collection":[{"href":"https:\/\/www.gladiatorenschule-berlin.rocks\/index.php?rest_route=\/wp\/v2\/pages"}],"about":[{"href":"https:\/\/www.gladiatorenschule-berlin.rocks\/index.php?rest_route=\/wp\/v2\/types\/page"}],"author":[{"embeddable":true,"href":"https:\/\/www.gladiatorenschule-berlin.rocks\/index.php?rest_route=\/wp\/v2\/users\/2"}],"replies":[{"embeddable":true,"href":"https:\/\/www.gladiatorenschule-berlin.rocks\/index.php?rest_route=%2Fwp%2Fv2%2Fcomments&post=2862"}],"version-history":[{"count":33,"href":"https:\/\/www.gladiatorenschule-berlin.rocks\/index.php?rest_route=\/wp\/v2\/pages\/2862\/revisions"}],"predecessor-version":[{"id":4993,"href":"https:\/\/www.gladiatorenschule-berlin.rocks\/index.php?rest_route=\/wp\/v2\/pages\/2862\/revisions\/4993"}],"up":[{"embeddable":true,"href":"https:\/\/www.gladiatorenschule-berlin.rocks\/index.php?rest_route=\/wp\/v2\/pages\/1689"}],"wp:attachment":[{"href":"https:\/\/www.gladiatorenschule-berlin.rocks\/index.php?rest_route=%2Fwp%2Fv2%2Fmedia&parent=2862"}],"curies":[{"name":"wp","href":"https:\/\/api.w.org\/{rel}","templated":true}]}}