{"id":33,"date":"2013-05-20T15:41:17","date_gmt":"2013-05-20T13:41:17","guid":{"rendered":"http:\/\/pj.panicplace.com\/ludus\/?page_id=33"},"modified":"2025-11-26T14:49:57","modified_gmt":"2025-11-26T13:49:57","slug":"links","status":"publish","type":"page","link":"https:\/\/www.gladiatorenschule-berlin.rocks\/?page_id=33","title":{"rendered":"Links"},"content":{"rendered":"<p>Follow us on Facebook: <a href=\" https:\/\/www.facebook.com\/GladiatorenschuleBerlin\">https:\/\/www.facebook.com\/GladiatorenschuleBerlin<\/a><\/p>\n<p>Und auch auf <a href=\"https:\/\/www.instagram.com\/gladiatorenschuleberlin\/?hl=de\">Instagram.<\/a><\/p>\n<p>Sowie unsere <a href=\"https:\/\/independent.academia.edu\/GladiatoresBerolinenses\">Ver\u00f6ffentlichungen auf Academia<\/a><\/p>\n<h2 style=\"text-align: center;\"><span style=\"text-decoration: underline;\"><strong>Gruppen in Deutschland:<\/strong><\/span><\/h2>\n<ul>\n<li><strong>LVDVS NEMESIS<\/strong>, Hamburg<br \/>\n<a href=\"http:\/\/www.ludus-nemesis.eu\/\" target=\"_blank\" rel=\"noopener\">Webseite<\/a><\/li>\n<li><strong>AMOR MORTIS<\/strong>, K\u00f6ln<br \/>\n<a href=\"http:\/\/www.gladiatorenschule.eu\/\" target=\"_blank\" rel=\"noopener\">Webseite<\/a><\/li>\n<li><strong>Gladiatorenschule Trier<\/strong>, <del datetime=\"2020-07-14T18:36:38+00:00\">Castrop-Rauxel<\/del> *Scherz*<br \/>\n<a href=\"http:\/\/www.gladiatoren-schule.de\/index.php\" target=\"_blank\" rel=\"noopener\">Webseite<\/a><\/li>\n<li><strong>Ludus Gorgonis<\/strong>, Gie\u00dfen<br \/>\n<a href=\"https:\/\/www.transplo.com\/DE\/Gie%C3%9Fen\/995426980643586\/Ludus-Gorgonis\" target=\"_blank\" rel=\"noopener\">Webseite<\/a><\/li>\n<li><strong>Ludus Chimairae<\/strong>, M\u00fcnster<br \/>\n<a href=\"http:\/\/www.frisch-auf.de\/gladiatorengruppe\/\" target=\"_blank\" rel=\"noopener\">Webseite<\/a><\/li>\n<li><strong>Lvdvs Versvlativs<\/strong>, Neuss<br \/>\n<a href=\"http:\/\/www.jardin-des-epoques.de\/die_arbeitsgemeinschaften.php\" target=\"_blank\" rel=\"noopener\">Webseite<\/a><\/li>\n<li><strong>Gladiatores Berol&#8230;.<\/strong>, ach nee, das sind ja wir&#8230;;<\/li>\n<\/ul>\n<h2 style=\"text-align: center;\"><span style=\"text-decoration: underline;\"><strong>Gruppen in aller Welt:<\/strong><\/span><\/h2>\n<ul>\n<li><strong>Tarraco LVDVS<\/strong>, Spanien<br \/>\n<a href=\"https:\/\/tarracolvdvs.wixsite.com\/tarracolvdvs\/gladiatores\">Webseite<\/a><\/li>\n<li><strong>Spectacula Antiqua<\/strong>, Kroatien<br \/>\n<a href=\"http:\/\/spectaculaantiqua.com\/\">Webseite<\/a><\/li>\n<li><strong>Acta Archeo<\/strong>, Frankreich<br \/>\n<a href=\"https:\/\/services3.ssl.meosix.fr\/\">Webseite<\/a><\/li>\n<li><strong>Ars Gladiatoria<\/strong>, Schweiz<br \/>\n<a href=\"https:\/\/www.arsgladiatoria.com\/\">Webseite<\/a><\/li>\n<li><strong>Carnuntum<\/strong>, \u00d6sterreich<br \/>\nleider keine Webseite<\/li>\n<\/ul>\n<p>Und wer m\u00f6chte, kann sich <a href=\"https:\/\/www.gladiatorenschule-berlin.rocks\/?page_id=4444\" target=\"_blank\" rel=\"noopener\">hier<\/a> auf einer Europa-Karte ansehen, wo die Ludi geographisch lokalisiert sind.<\/p>\n<h2 style=\"text-align: center;\"><span style=\"text-decoration: underline;\"><strong>Befreundete Gruppen und Einrichtungen<\/strong><\/span><\/h2>\n<ul>\n<li><strong>Fitnessclub Spandau<\/strong> \u2013 Unser Sportlicher hmmm\u2026Schirmherr ?? Dachverband ??<br \/>\n<a href=\"http:\/\/fitnessclub-spandau.de\/\" target=\"_blank\" rel=\"noopener\">Webseite<\/a><\/li>\n<li><strong>Fotofloh<\/strong> \u2013 Eventfotos und immer f\u00fcr einen Lacher zu haben<br \/>\n<a href=\"http:\/\/www.fotofloh.de\/\" target=\"_blank\" rel=\"noopener\">Webseite<\/a><\/li>\n<\/ul>\n<h2 style=\"text-align: center;\"><span style=\"text-decoration: underline;\"><strong>Netzfunde:<\/strong><\/span><\/h2>\n<ul>\n<li><strong>Das 3-D-Modell<\/strong> eines Pompeii-Murmillo-Helmes (zum Runterladen)<br \/>\n<a href=\"https:\/\/sketchfab.com\/3d-models\/gladiator-helmet-71ad17cd1a874c26b84d2ab502628811\" target=\"_blank\" rel=\"noopener\">aus dem Scetchfab des Britisch Museum<\/a><\/li>\n<li><strong>TIMOTHEUS<\/strong> \u2013 Ein Youtuber, der -wenn auch in Englisch- recht niedlich die Armaturen von uns Gladiatoren erkl\u00e4rt<br \/>\n<a href=\"https:\/\/www.youtube.com\/watch?v=R3y2qEcG0k4&amp;list=PLabDxfGj6LIcG80kg6yLHpm1xVcV_pSdQ\" target=\"_blank\" rel=\"noopener\">Video<\/a><\/li>\n<li><strong>Eine Sammlung<\/strong> vom mehr oder weniger gemeinfreien Bilden zum Thema Gladiatur bei <a href=\"https:\/\/commons.wikimedia.org\/wiki\/Category:Gladiators?uselang=de\" target=\"_blank\" rel=\"noopener\">Wikimedia Commons<\/a><\/li>\n<li><strong>Ein Gladiator-basiertes<\/strong> Diskussionsforum auf <a href=\"https:\/\/www.facebook.com\/groups\/1630464583846193\/\" target=\"_blank\" rel=\"noopener\">Facebook<\/a>.<\/li>\n<li>Die <a href=\"https:\/\/edh.ub.uni-heidelberg.de\/home\" target=\"_blank\" rel=\"noopener\">Epigraphische Datenbank<\/a> Heidelberg beinhaltet die Texte der lateinischen und bilinguen (v.a. lateinisch-griechischen) Inschriften des r\u00f6mischen Reiches.<br \/>\nSowie eine eigene Suchmaschiene, um das Auffinden zu erleichter.<\/li>\n<li><a href=\"https:\/\/romaninscriptionsofbritain.org\/\" target=\"_blank\" rel=\"noopener\">Roman Inscriptions of Britain<\/a> macht etwas \u00c4hnliches, nur in Englisch und auf die Britischen Inseln begrenzt.<\/li>\n<li>Die Uni Mannheim hat eine <a href=\"http:\/\/www-v115.rz.uni-mannheim.de\/index.php?page=home\" target=\"_blank\" rel=\"noopener\">Gladiatorendatenbank<\/a> namentlich bekannter antiker Gladiatoren.<\/li>\n<li>Ein 3D-Modell der <a href=\"https:\/\/sketchfab.com\/3d-models\/school-of-gladiators-carnuntum-6581d03218334ba6b8a5963e85b6cf16\" target=\"_blank\" rel=\"noopener\">Gladiatorenshcule von Carnuntum<\/a> auf Scetchfab<\/li>\n<li>Eine <a href=\"https:\/\/kampfsportmuseum.de\/2022\/11\/12\/gladiatorische-ernaehrung-die-maer-der-dicken-gladiatoren-und-ihre-entstehung\/\" target=\"_blank\" rel=\"noopener\">kritische Auseinandersetzung<\/a> von Svenja, zum Thema &#8222;Pummelige Gladiatoren&#8220;<\/li>\n<li>Eine \u00dcbersicht \u00fcber <a href=\"https:\/\/www.antike-tischkultur.de\/\">antike Tischkultur<\/a>, also M\u00f6bel, Geschirr, Tischsitten, etc.<\/li>\n<\/ul>\n<h2 style=\"text-align: center;\"><span style=\"text-decoration: underline;\"><strong>H\u00e4ndler und Handwerker<\/strong><\/span><\/h2>\n<ul>\n<li><strong>DKS-Metall<\/strong> &#8211; Darsteller, Gladiator und H\u00e4ndler r\u00f6mischer Waren<br \/>\n<a href=\"http:\/\/dks-metall.de\/\" target=\"_blank\" rel=\"noopener\">Webseite<\/a><\/li>\n<li><strong>Fabri Armorum<\/strong> &#8211; Der Schmied unseres Vertrauens<br \/>\n<a href=\"https:\/\/www.fabri-armorum.com\/en\/homepage\/\" target=\"_blank\" rel=\"noopener\">Webseite<\/a><\/li>\n<li><strong>Eysenhut<\/strong> &#8211; &#8222;unfreiwillige&#8220; r\u00f6mische Schneiderin<br \/>\n<a href=\"https:\/\/eysenhut.de\/\" target=\"_blank\" rel=\"noopener\">Webseite<\/a><\/li>\n<li><strong>Kokosz <\/strong>&#8211; Manicae und Polsterhosen kaufen wir gerne hier<br \/>\n<a href=\"http:\/\/www.gambeson.pl\/\" target=\"_blank\" rel=\"noopener\">Webseite<\/a><\/li>\n<li><strong>Heberle Netze <\/strong>&#8211; Hersteller f\u00fcr retiarischen Netzbedarf<br \/>\n<a href=\"info@heberle-netze.de\" target=\"_blank\" rel=\"noopener\">Webseite<\/a><\/li>\n<li><strong>Replik Shop<\/strong> &#8211; viele sch\u00f6ne Repliken findet man hier<br \/>\n<a href=\"http:\/\/www.replik-shop.de\/\" target=\"_blank\" rel=\"noopener\">Webseite<\/a><\/li>\n<li><strong>Pera Peris<\/strong> &#8211; Vielerlei Bedarfsg\u00fcter<br \/>\n<a href=\"http:\/\/www.peraperis.com\/\" target=\"_blank\" rel=\"noopener\">Webseite<\/a><\/li>\n<li><strong>R\u00f6mer Shop<\/strong> &#8211; Allerlei Bedarf f\u00fcr den R\u00f6mer<br \/>\n<a href=\"https:\/\/www.der-roemer-shop.de\/\" target=\"_blank\" rel=\"noopener\">Webseite<\/a><\/li>\n<li><strong>Ancient Empires Reproduktion<\/strong> &#8211; (AER), Produzent der sich den R\u00f6mern verschrieben hat<br \/>\n<a href=\"http:\/\/www.ancientempiresreproductions.com\/AER\/Ancient_Empires_Reproductions.html\" target=\"_blank\" rel=\"noopener\">Webseite<\/a><\/li>\n<li><strong>Battlemerchant<\/strong> &#8211; noch mehr Bedarfsg\u00fcter f\u00fcr\u2019s Reenactment<br \/>\n<a href=\"http:\/\/www.battlemerchant.com\/\" target=\"_blank\" rel=\"noopener\">Webseite<\/a><\/li>\n<li><strong>Wulflund<\/strong> &#8211; ein weiterer H\u00e4ndler, der sich dem Reenactment verschrieben hat<br \/>\n<a href=\"http:\/\/www.wulflund.de\/living-history\/\" target=\"_blank\" rel=\"noopener\">Webseite<\/a><\/li>\n<li><strong>Drakentrey<\/strong> &#8211; Dinge, ohne die ein Gladiator nicht leben kann: Met, Mulsum und Seife<br \/>\n<a href=\"http:\/\/www.drakentrey.de\/\" target=\"_blank\" rel=\"noopener\">Webseite<\/a><\/li>\n<li><strong>Avarium <\/strong>&#8211; Blingbling f\u00fcr den Gladiator &#8211; Federn<br \/>\n<a href=\"https:\/\/straussenfedern-kaufen.de\/\" target=\"_blank\" rel=\"noopener\">Webseite<\/a><\/li>\n<li><strong>Iron Art <\/strong>&#8211; Helmreparaturen auf dem kurzen Dienstweg in Berlin<br \/>\n<a href=\"http:\/\/www.ironart-berlin.de\/\" target=\"_blank\" rel=\"noopener\">Webseite<\/a><\/li>\n<li><strong>Holzhandlung Deitmaring <\/strong>&#8211; Hasta- und Fuscinabasen<br \/>\n<a href=\"http:\/\/www.deitmaring.de\/\" target=\"_blank\" rel=\"noopener\">Webseite<\/a><\/li>\n<li><strong>Knieriem <\/strong>&#8211; Repliken historischer Schuhe<br \/>\n<a href=\"http:\/\/www.knieriem.net\/\" target=\"_blank\" rel=\"noopener\">Webseite<\/a><\/li>\n<li>TINCTORIVM ROMANVM &#8211; eine R\u00f6mische F\u00e4rberei<br \/>\n<a href=\"http:\/\/www.roemischer-vicus.de\/p_tinctorium.htm\">Webseite<\/a><\/li>\n<li>Fabrica Cacti &#8211; Tuniken und anderes Zubeh\u00f6r<br \/>\n<a href=\"http:\/\/Webseite\" rel=\"noopener\" target=\"_blank\">http:\/\/www.fabricacacti.freha.pl\/<\/a><\/li>\n<\/ul>\n","protected":false},"excerpt":{"rendered":"<p>Follow us on Facebook: https:\/\/www.facebook.com\/GladiatorenschuleBerlin Und auch auf Instagram. Sowie unsere Ver\u00f6ffentlichungen auf Academia Gruppen in Deutschland: LVDVS NEMESIS, Hamburg Webseite AMOR MORTIS, K\u00f6ln Webseite Gladiatorenschule Trier, Castrop-Rauxel *Scherz* Webseite Ludus Gorgonis, Gie\u00dfen Webseite Ludus Chimairae, M\u00fcnster Webseite Lvdvs Versvlativs, Neuss Webseite Gladiatores Berol&#8230;., ach nee, das sind ja wir&#8230;; Gruppen in aller Welt: Tarraco [&hellip;]<\/p>\n","protected":false},"author":5,"featured_media":0,"parent":0,"menu_order":9,"comment_status":"open","ping_status":"open","template":"","meta":{"ngg_post_thumbnail":0,"footnotes":""},"class_list":["post-33","page","type-page","status-publish","hentry"],"_links":{"self":[{"href":"https:\/\/www.gladiatorenschule-berlin.rocks\/index.php?rest_route=\/wp\/v2\/pages\/33","targetHints":{"allow":["GET"]}}],"collection":[{"href":"https:\/\/www.gladiatorenschule-berlin.rocks\/index.php?rest_route=\/wp\/v2\/pages"}],"about":[{"href":"https:\/\/www.gladiatorenschule-berlin.rocks\/index.php?rest_route=\/wp\/v2\/types\/page"}],"author":[{"embeddable":true,"href":"https:\/\/www.gladiatorenschule-berlin.rocks\/index.php?rest_route=\/wp\/v2\/users\/5"}],"replies":[{"embeddable":true,"href":"https:\/\/www.gladiatorenschule-berlin.rocks\/index.php?rest_route=%2Fwp%2Fv2%2Fcomments&post=33"}],"version-history":[{"count":22,"href":"https:\/\/www.gladiatorenschule-berlin.rocks\/index.php?rest_route=\/wp\/v2\/pages\/33\/revisions"}],"predecessor-version":[{"id":6505,"href":"https:\/\/www.gladiatorenschule-berlin.rocks\/index.php?rest_route=\/wp\/v2\/pages\/33\/revisions\/6505"}],"wp:attachment":[{"href":"https:\/\/www.gladiatorenschule-berlin.rocks\/index.php?rest_route=%2Fwp%2Fv2%2Fmedia&parent=33"}],"curies":[{"name":"wp","href":"https:\/\/api.w.org\/{rel}","templated":true}]}}