{"id":3842,"date":"2021-03-07T19:37:29","date_gmt":"2021-03-07T18:37:29","guid":{"rendered":"https:\/\/www.gladiatorenschule-berlin.rocks\/?page_id=3842"},"modified":"2021-03-08T14:05:38","modified_gmt":"2021-03-08T13:05:38","slug":"unsere-craticula","status":"publish","type":"page","link":"https:\/\/www.gladiatorenschule-berlin.rocks\/?page_id=3842","title":{"rendered":"Unsere Craticula"},"content":{"rendered":"<p><a href=\"https:\/\/www.gladiatorenschule-berlin.rocks\/wp-content\/uploads\/2021\/03\/Abb2_Buchauszug_Craticula.jpg\"><img loading=\"lazy\" decoding=\"async\" class=\"alignleft size-medium wp-image-2932\" src=\"https:\/\/www.gladiatorenschule-berlin.rocks\/wp-content\/uploads\/2021\/03\/Abb2_Buchauszug_Craticula.jpg\" alt=\"\" width=\"300\" height=\"273\" \/><\/a><br \/>\nIm neapolitanischen Nationalmuseum findet sich die r\u00f6mische Kochstelle bzw. \u201eHerd\u201c, welche in Pompeii gefunden wurde.<\/p>\n<p>Daran hat sich unser Schmied des Vertrauens Domi von <a href=\"http:\/\/dks-metall.de\/\" target=\"_blank\" rel=\"noopener\">DKS-Metall<\/a> abgearbeitet. Die starke Korrosion durch die Vulkanasche wurde nat\u00fcrlich nicht nachempfunden.<\/p>\n<p><a href=\"https:\/\/www.gladiatorenschule-berlin.rocks\/wp-content\/uploads\/2021\/03\/Abb3_Bauanleitung_MuseoCivilta.jpg\"><img loading=\"lazy\" decoding=\"async\" class=\"alignright size-medium wp-image-2939\" src=\"https:\/\/www.gladiatorenschule-berlin.rocks\/wp-content\/uploads\/2021\/03\/Abb3_Bauanleitung_MuseoCivilta.jpg\" alt=\"\" width=\"300\" height=\"249\" \/><\/a><\/p>\n<p>Die Ma\u00dfe entsprechen in etwa dem Original. (600x450x360) und ein Gewicht von knapp 20kg. Das gesamte Konstrukt wurde dem Vorbild entsprechend vernietet und nicht geschwei\u00dft.<\/p>\n<p><a href=\"https:\/\/www.gladiatorenschule-berlin.rocks\/wp-content\/uploads\/2021\/03\/Abb4_Seitenansicht_Kiste.jpg\"><img loading=\"lazy\" decoding=\"async\" class=\"size-medium wp-image-2933 alignleft\" src=\"https:\/\/www.gladiatorenschule-berlin.rocks\/wp-content\/uploads\/2021\/03\/Abb4_Seitenansicht_Kiste.jpg\" alt=\"\" width=\"225\" height=\"300\" \/><\/a><\/p>\n<p>In Pompeii stand die Craticula auf einem gemauerten Herd, war also nicht f\u00fcr das Lagerleben gedacht. Um die Craticula wurde eine sch\u00fctzende Transportkiste geformt, welche als Unterkonstruktion in der Nutzung fungieren kann. Also sich so nah wie m\u00f6glich an das Original anlehnt. (vgl. Abb. 4).<\/p>\n<p><a href=\"https:\/\/www.gladiatorenschule-berlin.rocks\/wp-content\/uploads\/2021\/03\/Abb5_Detail_Topfaufnahmen.jpg\"><img loading=\"lazy\" decoding=\"async\" class=\"size-medium wp-image-2936 alignright\" src=\"https:\/\/www.gladiatorenschule-berlin.rocks\/wp-content\/uploads\/2021\/03\/Abb5_Detail_Topfaufnahmen.jpg\" alt=\"\" width=\"300\" height=\"225\"  \/><\/a><\/p>\n<p>Unsere Craticula hat 2 Ringe, gem\u00e4\u00df der Fundlage. In eben diesen k\u00f6nnen Paterae oder andere Gef\u00e4\u00dfe gesteckt werden. Die Ringe sind mit herausnehmbaren Eins\u00e4tzen ausgebildet um verschiedene caccabi (T\u00f6pfe) aufnehmen zu k\u00f6nnen . Abweichend zum Bild des Fundes haben wir uns sechs Roststangen ausgebeten um entweder grillen oder einen gro\u00dfen Kessel\/ Pfanne abstellen zu k\u00f6nnen.<\/p>\n<p><a href=\"https:\/\/www.gladiatorenschule-berlin.rocks\/wp-content\/uploads\/2021\/03\/Abb6_Draufsicht.jpg\"><img loading=\"lazy\" decoding=\"async\" class=\"size-medium wp-image-2937 alignleft\" src=\"https:\/\/www.gladiatorenschule-berlin.rocks\/wp-content\/uploads\/2021\/03\/Abb6_Draufsicht.jpg\" alt=\"\" width=\"225\" height=\"300\" \/><\/a><\/p>\n<p>Die Grillstangen haben wir, \u00e4hnlich wie in der Deepeeka-Nachbildung \u00fcber den Rand hinaus biegen lassen. Das weicht zwar vom neapolitanischen Fund ab aber bietet die M\u00f6glichkeit die gr\u00f6\u00dfere Anzahl von Roststangen kalt zwischenzulagern. Hier ging Praktikabilit\u00e4t vor Fund.<br \/>\nNun warten wir auf eine Testgelegenheit um einen Erfahrungsbericht zusteuern zu k\u00f6nnen. W\u00fcnscht uns Allen Gl\u00fcck.<\/p>\n<p>manete sanus<\/p>\n<p>Pullus<\/p>\n","protected":false},"excerpt":{"rendered":"<p>Im neapolitanischen Nationalmuseum findet sich die r\u00f6mische Kochstelle bzw. \u201eHerd\u201c, welche in Pompeii gefunden wurde. Daran hat sich unser Schmied des Vertrauens Domi von DKS-Metall abgearbeitet. Die starke Korrosion durch die Vulkanasche wurde nat\u00fcrlich nicht nachempfunden. Die Ma\u00dfe entsprechen in etwa dem Original. (600x450x360) und ein Gewicht von knapp 20kg. Das gesamte Konstrukt wurde dem [&hellip;]<\/p>\n","protected":false},"author":2,"featured_media":0,"parent":2871,"menu_order":0,"comment_status":"closed","ping_status":"closed","template":"","meta":{"ngg_post_thumbnail":0,"footnotes":""},"class_list":["post-3842","page","type-page","status-publish","hentry"],"_links":{"self":[{"href":"https:\/\/www.gladiatorenschule-berlin.rocks\/index.php?rest_route=\/wp\/v2\/pages\/3842","targetHints":{"allow":["GET"]}}],"collection":[{"href":"https:\/\/www.gladiatorenschule-berlin.rocks\/index.php?rest_route=\/wp\/v2\/pages"}],"about":[{"href":"https:\/\/www.gladiatorenschule-berlin.rocks\/index.php?rest_route=\/wp\/v2\/types\/page"}],"author":[{"embeddable":true,"href":"https:\/\/www.gladiatorenschule-berlin.rocks\/index.php?rest_route=\/wp\/v2\/users\/2"}],"replies":[{"embeddable":true,"href":"https:\/\/www.gladiatorenschule-berlin.rocks\/index.php?rest_route=%2Fwp%2Fv2%2Fcomments&post=3842"}],"version-history":[{"count":4,"href":"https:\/\/www.gladiatorenschule-berlin.rocks\/index.php?rest_route=\/wp\/v2\/pages\/3842\/revisions"}],"predecessor-version":[{"id":3852,"href":"https:\/\/www.gladiatorenschule-berlin.rocks\/index.php?rest_route=\/wp\/v2\/pages\/3842\/revisions\/3852"}],"up":[{"embeddable":true,"href":"https:\/\/www.gladiatorenschule-berlin.rocks\/index.php?rest_route=\/wp\/v2\/pages\/2871"}],"wp:attachment":[{"href":"https:\/\/www.gladiatorenschule-berlin.rocks\/index.php?rest_route=%2Fwp%2Fv2%2Fmedia&parent=3842"}],"curies":[{"name":"wp","href":"https:\/\/api.w.org\/{rel}","templated":true}]}}