{"id":4585,"date":"2021-07-27T21:25:26","date_gmt":"2021-07-27T19:25:26","guid":{"rendered":"https:\/\/www.gladiatorenschule-berlin.rocks\/?page_id=4585"},"modified":"2021-08-09T18:25:28","modified_gmt":"2021-08-09T16:25:28","slug":"pumillus-praezeps-provocators-primus-palus-xl-pektorale-pppppxlp","status":"publish","type":"page","link":"https:\/\/www.gladiatorenschule-berlin.rocks\/?page_id=4585","title":{"rendered":"Pumillus Praezeps Provocators Primus Palus XL Pektorale (PPPPPXLP)"},"content":{"rendered":"<p>Salvete Amici,<\/p>\n<p>der (kleine) Primus unseres Ludus, der Pumillus Praezeps \u2013 j\u00e4hzorniger Zwerg, wurde XL. Das ist ein guter Anlass, um ein wenig in unseren Bildersammlungen zu st\u00f6bern und dabei sind wir auf drei wundersch\u00f6ne Abbildungen gesto\u00dfen.<\/p>\n<figure id=\"attachment_4595\" aria-describedby=\"caption-attachment-4595\" style=\"width: 226px\" class=\"wp-caption alignleft\"><a href=\"https:\/\/www.gladiatorenschule-berlin.rocks\/wp-content\/uploads\/2021\/07\/Roman-Bronze-Boxing-Dwarf.jpg\"><img loading=\"lazy\" decoding=\"async\" class=\"wp-image-4595 \" src=\"https:\/\/www.gladiatorenschule-berlin.rocks\/wp-content\/uploads\/2021\/07\/Roman-Bronze-Boxing-Dwarf-150x150.jpg\" alt=\"\" width=\"226\" height=\"226\" \/><\/a><figcaption id=\"caption-attachment-4595\" class=\"wp-caption-text\">Abbildung 1 Boxender Zwerg<\/figcaption><\/figure>\n<figure id=\"attachment_4588\" aria-describedby=\"caption-attachment-4588\" style=\"width: 300px\" class=\"wp-caption alignright\"><a href=\"https:\/\/www.gladiatorenschule-berlin.rocks\/wp-content\/uploads\/2021\/07\/8485593501_73281bf8fc_b-1.jpg\"><img loading=\"lazy\" decoding=\"async\" class=\"wp-image-4588 size-medium\" src=\"https:\/\/www.gladiatorenschule-berlin.rocks\/wp-content\/uploads\/2021\/07\/8485593501_73281bf8fc_b-1-300x225.jpg\" alt=\"\" width=\"300\" height=\"225\" srcset=\"https:\/\/www.gladiatorenschule-berlin.rocks\/wp-content\/uploads\/2021\/07\/8485593501_73281bf8fc_b-1-300x225.jpg 300w, https:\/\/www.gladiatorenschule-berlin.rocks\/wp-content\/uploads\/2021\/07\/8485593501_73281bf8fc_b-1-768x576.jpg 768w, https:\/\/www.gladiatorenschule-berlin.rocks\/wp-content\/uploads\/2021\/07\/8485593501_73281bf8fc_b-1-720x540.jpg 720w, https:\/\/www.gladiatorenschule-berlin.rocks\/wp-content\/uploads\/2021\/07\/8485593501_73281bf8fc_b-1-224x168.jpg 224w, https:\/\/www.gladiatorenschule-berlin.rocks\/wp-content\/uploads\/2021\/07\/8485593501_73281bf8fc_b-1-693x520.jpg 693w, https:\/\/www.gladiatorenschule-berlin.rocks\/wp-content\/uploads\/2021\/07\/8485593501_73281bf8fc_b-1.jpg 901w\" sizes=\"auto, (max-width: 300px) 100vw, 300px\" \/><\/a><figcaption id=\"caption-attachment-4588\" class=\"wp-caption-text\">Abbildung 2 Zwergenpankration<\/figcaption><\/figure>\n<p>&nbsp;<\/p>\n<p>&nbsp;<\/p>\n<p>&nbsp;<\/p>\n<p>&nbsp;<\/p>\n<p>&nbsp;<\/p>\n<p>&nbsp;<\/p>\n<p>&nbsp;<\/p>\n<p>&nbsp;<\/p>\n<p>&nbsp;<\/p>\n<p>Als erstes kam uns eine Figur eines boxendenden Zwerges (Abb. 1) unter, der zwischen dem 1.Jh. vor und dem 1.Jh. nach Chr. datiert wird. Hier h\u00e4tte unsere Suche fast geendet aber unsere Datenkrake fand erst einen weiteren Zwerg im Pankrationskontext (Abb. 2) und schlussendlich, in einem Antikenblog<a href=\"#_ftn1\" name=\"_ftnref1\">[1]<\/a>, einen g\u00f6ttlichen Hahn mit einem auff\u00e4llig kleinen Pfleger (Abb. 3). Bei genauer Betrachtung k\u00f6nnte man eine provokative Art unterstellen. Da wussten wir, dass wir die Vorlage f\u00fcr unseren aktuellen Anlass gefunden hatten. Also wurde von unserem Kunstschmied eine entsprechende Interpretation angefertigt. Hierzu muss man wissen, dass der Lanista und Pumillus seit 14 Jahren gemeinsam trainieren und k\u00e4mpfen. Dabei hat sich eine gewisse Konkurrenz eingestellt und diese Konkurrenz sollte eingefangen werden. Diese Interpretation zeigt sich in der schlussendlichen Motivwahl. Dieses Motiv soll nat\u00fcrlich die neue Pectorale von Pumillus zieren. Hierbei sei erw\u00e4hnt, dass die alten Riesenpectoralen von Pumillus und Pullus aus der Schmiede Krondac durch noch bessere \u201egeschichtsnahe Interpretationen\u201c ersetzt werden sollten und nun auch sind.<\/p>\n<figure id=\"attachment_4593\" aria-describedby=\"caption-attachment-4593\" style=\"width: 300px\" class=\"wp-caption alignleft\"><a href=\"https:\/\/www.gladiatorenschule-berlin.rocks\/wp-content\/uploads\/2021\/07\/Naples_Museum_3_14972899297.jpg\"><img loading=\"lazy\" decoding=\"async\" class=\"wp-image-4593 size-medium\" src=\"https:\/\/www.gladiatorenschule-berlin.rocks\/wp-content\/uploads\/2021\/07\/Naples_Museum_3_14972899297-300x300.jpg\" alt=\"\" width=\"300\" height=\"300\" srcset=\"https:\/\/www.gladiatorenschule-berlin.rocks\/wp-content\/uploads\/2021\/07\/Naples_Museum_3_14972899297-300x300.jpg 300w, https:\/\/www.gladiatorenschule-berlin.rocks\/wp-content\/uploads\/2021\/07\/Naples_Museum_3_14972899297-150x150.jpg 150w, https:\/\/www.gladiatorenschule-berlin.rocks\/wp-content\/uploads\/2021\/07\/Naples_Museum_3_14972899297-768x769.jpg 768w, https:\/\/www.gladiatorenschule-berlin.rocks\/wp-content\/uploads\/2021\/07\/Naples_Museum_3_14972899297-720x721.jpg 720w, https:\/\/www.gladiatorenschule-berlin.rocks\/wp-content\/uploads\/2021\/07\/Naples_Museum_3_14972899297-224x224.jpg 224w, https:\/\/www.gladiatorenschule-berlin.rocks\/wp-content\/uploads\/2021\/07\/Naples_Museum_3_14972899297-519x520.jpg 519w, https:\/\/www.gladiatorenschule-berlin.rocks\/wp-content\/uploads\/2021\/07\/Naples_Museum_3_14972899297.jpg 983w\" sizes=\"auto, (max-width: 300px) 100vw, 300px\" \/><\/a><figcaption id=\"caption-attachment-4593\" class=\"wp-caption-text\">Abbildung 3 Hahn Museum Neapel<\/figcaption><\/figure>\n<figure id=\"attachment_4589\" aria-describedby=\"caption-attachment-4589\" style=\"width: 300px\" class=\"wp-caption alignleft\"><a href=\"https:\/\/www.gladiatorenschule-berlin.rocks\/wp-content\/uploads\/2021\/07\/Friesack_2008.jpg\"><img loading=\"lazy\" decoding=\"async\" class=\"wp-image-4589 size-medium\" src=\"https:\/\/www.gladiatorenschule-berlin.rocks\/wp-content\/uploads\/2021\/07\/Friesack_2008-300x225.jpg\" alt=\"\" width=\"300\" height=\"225\" srcset=\"https:\/\/www.gladiatorenschule-berlin.rocks\/wp-content\/uploads\/2021\/07\/Friesack_2008-300x225.jpg 300w, https:\/\/www.gladiatorenschule-berlin.rocks\/wp-content\/uploads\/2021\/07\/Friesack_2008-224x168.jpg 224w, https:\/\/www.gladiatorenschule-berlin.rocks\/wp-content\/uploads\/2021\/07\/Friesack_2008.jpg 650w\" sizes=\"auto, (max-width: 300px) 100vw, 300px\" \/><\/a><figcaption id=\"caption-attachment-4589\" class=\"wp-caption-text\">Abbildung 4 Pullus und Pumillus 2008 in Friesack<\/figcaption><\/figure>\n<p>&nbsp;<\/p>\n<figure id=\"attachment_4594\" aria-describedby=\"caption-attachment-4594\" style=\"width: 300px\" class=\"wp-caption alignleft\"><a href=\"https:\/\/www.gladiatorenschule-berlin.rocks\/wp-content\/uploads\/2021\/07\/Planung-scaled.jpeg\"><img loading=\"lazy\" decoding=\"async\" class=\"wp-image-4594 size-medium\" src=\"https:\/\/www.gladiatorenschule-berlin.rocks\/wp-content\/uploads\/2021\/07\/Planung-300x169.jpeg\" alt=\"\" width=\"300\" height=\"169\" srcset=\"https:\/\/www.gladiatorenschule-berlin.rocks\/wp-content\/uploads\/2021\/07\/Planung-300x169.jpeg 300w, https:\/\/www.gladiatorenschule-berlin.rocks\/wp-content\/uploads\/2021\/07\/Planung-1024x576.jpeg 1024w, https:\/\/www.gladiatorenschule-berlin.rocks\/wp-content\/uploads\/2021\/07\/Planung-768x432.jpeg 768w, https:\/\/www.gladiatorenschule-berlin.rocks\/wp-content\/uploads\/2021\/07\/Planung-1536x864.jpeg 1536w, https:\/\/www.gladiatorenschule-berlin.rocks\/wp-content\/uploads\/2021\/07\/Planung-2048x1152.jpeg 2048w, https:\/\/www.gladiatorenschule-berlin.rocks\/wp-content\/uploads\/2021\/07\/Planung-720x405.jpeg 720w, https:\/\/www.gladiatorenschule-berlin.rocks\/wp-content\/uploads\/2021\/07\/Planung-224x126.jpeg 224w, https:\/\/www.gladiatorenschule-berlin.rocks\/wp-content\/uploads\/2021\/07\/Planung-924x520.jpeg 924w, https:\/\/www.gladiatorenschule-berlin.rocks\/wp-content\/uploads\/2021\/07\/Planung-1140x641.jpeg 1140w\" sizes=\"auto, (max-width: 300px) 100vw, 300px\" \/><\/a><figcaption id=\"caption-attachment-4594\" class=\"wp-caption-text\">Abbildung 5 Planung Haltekonstruktion<\/figcaption><\/figure>\n<p>&nbsp;<\/p>\n<p>&nbsp;<\/p>\n<p>&nbsp;<\/p>\n<p>&nbsp;<\/p>\n<p>&nbsp;<\/p>\n<p>&nbsp;<\/p>\n<p>&nbsp;<\/p>\n<p>&nbsp;<\/p>\n<p>&nbsp;<\/p>\n<p>&nbsp;<\/p>\n<p>&nbsp;<\/p>\n<p>&nbsp;<\/p>\n<p>&nbsp;<\/p>\n<p>Die Pectorale ist \u00e4hnlich dem Modell von Pullus<a href=\"#_ftn1\" name=\"_ftnref1\">[2]<\/a> und basiert auf demselben Luduswissensstand. Aber wieder haben wir ein wenig experimentiert. Diesmal war die Haltekonstruktion das Objekt der Untersuchung. Wir wissen vom Tiberrelief, dass die Riemen gekreuzt sein konnten. Dies haben wir wieder \u00fcbernommen und den Kreuzungspunkt diesmal mit einer Lederf\u00fchrung mit Metallbeschlag stabilisiert. Die Lederf\u00fchrung haben wir gew\u00e4hlt, da uns keine Funde von solchen Riemenf\u00fchrungen bekannt sind. Das kann mit einem verrottbaren Werkstoff erkl\u00e4rt werden. Zus\u00e4tzlich sind wir von den vier 45\u00b0 Winkeln<\/p>\n<p>&nbsp;<\/p>\n<figure id=\"attachment_4606\" aria-describedby=\"caption-attachment-4606\" style=\"width: 211px\" class=\"wp-caption alignleft\"><a href=\"https:\/\/www.gladiatorenschule-berlin.rocks\/wp-content\/uploads\/2021\/07\/Rueckenkreuzblende-scaled.jpg\"><img loading=\"lazy\" decoding=\"async\" class=\"wp-image-4606 \" src=\"https:\/\/www.gladiatorenschule-berlin.rocks\/wp-content\/uploads\/2021\/07\/Rueckenkreuzblende-225x300.jpg\" alt=\"\" width=\"211\" height=\"281\" srcset=\"https:\/\/www.gladiatorenschule-berlin.rocks\/wp-content\/uploads\/2021\/07\/Rueckenkreuzblende-225x300.jpg 225w, https:\/\/www.gladiatorenschule-berlin.rocks\/wp-content\/uploads\/2021\/07\/Rueckenkreuzblende-768x1024.jpg 768w, https:\/\/www.gladiatorenschule-berlin.rocks\/wp-content\/uploads\/2021\/07\/Rueckenkreuzblende-1152x1536.jpg 1152w, https:\/\/www.gladiatorenschule-berlin.rocks\/wp-content\/uploads\/2021\/07\/Rueckenkreuzblende-1536x2048.jpg 1536w, https:\/\/www.gladiatorenschule-berlin.rocks\/wp-content\/uploads\/2021\/07\/Rueckenkreuzblende-720x960.jpg 720w, https:\/\/www.gladiatorenschule-berlin.rocks\/wp-content\/uploads\/2021\/07\/Rueckenkreuzblende-168x224.jpg 168w, https:\/\/www.gladiatorenschule-berlin.rocks\/wp-content\/uploads\/2021\/07\/Rueckenkreuzblende-390x520.jpg 390w, https:\/\/www.gladiatorenschule-berlin.rocks\/wp-content\/uploads\/2021\/07\/Rueckenkreuzblende-1140x1520.jpg 1140w, https:\/\/www.gladiatorenschule-berlin.rocks\/wp-content\/uploads\/2021\/07\/Rueckenkreuzblende-scaled.jpg 1920w\" sizes=\"auto, (max-width: 211px) 100vw, 211px\" \/><\/a><figcaption id=\"caption-attachment-4606\" class=\"wp-caption-text\">Abbildung 6 Riemenkreuz \u00a0\u00a0\u00a0\u00a0\u00a0\u00a0\u00a0\u00a0\u00a0\u00a0<\/figcaption><\/figure>\n<figure id=\"attachment_4597\" aria-describedby=\"caption-attachment-4597\" style=\"width: 208px\" class=\"wp-caption alignleft\"><a href=\"https:\/\/www.gladiatorenschule-berlin.rocks\/wp-content\/uploads\/2021\/07\/Rueckenblendenmontage-scaled.jpg\"><img loading=\"lazy\" decoding=\"async\" class=\"wp-image-4597 \" src=\"https:\/\/www.gladiatorenschule-berlin.rocks\/wp-content\/uploads\/2021\/07\/Rueckenblendenmontage-225x300.jpg\" alt=\"\" width=\"208\" height=\"278\" srcset=\"https:\/\/www.gladiatorenschule-berlin.rocks\/wp-content\/uploads\/2021\/07\/Rueckenblendenmontage-225x300.jpg 225w, https:\/\/www.gladiatorenschule-berlin.rocks\/wp-content\/uploads\/2021\/07\/Rueckenblendenmontage-768x1024.jpg 768w, https:\/\/www.gladiatorenschule-berlin.rocks\/wp-content\/uploads\/2021\/07\/Rueckenblendenmontage-1152x1536.jpg 1152w, https:\/\/www.gladiatorenschule-berlin.rocks\/wp-content\/uploads\/2021\/07\/Rueckenblendenmontage-1536x2048.jpg 1536w, https:\/\/www.gladiatorenschule-berlin.rocks\/wp-content\/uploads\/2021\/07\/Rueckenblendenmontage-720x960.jpg 720w, https:\/\/www.gladiatorenschule-berlin.rocks\/wp-content\/uploads\/2021\/07\/Rueckenblendenmontage-168x224.jpg 168w, https:\/\/www.gladiatorenschule-berlin.rocks\/wp-content\/uploads\/2021\/07\/Rueckenblendenmontage-390x520.jpg 390w, https:\/\/www.gladiatorenschule-berlin.rocks\/wp-content\/uploads\/2021\/07\/Rueckenblendenmontage-1140x1520.jpg 1140w, https:\/\/www.gladiatorenschule-berlin.rocks\/wp-content\/uploads\/2021\/07\/Rueckenblendenmontage-scaled.jpg 1920w\" sizes=\"auto, (max-width: 208px) 100vw, 208px\" \/><\/a><figcaption id=\"caption-attachment-4597\" class=\"wp-caption-text\">Abbildung 7 Riemenkreuz Montage\u00a0\u00a0\u00a0\u00a0\u00a0\u00a0\u00a0\u00a0\u00a0\u00a0\u00a0\u00a0\u00a0\u00a0\u00a0\u00a0\u00a0\u00a0\u00a0\u00a0\u00a0<\/figcaption><\/figure>\n<figure id=\"attachment_4605\" aria-describedby=\"caption-attachment-4605\" style=\"width: 211px\" class=\"wp-caption alignleft\"><a href=\"https:\/\/www.gladiatorenschule-berlin.rocks\/wp-content\/uploads\/2021\/07\/Rueckenkreiz_neu2-scaled.jpg\"><img loading=\"lazy\" decoding=\"async\" class=\"wp-image-4605 \" src=\"https:\/\/www.gladiatorenschule-berlin.rocks\/wp-content\/uploads\/2021\/07\/Rueckenkreiz_neu2-225x300.jpg\" alt=\"\" width=\"211\" height=\"281\" srcset=\"https:\/\/www.gladiatorenschule-berlin.rocks\/wp-content\/uploads\/2021\/07\/Rueckenkreiz_neu2-225x300.jpg 225w, https:\/\/www.gladiatorenschule-berlin.rocks\/wp-content\/uploads\/2021\/07\/Rueckenkreiz_neu2-768x1024.jpg 768w, https:\/\/www.gladiatorenschule-berlin.rocks\/wp-content\/uploads\/2021\/07\/Rueckenkreiz_neu2-1152x1536.jpg 1152w, https:\/\/www.gladiatorenschule-berlin.rocks\/wp-content\/uploads\/2021\/07\/Rueckenkreiz_neu2-1536x2048.jpg 1536w, https:\/\/www.gladiatorenschule-berlin.rocks\/wp-content\/uploads\/2021\/07\/Rueckenkreiz_neu2-720x960.jpg 720w, https:\/\/www.gladiatorenschule-berlin.rocks\/wp-content\/uploads\/2021\/07\/Rueckenkreiz_neu2-168x224.jpg 168w, https:\/\/www.gladiatorenschule-berlin.rocks\/wp-content\/uploads\/2021\/07\/Rueckenkreiz_neu2-390x520.jpg 390w, https:\/\/www.gladiatorenschule-berlin.rocks\/wp-content\/uploads\/2021\/07\/Rueckenkreiz_neu2-1140x1520.jpg 1140w, https:\/\/www.gladiatorenschule-berlin.rocks\/wp-content\/uploads\/2021\/07\/Rueckenkreiz_neu2-scaled.jpg 1920w\" sizes=\"auto, (max-width: 211px) 100vw, 211px\" \/><\/a><figcaption id=\"caption-attachment-4605\" class=\"wp-caption-text\">Abbildung 8 Riemenkreuz Basis<\/figcaption><\/figure>\n<p>&nbsp;<\/p>\n<p>&nbsp;<\/p>\n<p>&nbsp;<\/p>\n<p>&nbsp;<\/p>\n<p>&nbsp;<\/p>\n<p>&nbsp;<\/p>\n<p>&nbsp;<\/p>\n<p>&nbsp;<\/p>\n<p>&nbsp;<\/p>\n<p>&nbsp;<\/p>\n<figure id=\"attachment_4596\" aria-describedby=\"caption-attachment-4596\" style=\"width: 300px\" class=\"wp-caption alignleft\"><a href=\"https:\/\/www.gladiatorenschule-berlin.rocks\/wp-content\/uploads\/2021\/07\/Rome-MuseodelleTerme-Gladiatorenrelief-017.jpg\"><img loading=\"lazy\" decoding=\"async\" class=\"wp-image-4596 size-medium\" src=\"https:\/\/www.gladiatorenschule-berlin.rocks\/wp-content\/uploads\/2021\/07\/Rome-MuseodelleTerme-Gladiatorenrelief-017-300x198.jpg\" alt=\"\" width=\"300\" height=\"198\" srcset=\"https:\/\/www.gladiatorenschule-berlin.rocks\/wp-content\/uploads\/2021\/07\/Rome-MuseodelleTerme-Gladiatorenrelief-017-300x198.jpg 300w, https:\/\/www.gladiatorenschule-berlin.rocks\/wp-content\/uploads\/2021\/07\/Rome-MuseodelleTerme-Gladiatorenrelief-017-1024x675.jpg 1024w, https:\/\/www.gladiatorenschule-berlin.rocks\/wp-content\/uploads\/2021\/07\/Rome-MuseodelleTerme-Gladiatorenrelief-017-768x506.jpg 768w, https:\/\/www.gladiatorenschule-berlin.rocks\/wp-content\/uploads\/2021\/07\/Rome-MuseodelleTerme-Gladiatorenrelief-017-720x475.jpg 720w, https:\/\/www.gladiatorenschule-berlin.rocks\/wp-content\/uploads\/2021\/07\/Rome-MuseodelleTerme-Gladiatorenrelief-017-224x148.jpg 224w, https:\/\/www.gladiatorenschule-berlin.rocks\/wp-content\/uploads\/2021\/07\/Rome-MuseodelleTerme-Gladiatorenrelief-017-789x520.jpg 789w, https:\/\/www.gladiatorenschule-berlin.rocks\/wp-content\/uploads\/2021\/07\/Rome-MuseodelleTerme-Gladiatorenrelief-017-1140x751.jpg 1140w, https:\/\/www.gladiatorenschule-berlin.rocks\/wp-content\/uploads\/2021\/07\/Rome-MuseodelleTerme-Gladiatorenrelief-017.jpg 1200w\" sizes=\"auto, (max-width: 300px) 100vw, 300px\" \/><\/a><figcaption id=\"caption-attachment-4596\" class=\"wp-caption-text\">Abbildung 9 Thermenmuseumsrelief<\/figcaption><\/figure>\n<p>an der Riemenbefestigungen zu Gunsten von 2x 90\u00b0 und 2x 0\u00b0-Winkeln abgewichen. Hier n\u00e4hern wir uns im Ergebnis der Optik des Reliefs im Thermenmuseum Rom (vgl. Abb.9) an. Durch diese kleine \u00c4nderung liegt die Pectorale flacher an der Brust des Tr\u00e4gers an (und weniger auf dem Bauch -auf) und die Riemen legen sich in unserem Fall glatter an den K\u00f6rper. \u00a0Es sei erw\u00e4hnt, dass die Lederarbeiten wieder von unserem Mann f\u00fcr das Leder \u201eMons\u201c angeleitet und ausgef\u00fchrt wurden. Die Lederfarbe wurde nach der Arenafarbe von Pumillus in gr\u00fcn ausgew\u00e4hlt.<\/p>\n<figure id=\"attachment_4592\" aria-describedby=\"caption-attachment-4592\" style=\"width: 300px\" class=\"wp-caption alignleft\"><a href=\"https:\/\/www.gladiatorenschule-berlin.rocks\/wp-content\/uploads\/2021\/07\/IMG_20210718_183105-scaled.jpg\"><img loading=\"lazy\" decoding=\"async\" class=\"wp-image-4592 size-medium\" src=\"https:\/\/www.gladiatorenschule-berlin.rocks\/wp-content\/uploads\/2021\/07\/IMG_20210718_183105-300x225.jpg\" alt=\"\" width=\"300\" height=\"225\" srcset=\"https:\/\/www.gladiatorenschule-berlin.rocks\/wp-content\/uploads\/2021\/07\/IMG_20210718_183105-300x225.jpg 300w, https:\/\/www.gladiatorenschule-berlin.rocks\/wp-content\/uploads\/2021\/07\/IMG_20210718_183105-1024x768.jpg 1024w, https:\/\/www.gladiatorenschule-berlin.rocks\/wp-content\/uploads\/2021\/07\/IMG_20210718_183105-768x576.jpg 768w, https:\/\/www.gladiatorenschule-berlin.rocks\/wp-content\/uploads\/2021\/07\/IMG_20210718_183105-1536x1152.jpg 1536w, https:\/\/www.gladiatorenschule-berlin.rocks\/wp-content\/uploads\/2021\/07\/IMG_20210718_183105-2048x1536.jpg 2048w, https:\/\/www.gladiatorenschule-berlin.rocks\/wp-content\/uploads\/2021\/07\/IMG_20210718_183105-720x540.jpg 720w, https:\/\/www.gladiatorenschule-berlin.rocks\/wp-content\/uploads\/2021\/07\/IMG_20210718_183105-224x168.jpg 224w, https:\/\/www.gladiatorenschule-berlin.rocks\/wp-content\/uploads\/2021\/07\/IMG_20210718_183105-693x520.jpg 693w, https:\/\/www.gladiatorenschule-berlin.rocks\/wp-content\/uploads\/2021\/07\/IMG_20210718_183105-1140x855.jpg 1140w\" sizes=\"auto, (max-width: 300px) 100vw, 300px\" \/><\/a><figcaption id=\"caption-attachment-4592\" class=\"wp-caption-text\">Abbildung 10 Riemen<\/figcaption><\/figure>\n<figure id=\"attachment_4591\" aria-describedby=\"caption-attachment-4591\" style=\"width: 300px\" class=\"wp-caption alignright\"><a href=\"https:\/\/www.gladiatorenschule-berlin.rocks\/wp-content\/uploads\/2021\/07\/IMG_20210718_183044-scaled.jpg\"><img loading=\"lazy\" decoding=\"async\" class=\"wp-image-4591 size-medium\" src=\"https:\/\/www.gladiatorenschule-berlin.rocks\/wp-content\/uploads\/2021\/07\/IMG_20210718_183044-300x225.jpg\" alt=\"\" width=\"300\" height=\"225\" srcset=\"https:\/\/www.gladiatorenschule-berlin.rocks\/wp-content\/uploads\/2021\/07\/IMG_20210718_183044-300x225.jpg 300w, https:\/\/www.gladiatorenschule-berlin.rocks\/wp-content\/uploads\/2021\/07\/IMG_20210718_183044-1024x768.jpg 1024w, https:\/\/www.gladiatorenschule-berlin.rocks\/wp-content\/uploads\/2021\/07\/IMG_20210718_183044-768x576.jpg 768w, https:\/\/www.gladiatorenschule-berlin.rocks\/wp-content\/uploads\/2021\/07\/IMG_20210718_183044-1536x1152.jpg 1536w, https:\/\/www.gladiatorenschule-berlin.rocks\/wp-content\/uploads\/2021\/07\/IMG_20210718_183044-2048x1536.jpg 2048w, https:\/\/www.gladiatorenschule-berlin.rocks\/wp-content\/uploads\/2021\/07\/IMG_20210718_183044-720x540.jpg 720w, https:\/\/www.gladiatorenschule-berlin.rocks\/wp-content\/uploads\/2021\/07\/IMG_20210718_183044-224x168.jpg 224w, https:\/\/www.gladiatorenschule-berlin.rocks\/wp-content\/uploads\/2021\/07\/IMG_20210718_183044-693x520.jpg 693w, https:\/\/www.gladiatorenschule-berlin.rocks\/wp-content\/uploads\/2021\/07\/IMG_20210718_183044-1140x855.jpg 1140w\" sizes=\"auto, (max-width: 300px) 100vw, 300px\" \/><\/a><figcaption id=\"caption-attachment-4591\" class=\"wp-caption-text\">Abbildung 11 Befestigungen<\/figcaption><\/figure>\n<p>&nbsp;<\/p>\n<p>&nbsp;<\/p>\n<p>&nbsp;<\/p>\n<p>&nbsp;<\/p>\n<p>&nbsp;<\/p>\n<p>&nbsp;<\/p>\n<p>&nbsp;<\/p>\n<p>&nbsp;<\/p>\n<p>&nbsp;<\/p>\n<p>Die Pectorale haben wir vorgebohrt und mittels kleiner aufgenieteter Bronzeverzierungen wurde das Leder im oberen Teil befestigt. Hier haben wir uns f\u00fcr Messingrollschnallen entschieden, um die Abnutzung des Leders zu minimieren und aus Gr\u00fcnden der Schweissbest\u00e4ndigkeit. Im unteren Teil wurde das Leder direkt auf die Pectorale genietet.<\/p>\n<p>Das Ergebnis ist diese wundersch\u00f6ne Pectorale, die eine lange Geschichte zusammenfasst.<\/p>\n<p>&nbsp;<\/p>\n<figure id=\"attachment_4590\" aria-describedby=\"caption-attachment-4590\" style=\"width: 300px\" class=\"wp-caption aligncenter\"><a href=\"https:\/\/www.gladiatorenschule-berlin.rocks\/wp-content\/uploads\/2021\/07\/IMG_20210718_183032-scaled.jpg\"><img loading=\"lazy\" decoding=\"async\" class=\"wp-image-4590 size-medium\" src=\"https:\/\/www.gladiatorenschule-berlin.rocks\/wp-content\/uploads\/2021\/07\/IMG_20210718_183032-300x225.jpg\" alt=\"\" width=\"300\" height=\"225\" srcset=\"https:\/\/www.gladiatorenschule-berlin.rocks\/wp-content\/uploads\/2021\/07\/IMG_20210718_183032-300x225.jpg 300w, https:\/\/www.gladiatorenschule-berlin.rocks\/wp-content\/uploads\/2021\/07\/IMG_20210718_183032-1024x768.jpg 1024w, https:\/\/www.gladiatorenschule-berlin.rocks\/wp-content\/uploads\/2021\/07\/IMG_20210718_183032-768x576.jpg 768w, https:\/\/www.gladiatorenschule-berlin.rocks\/wp-content\/uploads\/2021\/07\/IMG_20210718_183032-1536x1152.jpg 1536w, https:\/\/www.gladiatorenschule-berlin.rocks\/wp-content\/uploads\/2021\/07\/IMG_20210718_183032-2048x1536.jpg 2048w, https:\/\/www.gladiatorenschule-berlin.rocks\/wp-content\/uploads\/2021\/07\/IMG_20210718_183032-720x540.jpg 720w, https:\/\/www.gladiatorenschule-berlin.rocks\/wp-content\/uploads\/2021\/07\/IMG_20210718_183032-224x168.jpg 224w, https:\/\/www.gladiatorenschule-berlin.rocks\/wp-content\/uploads\/2021\/07\/IMG_20210718_183032-693x520.jpg 693w, https:\/\/www.gladiatorenschule-berlin.rocks\/wp-content\/uploads\/2021\/07\/IMG_20210718_183032-1140x855.jpg 1140w\" sizes=\"auto, (max-width: 300px) 100vw, 300px\" \/><\/a><figcaption id=\"caption-attachment-4590\" class=\"wp-caption-text\">Abbildung 12: Fast-End-Version<\/figcaption><\/figure>\n<p>Valete euer Lanista Pullus und Meister Mons<\/p>\n<p><a href=\"#_ftnref1\" name=\"_ftn1\">[1]<\/a> <a href=\"https:\/\/ancientimes.blogspot.com\/2020\/11\/alectryomancy-and-sacred-rooster.html\">https:\/\/ancientimes.blogspot.com\/2020\/11\/alectryomancy-and-sacred-rooster.html<\/a><\/p>\n<p><a href=\"#_ftnref1\" name=\"_ftn1\">[2]<\/a> <a href=\"https:\/\/www.gladiatorenschule-berlin.rocks\/?page_id=4228\">https:\/\/www.gladiatorenschule-berlin.rocks\/?page_id=4228<\/a><\/p>\n<p>&nbsp;<\/p>\n","protected":false},"excerpt":{"rendered":"<p>Salvete Amici, der (kleine) Primus unseres Ludus, der Pumillus Praezeps \u2013 j\u00e4hzorniger Zwerg, wurde XL. Das ist ein guter Anlass, um ein wenig in unseren Bildersammlungen zu st\u00f6bern und dabei sind wir auf drei wundersch\u00f6ne Abbildungen gesto\u00dfen. &nbsp; &nbsp; &nbsp; &nbsp; &nbsp; &nbsp; &nbsp; &nbsp; &nbsp; Als erstes kam uns eine Figur eines boxendenden Zwerges [&hellip;]<\/p>\n","protected":false},"author":4,"featured_media":0,"parent":2862,"menu_order":0,"comment_status":"closed","ping_status":"closed","template":"","meta":{"ngg_post_thumbnail":0,"footnotes":""},"class_list":["post-4585","page","type-page","status-publish","hentry"],"_links":{"self":[{"href":"https:\/\/www.gladiatorenschule-berlin.rocks\/index.php?rest_route=\/wp\/v2\/pages\/4585","targetHints":{"allow":["GET"]}}],"collection":[{"href":"https:\/\/www.gladiatorenschule-berlin.rocks\/index.php?rest_route=\/wp\/v2\/pages"}],"about":[{"href":"https:\/\/www.gladiatorenschule-berlin.rocks\/index.php?rest_route=\/wp\/v2\/types\/page"}],"author":[{"embeddable":true,"href":"https:\/\/www.gladiatorenschule-berlin.rocks\/index.php?rest_route=\/wp\/v2\/users\/4"}],"replies":[{"embeddable":true,"href":"https:\/\/www.gladiatorenschule-berlin.rocks\/index.php?rest_route=%2Fwp%2Fv2%2Fcomments&post=4585"}],"version-history":[{"count":5,"href":"https:\/\/www.gladiatorenschule-berlin.rocks\/index.php?rest_route=\/wp\/v2\/pages\/4585\/revisions"}],"predecessor-version":[{"id":4635,"href":"https:\/\/www.gladiatorenschule-berlin.rocks\/index.php?rest_route=\/wp\/v2\/pages\/4585\/revisions\/4635"}],"up":[{"embeddable":true,"href":"https:\/\/www.gladiatorenschule-berlin.rocks\/index.php?rest_route=\/wp\/v2\/pages\/2862"}],"wp:attachment":[{"href":"https:\/\/www.gladiatorenschule-berlin.rocks\/index.php?rest_route=%2Fwp%2Fv2%2Fmedia&parent=4585"}],"curies":[{"name":"wp","href":"https:\/\/api.w.org\/{rel}","templated":true}]}}