{"id":4720,"date":"2021-10-13T20:06:39","date_gmt":"2021-10-13T18:06:39","guid":{"rendered":"https:\/\/www.gladiatorenschule-berlin.rocks\/?page_id=4720"},"modified":"2021-10-31T18:18:54","modified_gmt":"2021-10-31T17:18:54","slug":"2021-2","status":"publish","type":"page","link":"https:\/\/www.gladiatorenschule-berlin.rocks\/?page_id=4720","title":{"rendered":"2021"},"content":{"rendered":"<p class=\"entry-title\"><strong>BGH-Sportshow UND WfA-Sonderaktion \u201eHeben und Sto\u00dfen\u201c<\/strong><\/p>\n<p>Jaaaa, auch 2021 hatte nun eine Trotz-Coronashow. Diesmal in der <a href=\"https:\/\/www.facebook.com\/Brunogehrkehalle2017\/\" target=\"_blank\" rel=\"noopener\">Bruno-Gehrke-Halle<\/a>. Das gibt Abz\u00fcge beim Ambiente, aber Unabh\u00e4ngigkeit beim Wetter. (was ja das Kiezfest ins sprichw\u00f6rtliche Wasser fallen lie\u00df)<\/p>\n<!-- default-view.php -->\n<div\n\tclass=\"ngg-galleryoverview default-view \"\n\tid=\"ngg-gallery-bf792a73b75ec80ef099f21a15837714-1\">\n\n\t\t<!-- Thumbnails -->\n\t\t\t\t<div id=\"ngg-image-0\" class=\"ngg-gallery-thumbnail-box \" >\n\t\t\t\t        <div class=\"ngg-gallery-thumbnail\">\n            <a href=\"https:\/\/www.gladiatorenschule-berlin.rocks\/wp-content\/gallery\/bgh-sportshow-und-wfa-sonderaktion-heben-und-stossen\/Pumillus_push4.jpg\"\n               title=\"\"\n               data-src=\"https:\/\/www.gladiatorenschule-berlin.rocks\/wp-content\/gallery\/bgh-sportshow-und-wfa-sonderaktion-heben-und-stossen\/Pumillus_push4.jpg\"\n               data-thumbnail=\"https:\/\/www.gladiatorenschule-berlin.rocks\/wp-content\/gallery\/bgh-sportshow-und-wfa-sonderaktion-heben-und-stossen\/thumbs\/thumbs_Pumillus_push4.jpg\"\n               data-image-id=\"788\"\n               data-title=\"Pumillus_push4\"\n               data-description=\"\"\n               data-image-slug=\"pumillus_push4\"\n               class=\"ngg-simplelightbox\" rel=\"bf792a73b75ec80ef099f21a15837714\">\n                <img\n                    title=\"Pumillus_push4\"\n                    alt=\"Pumillus_push4\"\n                    src=\"https:\/\/www.gladiatorenschule-berlin.rocks\/wp-content\/gallery\/bgh-sportshow-und-wfa-sonderaktion-heben-und-stossen\/thumbs\/thumbs_Pumillus_push4.jpg\"\n                    width=\"240\"\n                    height=\"160\"\n                    style=\"max-width:100%;\"\n                \/>\n            <\/a>\n        <\/div>\n\t\t\t\t\t\t\t<\/div> \n\t\t\t\n\t\t\t\t<div id=\"ngg-image-1\" class=\"ngg-gallery-thumbnail-box \" >\n\t\t\t\t        <div class=\"ngg-gallery-thumbnail\">\n            <a href=\"https:\/\/www.gladiatorenschule-berlin.rocks\/wp-content\/gallery\/bgh-sportshow-und-wfa-sonderaktion-heben-und-stossen\/Ambiora_Standdienst.jpg\"\n               title=\"\"\n               data-src=\"https:\/\/www.gladiatorenschule-berlin.rocks\/wp-content\/gallery\/bgh-sportshow-und-wfa-sonderaktion-heben-und-stossen\/Ambiora_Standdienst.jpg\"\n               data-thumbnail=\"https:\/\/www.gladiatorenschule-berlin.rocks\/wp-content\/gallery\/bgh-sportshow-und-wfa-sonderaktion-heben-und-stossen\/thumbs\/thumbs_Ambiora_Standdienst.jpg\"\n               data-image-id=\"771\"\n               data-title=\"Ambiora_Standdienst\"\n               data-description=\"\"\n               data-image-slug=\"ambiora_standdienst\"\n               class=\"ngg-simplelightbox\" rel=\"bf792a73b75ec80ef099f21a15837714\">\n                <img\n                    title=\"Ambiora_Standdienst\"\n                    alt=\"Ambiora_Standdienst\"\n                    src=\"https:\/\/www.gladiatorenschule-berlin.rocks\/wp-content\/gallery\/bgh-sportshow-und-wfa-sonderaktion-heben-und-stossen\/thumbs\/thumbs_Ambiora_Standdienst.jpg\"\n                    width=\"240\"\n                    height=\"160\"\n                    style=\"max-width:100%;\"\n                \/>\n            <\/a>\n        <\/div>\n\t\t\t\t\t\t\t<\/div> \n\t\t\t\n\t\t\t\t<div id=\"ngg-image-2\" class=\"ngg-gallery-thumbnail-box \" >\n\t\t\t\t        <div class=\"ngg-gallery-thumbnail\">\n            <a href=\"https:\/\/www.gladiatorenschule-berlin.rocks\/wp-content\/gallery\/bgh-sportshow-und-wfa-sonderaktion-heben-und-stossen\/IMG_20211030_164237_095.jpg\"\n               title=\"\"\n               data-src=\"https:\/\/www.gladiatorenschule-berlin.rocks\/wp-content\/gallery\/bgh-sportshow-und-wfa-sonderaktion-heben-und-stossen\/IMG_20211030_164237_095.jpg\"\n               data-thumbnail=\"https:\/\/www.gladiatorenschule-berlin.rocks\/wp-content\/gallery\/bgh-sportshow-und-wfa-sonderaktion-heben-und-stossen\/thumbs\/thumbs_IMG_20211030_164237_095.jpg\"\n               data-image-id=\"763\"\n               data-title=\"IMG_20211030_164237_095\"\n               data-description=\"\"\n               data-image-slug=\"img_20211030_164237_095\"\n               class=\"ngg-simplelightbox\" rel=\"bf792a73b75ec80ef099f21a15837714\">\n                <img\n                    title=\"IMG_20211030_164237_095\"\n                    alt=\"IMG_20211030_164237_095\"\n                    src=\"https:\/\/www.gladiatorenschule-berlin.rocks\/wp-content\/gallery\/bgh-sportshow-und-wfa-sonderaktion-heben-und-stossen\/thumbs\/thumbs_IMG_20211030_164237_095.jpg\"\n                    width=\"240\"\n                    height=\"160\"\n                    style=\"max-width:100%;\"\n                \/>\n            <\/a>\n        <\/div>\n\t\t\t\t\t\t\t<\/div> \n\t\t\t\n\t\t\t\t<div id=\"ngg-image-3\" class=\"ngg-gallery-thumbnail-box \" >\n\t\t\t\t        <div class=\"ngg-gallery-thumbnail\">\n            <a href=\"https:\/\/www.gladiatorenschule-berlin.rocks\/wp-content\/gallery\/bgh-sportshow-und-wfa-sonderaktion-heben-und-stossen\/Archi.jpg\"\n               title=\"\"\n               data-src=\"https:\/\/www.gladiatorenschule-berlin.rocks\/wp-content\/gallery\/bgh-sportshow-und-wfa-sonderaktion-heben-und-stossen\/Archi.jpg\"\n               data-thumbnail=\"https:\/\/www.gladiatorenschule-berlin.rocks\/wp-content\/gallery\/bgh-sportshow-und-wfa-sonderaktion-heben-und-stossen\/thumbs\/thumbs_Archi.jpg\"\n               data-image-id=\"764\"\n               data-title=\"Archi\"\n               data-description=\"\"\n               data-image-slug=\"archi\"\n               class=\"ngg-simplelightbox\" rel=\"bf792a73b75ec80ef099f21a15837714\">\n                <img\n                    title=\"Archi\"\n                    alt=\"Archi\"\n                    src=\"https:\/\/www.gladiatorenschule-berlin.rocks\/wp-content\/gallery\/bgh-sportshow-und-wfa-sonderaktion-heben-und-stossen\/thumbs\/thumbs_Archi.jpg\"\n                    width=\"240\"\n                    height=\"160\"\n                    style=\"max-width:100%;\"\n                \/>\n            <\/a>\n        <\/div>\n\t\t\t\t\t\t\t<\/div> \n\t\t\t\n\t\t\t\t<div id=\"ngg-image-4\" class=\"ngg-gallery-thumbnail-box \" >\n\t\t\t\t        <div class=\"ngg-gallery-thumbnail\">\n            <a href=\"https:\/\/www.gladiatorenschule-berlin.rocks\/wp-content\/gallery\/bgh-sportshow-und-wfa-sonderaktion-heben-und-stossen\/Pullus_heben.jpg\"\n               title=\"\"\n               data-src=\"https:\/\/www.gladiatorenschule-berlin.rocks\/wp-content\/gallery\/bgh-sportshow-und-wfa-sonderaktion-heben-und-stossen\/Pullus_heben.jpg\"\n               data-thumbnail=\"https:\/\/www.gladiatorenschule-berlin.rocks\/wp-content\/gallery\/bgh-sportshow-und-wfa-sonderaktion-heben-und-stossen\/thumbs\/thumbs_Pullus_heben.jpg\"\n               data-image-id=\"765\"\n               data-title=\"Pullus_heben\"\n               data-description=\"\"\n               data-image-slug=\"pullus_heben\"\n               class=\"ngg-simplelightbox\" rel=\"bf792a73b75ec80ef099f21a15837714\">\n                <img\n                    title=\"Pullus_heben\"\n                    alt=\"Pullus_heben\"\n                    src=\"https:\/\/www.gladiatorenschule-berlin.rocks\/wp-content\/gallery\/bgh-sportshow-und-wfa-sonderaktion-heben-und-stossen\/thumbs\/thumbs_Pullus_heben.jpg\"\n                    width=\"240\"\n                    height=\"160\"\n                    style=\"max-width:100%;\"\n                \/>\n            <\/a>\n        <\/div>\n\t\t\t\t\t\t\t<\/div> \n\t\t\t\n\t\t\t\t<div id=\"ngg-image-5\" class=\"ngg-gallery-thumbnail-box \" >\n\t\t\t\t        <div class=\"ngg-gallery-thumbnail\">\n            <a href=\"https:\/\/www.gladiatorenschule-berlin.rocks\/wp-content\/gallery\/bgh-sportshow-und-wfa-sonderaktion-heben-und-stossen\/Vulpi_push2.jpg\"\n               title=\"\"\n               data-src=\"https:\/\/www.gladiatorenschule-berlin.rocks\/wp-content\/gallery\/bgh-sportshow-und-wfa-sonderaktion-heben-und-stossen\/Vulpi_push2.jpg\"\n               data-thumbnail=\"https:\/\/www.gladiatorenschule-berlin.rocks\/wp-content\/gallery\/bgh-sportshow-und-wfa-sonderaktion-heben-und-stossen\/thumbs\/thumbs_Vulpi_push2.jpg\"\n               data-image-id=\"787\"\n               data-title=\"Vulpi_push2\"\n               data-description=\"\"\n               data-image-slug=\"vulpi_push2\"\n               class=\"ngg-simplelightbox\" rel=\"bf792a73b75ec80ef099f21a15837714\">\n                <img\n                    title=\"Vulpi_push2\"\n                    alt=\"Vulpi_push2\"\n                    src=\"https:\/\/www.gladiatorenschule-berlin.rocks\/wp-content\/gallery\/bgh-sportshow-und-wfa-sonderaktion-heben-und-stossen\/thumbs\/thumbs_Vulpi_push2.jpg\"\n                    width=\"240\"\n                    height=\"160\"\n                    style=\"max-width:100%;\"\n                \/>\n            <\/a>\n        <\/div>\n\t\t\t\t\t\t\t<\/div> \n\t\t\t\n\t\t\t\t<div id=\"ngg-image-6\" class=\"ngg-gallery-thumbnail-box \" >\n\t\t\t\t        <div class=\"ngg-gallery-thumbnail\">\n            <a href=\"https:\/\/www.gladiatorenschule-berlin.rocks\/wp-content\/gallery\/bgh-sportshow-und-wfa-sonderaktion-heben-und-stossen\/Pumillus_Archi_Vergleich.jpg\"\n               title=\"\"\n               data-src=\"https:\/\/www.gladiatorenschule-berlin.rocks\/wp-content\/gallery\/bgh-sportshow-und-wfa-sonderaktion-heben-und-stossen\/Pumillus_Archi_Vergleich.jpg\"\n               data-thumbnail=\"https:\/\/www.gladiatorenschule-berlin.rocks\/wp-content\/gallery\/bgh-sportshow-und-wfa-sonderaktion-heben-und-stossen\/thumbs\/thumbs_Pumillus_Archi_Vergleich.jpg\"\n               data-image-id=\"779\"\n               data-title=\"Pumillus_Archi_Vergleich\"\n               data-description=\"\"\n               data-image-slug=\"pumillus_archi_vergleich\"\n               class=\"ngg-simplelightbox\" rel=\"bf792a73b75ec80ef099f21a15837714\">\n                <img\n                    title=\"Pumillus_Archi_Vergleich\"\n                    alt=\"Pumillus_Archi_Vergleich\"\n                    src=\"https:\/\/www.gladiatorenschule-berlin.rocks\/wp-content\/gallery\/bgh-sportshow-und-wfa-sonderaktion-heben-und-stossen\/thumbs\/thumbs_Pumillus_Archi_Vergleich.jpg\"\n                    width=\"240\"\n                    height=\"160\"\n                    style=\"max-width:100%;\"\n                \/>\n            <\/a>\n        <\/div>\n\t\t\t\t\t\t\t<\/div> \n\t\t\t\n\t\t\t\t<div id=\"ngg-image-7\" class=\"ngg-gallery-thumbnail-box \" >\n\t\t\t\t        <div class=\"ngg-gallery-thumbnail\">\n            <a href=\"https:\/\/www.gladiatorenschule-berlin.rocks\/wp-content\/gallery\/bgh-sportshow-und-wfa-sonderaktion-heben-und-stossen\/Pumillus_push2.jpg\"\n               title=\"\"\n               data-src=\"https:\/\/www.gladiatorenschule-berlin.rocks\/wp-content\/gallery\/bgh-sportshow-und-wfa-sonderaktion-heben-und-stossen\/Pumillus_push2.jpg\"\n               data-thumbnail=\"https:\/\/www.gladiatorenschule-berlin.rocks\/wp-content\/gallery\/bgh-sportshow-und-wfa-sonderaktion-heben-und-stossen\/thumbs\/thumbs_Pumillus_push2.jpg\"\n               data-image-id=\"780\"\n               data-title=\"Pumillus_push2\"\n               data-description=\"\"\n               data-image-slug=\"pumillus_push2\"\n               class=\"ngg-simplelightbox\" rel=\"bf792a73b75ec80ef099f21a15837714\">\n                <img\n                    title=\"Pumillus_push2\"\n                    alt=\"Pumillus_push2\"\n                    src=\"https:\/\/www.gladiatorenschule-berlin.rocks\/wp-content\/gallery\/bgh-sportshow-und-wfa-sonderaktion-heben-und-stossen\/thumbs\/thumbs_Pumillus_push2.jpg\"\n                    width=\"240\"\n                    height=\"160\"\n                    style=\"max-width:100%;\"\n                \/>\n            <\/a>\n        <\/div>\n\t\t\t\t\t\t\t<\/div> \n\t\t\t\n\t\n\t<br style=\"clear: both\" \/>\n\n\t\t<div class=\"slideshowlink\">\n        <a href='https:\/\/www.gladiatorenschule-berlin.rocks\/index.php\/nggallery\/slideshow?page_id=4720'>View Slideshow<\/a>\n\t\t\n\t<\/div>\n\t\n\t\t<!-- Pagination -->\n\t<div class='ngg-navigation'><span class='current'>1<\/span>\n<a class='page-numbers' data-pageid='2' href='https:\/\/www.gladiatorenschule-berlin.rocks\/index.php\/nggallery\/page\/2?page_id=4720'>2<\/a>\n<span class='ellipsis'>...<\/span>\n<a class='page-numbers' data-pageid='4' href='https:\/\/www.gladiatorenschule-berlin.rocks\/index.php\/nggallery\/page\/4?page_id=4720'>4<\/a>\n<a class='prev' href='https:\/\/www.gladiatorenschule-berlin.rocks\/index.php\/nggallery\/page\/2?page_id=4720' data-pageid=2>&#9658;<\/a><\/div>\t<\/div>\n\n<p>&nbsp;<\/p>\n<p><strong><span style=\"text-decoration: underline;\">Herbst Worhshop 2021 <\/span><\/strong><\/p>\n<p>Wenn&#8217;s aus sonst zu Nix gereicht hat, den J\u00e4hrlichen Worshop haben wir auch dieses Jahr hin bekommen.<\/p>\n<p>Diesmal nicht drau\u00dfen in der <a href=\"http:\/\/www.jfe-aalemannufer.de\/\" target=\"_blank\" rel=\"noopener\">JFE Aalemannufer<\/a>, sondern in der <a href=\"https:\/\/www.facebook.com\/Brunogehrkehalle2017\/\" target=\"_blank\" rel=\"noopener\">Bruno-Gehrke-Halle<\/a>. Das gibt Abz\u00fcge beim Ambiente, aber Unabh\u00e4ngigkeit beim Wetter.<\/p>\n<!-- default-view.php -->\n<div\n\tclass=\"ngg-galleryoverview default-view \"\n\tid=\"ngg-gallery-81c99cfa5d2b2b9b0f5dc88736d94f5c-1\">\n\n\t\t<!-- Thumbnails -->\n\t\t\t\t<div id=\"ngg-image-0\" class=\"ngg-gallery-thumbnail-box \" >\n\t\t\t\t        <div class=\"ngg-gallery-thumbnail\">\n            <a href=\"https:\/\/www.gladiatorenschule-berlin.rocks\/wp-content\/gallery\/herbstworkshop-2021\/102_0119.JPG\"\n               title=\"\"\n               data-src=\"https:\/\/www.gladiatorenschule-berlin.rocks\/wp-content\/gallery\/herbstworkshop-2021\/102_0119.JPG\"\n               data-thumbnail=\"https:\/\/www.gladiatorenschule-berlin.rocks\/wp-content\/gallery\/herbstworkshop-2021\/thumbs\/thumbs_102_0119.JPG\"\n               data-image-id=\"760\"\n               data-title=\"Diesmal wieder mit Gruppenbild\"\n               data-description=\"\"\n               data-image-slug=\"102_0119\"\n               class=\"ngg-simplelightbox\" rel=\"81c99cfa5d2b2b9b0f5dc88736d94f5c\">\n                <img\n                    title=\"Diesmal wieder mit Gruppenbild\"\n                    alt=\"Diesmal wieder mit Gruppenbild\"\n                    src=\"https:\/\/www.gladiatorenschule-berlin.rocks\/wp-content\/gallery\/herbstworkshop-2021\/thumbs\/thumbs_102_0119.JPG\"\n                    width=\"240\"\n                    height=\"160\"\n                    style=\"max-width:100%;\"\n                \/>\n            <\/a>\n        <\/div>\n\t\t\t\t\t\t\t<\/div> \n\t\t\t\n\t\t\t\t<div id=\"ngg-image-1\" class=\"ngg-gallery-thumbnail-box \" >\n\t\t\t\t        <div class=\"ngg-gallery-thumbnail\">\n            <a href=\"https:\/\/www.gladiatorenschule-berlin.rocks\/wp-content\/gallery\/herbstworkshop-2021\/Mensur_mit_Schnur1.jpg\"\n               title=\"\"\n               data-src=\"https:\/\/www.gladiatorenschule-berlin.rocks\/wp-content\/gallery\/herbstworkshop-2021\/Mensur_mit_Schnur1.jpg\"\n               data-thumbnail=\"https:\/\/www.gladiatorenschule-berlin.rocks\/wp-content\/gallery\/herbstworkshop-2021\/thumbs\/thumbs_Mensur_mit_Schnur1.jpg\"\n               data-image-id=\"749\"\n               data-title=\"Mensur_mit_Schnur1\"\n               data-description=\"\"\n               data-image-slug=\"mensur_mit_schnur1\"\n               class=\"ngg-simplelightbox\" rel=\"81c99cfa5d2b2b9b0f5dc88736d94f5c\">\n                <img\n                    title=\"Mensur_mit_Schnur1\"\n                    alt=\"Mensur_mit_Schnur1\"\n                    src=\"https:\/\/www.gladiatorenschule-berlin.rocks\/wp-content\/gallery\/herbstworkshop-2021\/thumbs\/thumbs_Mensur_mit_Schnur1.jpg\"\n                    width=\"240\"\n                    height=\"160\"\n                    style=\"max-width:100%;\"\n                \/>\n            <\/a>\n        <\/div>\n\t\t\t\t\t\t\t<\/div> \n\t\t\t\n\t\t\t\t<div id=\"ngg-image-2\" class=\"ngg-gallery-thumbnail-box \" >\n\t\t\t\t        <div class=\"ngg-gallery-thumbnail\">\n            <a href=\"https:\/\/www.gladiatorenschule-berlin.rocks\/wp-content\/gallery\/herbstworkshop-2021\/Sarah_Secutor2.jpg\"\n               title=\"\"\n               data-src=\"https:\/\/www.gladiatorenschule-berlin.rocks\/wp-content\/gallery\/herbstworkshop-2021\/Sarah_Secutor2.jpg\"\n               data-thumbnail=\"https:\/\/www.gladiatorenschule-berlin.rocks\/wp-content\/gallery\/herbstworkshop-2021\/thumbs\/thumbs_Sarah_Secutor2.jpg\"\n               data-image-id=\"759\"\n               data-title=\"Sarah_Secutor2\"\n               data-description=\"\"\n               data-image-slug=\"sarah_secutor2\"\n               class=\"ngg-simplelightbox\" rel=\"81c99cfa5d2b2b9b0f5dc88736d94f5c\">\n                <img\n                    title=\"Sarah_Secutor2\"\n                    alt=\"Sarah_Secutor2\"\n                    src=\"https:\/\/www.gladiatorenschule-berlin.rocks\/wp-content\/gallery\/herbstworkshop-2021\/thumbs\/thumbs_Sarah_Secutor2.jpg\"\n                    width=\"240\"\n                    height=\"160\"\n                    style=\"max-width:100%;\"\n                \/>\n            <\/a>\n        <\/div>\n\t\t\t\t\t\t\t<\/div> \n\t\t\t\n\t\t\t\t<div id=\"ngg-image-3\" class=\"ngg-gallery-thumbnail-box \" >\n\t\t\t\t        <div class=\"ngg-gallery-thumbnail\">\n            <a href=\"https:\/\/www.gladiatorenschule-berlin.rocks\/wp-content\/gallery\/herbstworkshop-2021\/Sarah_Secutor.jpg\"\n               title=\"\"\n               data-src=\"https:\/\/www.gladiatorenschule-berlin.rocks\/wp-content\/gallery\/herbstworkshop-2021\/Sarah_Secutor.jpg\"\n               data-thumbnail=\"https:\/\/www.gladiatorenschule-berlin.rocks\/wp-content\/gallery\/herbstworkshop-2021\/thumbs\/thumbs_Sarah_Secutor.jpg\"\n               data-image-id=\"758\"\n               data-title=\"Sarah_Secutor\"\n               data-description=\"\"\n               data-image-slug=\"sarah_secutor\"\n               class=\"ngg-simplelightbox\" rel=\"81c99cfa5d2b2b9b0f5dc88736d94f5c\">\n                <img\n                    title=\"Sarah_Secutor\"\n                    alt=\"Sarah_Secutor\"\n                    src=\"https:\/\/www.gladiatorenschule-berlin.rocks\/wp-content\/gallery\/herbstworkshop-2021\/thumbs\/thumbs_Sarah_Secutor.jpg\"\n                    width=\"240\"\n                    height=\"160\"\n                    style=\"max-width:100%;\"\n                \/>\n            <\/a>\n        <\/div>\n\t\t\t\t\t\t\t<\/div> \n\t\t\t\n\t\t\t\t<div id=\"ngg-image-4\" class=\"ngg-gallery-thumbnail-box \" >\n\t\t\t\t        <div class=\"ngg-gallery-thumbnail\">\n            <a href=\"https:\/\/www.gladiatorenschule-berlin.rocks\/wp-content\/gallery\/herbstworkshop-2021\/Paartraining2.jpg\"\n               title=\"\"\n               data-src=\"https:\/\/www.gladiatorenschule-berlin.rocks\/wp-content\/gallery\/herbstworkshop-2021\/Paartraining2.jpg\"\n               data-thumbnail=\"https:\/\/www.gladiatorenschule-berlin.rocks\/wp-content\/gallery\/herbstworkshop-2021\/thumbs\/thumbs_Paartraining2.jpg\"\n               data-image-id=\"757\"\n               data-title=\"Paartraining2\"\n               data-description=\"\"\n               data-image-slug=\"paartraining2\"\n               class=\"ngg-simplelightbox\" rel=\"81c99cfa5d2b2b9b0f5dc88736d94f5c\">\n                <img\n                    title=\"Paartraining2\"\n                    alt=\"Paartraining2\"\n                    src=\"https:\/\/www.gladiatorenschule-berlin.rocks\/wp-content\/gallery\/herbstworkshop-2021\/thumbs\/thumbs_Paartraining2.jpg\"\n                    width=\"240\"\n                    height=\"160\"\n                    style=\"max-width:100%;\"\n                \/>\n            <\/a>\n        <\/div>\n\t\t\t\t\t\t\t<\/div> \n\t\t\t\n\t\t\t\t<div id=\"ngg-image-5\" class=\"ngg-gallery-thumbnail-box \" >\n\t\t\t\t        <div class=\"ngg-gallery-thumbnail\">\n            <a href=\"https:\/\/www.gladiatorenschule-berlin.rocks\/wp-content\/gallery\/herbstworkshop-2021\/Paartraining3.jpg\"\n               title=\"\"\n               data-src=\"https:\/\/www.gladiatorenschule-berlin.rocks\/wp-content\/gallery\/herbstworkshop-2021\/Paartraining3.jpg\"\n               data-thumbnail=\"https:\/\/www.gladiatorenschule-berlin.rocks\/wp-content\/gallery\/herbstworkshop-2021\/thumbs\/thumbs_Paartraining3.jpg\"\n               data-image-id=\"756\"\n               data-title=\"Paartraining3\"\n               data-description=\"\"\n               data-image-slug=\"paartraining3\"\n               class=\"ngg-simplelightbox\" rel=\"81c99cfa5d2b2b9b0f5dc88736d94f5c\">\n                <img\n                    title=\"Paartraining3\"\n                    alt=\"Paartraining3\"\n                    src=\"https:\/\/www.gladiatorenschule-berlin.rocks\/wp-content\/gallery\/herbstworkshop-2021\/thumbs\/thumbs_Paartraining3.jpg\"\n                    width=\"240\"\n                    height=\"160\"\n                    style=\"max-width:100%;\"\n                \/>\n            <\/a>\n        <\/div>\n\t\t\t\t\t\t\t<\/div> \n\t\t\t\n\t\t\t\t<div id=\"ngg-image-6\" class=\"ngg-gallery-thumbnail-box \" >\n\t\t\t\t        <div class=\"ngg-gallery-thumbnail\">\n            <a href=\"https:\/\/www.gladiatorenschule-berlin.rocks\/wp-content\/gallery\/herbstworkshop-2021\/Paartraining.jpg\"\n               title=\"\"\n               data-src=\"https:\/\/www.gladiatorenschule-berlin.rocks\/wp-content\/gallery\/herbstworkshop-2021\/Paartraining.jpg\"\n               data-thumbnail=\"https:\/\/www.gladiatorenschule-berlin.rocks\/wp-content\/gallery\/herbstworkshop-2021\/thumbs\/thumbs_Paartraining.jpg\"\n               data-image-id=\"755\"\n               data-title=\"Paartraining\"\n               data-description=\"\"\n               data-image-slug=\"paartraining\"\n               class=\"ngg-simplelightbox\" rel=\"81c99cfa5d2b2b9b0f5dc88736d94f5c\">\n                <img\n                    title=\"Paartraining\"\n                    alt=\"Paartraining\"\n                    src=\"https:\/\/www.gladiatorenschule-berlin.rocks\/wp-content\/gallery\/herbstworkshop-2021\/thumbs\/thumbs_Paartraining.jpg\"\n                    width=\"240\"\n                    height=\"160\"\n                    style=\"max-width:100%;\"\n                \/>\n            <\/a>\n        <\/div>\n\t\t\t\t\t\t\t<\/div> \n\t\t\t\n\t\t\t\t<div id=\"ngg-image-7\" class=\"ngg-gallery-thumbnail-box \" >\n\t\t\t\t        <div class=\"ngg-gallery-thumbnail\">\n            <a href=\"https:\/\/www.gladiatorenschule-berlin.rocks\/wp-content\/gallery\/herbstworkshop-2021\/Nachbesprechung2.jpg\"\n               title=\"\"\n               data-src=\"https:\/\/www.gladiatorenschule-berlin.rocks\/wp-content\/gallery\/herbstworkshop-2021\/Nachbesprechung2.jpg\"\n               data-thumbnail=\"https:\/\/www.gladiatorenschule-berlin.rocks\/wp-content\/gallery\/herbstworkshop-2021\/thumbs\/thumbs_Nachbesprechung2.jpg\"\n               data-image-id=\"754\"\n               data-title=\"Nachbesprechung2\"\n               data-description=\"\"\n               data-image-slug=\"nachbesprechung2\"\n               class=\"ngg-simplelightbox\" rel=\"81c99cfa5d2b2b9b0f5dc88736d94f5c\">\n                <img\n                    title=\"Nachbesprechung2\"\n                    alt=\"Nachbesprechung2\"\n                    src=\"https:\/\/www.gladiatorenschule-berlin.rocks\/wp-content\/gallery\/herbstworkshop-2021\/thumbs\/thumbs_Nachbesprechung2.jpg\"\n                    width=\"240\"\n                    height=\"160\"\n                    style=\"max-width:100%;\"\n                \/>\n            <\/a>\n        <\/div>\n\t\t\t\t\t\t\t<\/div> \n\t\t\t\n\t\n\t<br style=\"clear: both\" \/>\n\n\t\t<div class=\"slideshowlink\">\n        <a href='https:\/\/www.gladiatorenschule-berlin.rocks\/index.php\/nggallery\/slideshow?page_id=4720'>View Slideshow<\/a>\n\t\t\n\t<\/div>\n\t\n\t\t<!-- Pagination -->\n\t<div class='ngg-navigation'><span class='current'>1<\/span>\n<a class='page-numbers' data-pageid='2' href='https:\/\/www.gladiatorenschule-berlin.rocks\/index.php\/nggallery\/page\/2?page_id=4720'>2<\/a>\n<a class='page-numbers' data-pageid='3' href='https:\/\/www.gladiatorenschule-berlin.rocks\/index.php\/nggallery\/page\/3?page_id=4720'>3<\/a>\n<a class='prev' href='https:\/\/www.gladiatorenschule-berlin.rocks\/index.php\/nggallery\/page\/2?page_id=4720' data-pageid=2>&#9658;<\/a><\/div>\t<\/div>\n\n","protected":false},"excerpt":{"rendered":"<p>BGH-Sportshow UND WfA-Sonderaktion \u201eHeben und Sto\u00dfen\u201c Jaaaa, auch 2021 hatte nun eine Trotz-Coronashow. Diesmal in der Bruno-Gehrke-Halle. Das gibt Abz\u00fcge beim Ambiente, aber Unabh\u00e4ngigkeit beim Wetter. (was ja das Kiezfest ins sprichw\u00f6rtliche Wasser fallen lie\u00df) &nbsp; Herbst Worhshop 2021 Wenn&#8217;s aus sonst zu Nix gereicht hat, den J\u00e4hrlichen Worshop haben wir auch dieses Jahr hin [&hellip;]<\/p>\n","protected":false},"author":2,"featured_media":0,"parent":46,"menu_order":0,"comment_status":"closed","ping_status":"closed","template":"","meta":{"ngg_post_thumbnail":0,"footnotes":""},"class_list":["post-4720","page","type-page","status-publish","hentry"],"_links":{"self":[{"href":"https:\/\/www.gladiatorenschule-berlin.rocks\/index.php?rest_route=\/wp\/v2\/pages\/4720","targetHints":{"allow":["GET"]}}],"collection":[{"href":"https:\/\/www.gladiatorenschule-berlin.rocks\/index.php?rest_route=\/wp\/v2\/pages"}],"about":[{"href":"https:\/\/www.gladiatorenschule-berlin.rocks\/index.php?rest_route=\/wp\/v2\/types\/page"}],"author":[{"embeddable":true,"href":"https:\/\/www.gladiatorenschule-berlin.rocks\/index.php?rest_route=\/wp\/v2\/users\/2"}],"replies":[{"embeddable":true,"href":"https:\/\/www.gladiatorenschule-berlin.rocks\/index.php?rest_route=%2Fwp%2Fv2%2Fcomments&post=4720"}],"version-history":[{"count":3,"href":"https:\/\/www.gladiatorenschule-berlin.rocks\/index.php?rest_route=\/wp\/v2\/pages\/4720\/revisions"}],"predecessor-version":[{"id":4789,"href":"https:\/\/www.gladiatorenschule-berlin.rocks\/index.php?rest_route=\/wp\/v2\/pages\/4720\/revisions\/4789"}],"up":[{"embeddable":true,"href":"https:\/\/www.gladiatorenschule-berlin.rocks\/index.php?rest_route=\/wp\/v2\/pages\/46"}],"wp:attachment":[{"href":"https:\/\/www.gladiatorenschule-berlin.rocks\/index.php?rest_route=%2Fwp%2Fv2%2Fmedia&parent=4720"}],"curies":[{"name":"wp","href":"https:\/\/api.w.org\/{rel}","templated":true}]}}