{"id":484,"date":"2016-01-09T16:10:16","date_gmt":"2016-01-09T14:10:16","guid":{"rendered":"http:\/\/www.gladiatorenschule-berlin.de\/?page_id=484"},"modified":"2016-01-09T16:10:16","modified_gmt":"2016-01-09T14:10:16","slug":"taurus","status":"publish","type":"page","link":"https:\/\/www.gladiatorenschule-berlin.rocks\/?page_id=484","title":{"rendered":"Taurus"},"content":{"rendered":"<p>Mein Name ist Taurus, Hoplomachus.<\/p>\n<p>Meine Armatur ist der eines Griechischem Hopliden nachempfunden nur das das Schild ziemlich verk\u00fcmmert ist. Die R\u00f6mer haben gerne Gladiatorengattungen nach ihren besiegten Feinden kreiert, so das sie sie immer wieder in der Arena gegeneinander antreten lassen k\u00f6nnen und auch die Gr\u00f6\u00dfe und die Exotik des R\u00f6mischen Reiches damit darstellen k\u00f6nnen.<\/p>\n<p>Als Waffen trage ich eine Hasta ,eine Sto\u00dflanze und ein Gladius , das r\u00f6mische Kurzschwert.Zur Verteidigung habe ich nur meine Pamula, mein kleines Rundschild.<\/p>\n<p>Es wird vermutet das meine Gattung aus der des \u00e4lteren Thraex entstanden ist. Jedenfalls haben wir an Schutzausr\u00fcstung einiges gemeinsam.<\/p>\n<p>Der Kopf wird durch einen attisch-b\u00f6otischen Helm gesch\u00fctz. Im Gegensatz zum Thraex aber ohne Greifenfigur am Helmkamm. Meinen Lanzenarm sch\u00fctzt eine Manica, eine Polsterung die auch in Form einer Hose meine Beine Sch\u00fctzt. Dazu Trage ich Ocrea, lange Beinschienen die bis zum Oberschenkel hochreichen. Meinen Subligaculum, den Lendenschurz der durch den breiten G\u00fcrtel, den Baltheus, gehalten wird, haben ja fast alle Gladiatorentypen gleich.<\/p>\n<p>Mein haupts\u00e4chlicher Gegner ist der Murmillo aber ich trete auch gegen Thraex an.<\/p>\n<p>Meine Ausstattung entspricht wohl dem G\u00e4ngigen, was im ersten Jahrhundert nach Christi \u00fcblich ist.<\/p>\n","protected":false},"excerpt":{"rendered":"<p>Mein Name ist Taurus, Hoplomachus. Meine Armatur ist der eines Griechischem Hopliden nachempfunden nur das das Schild ziemlich verk\u00fcmmert ist. Die R\u00f6mer haben gerne Gladiatorengattungen nach ihren besiegten Feinden kreiert, so das sie sie immer wieder in der Arena gegeneinander antreten lassen k\u00f6nnen und auch die Gr\u00f6\u00dfe und die Exotik des R\u00f6mischen Reiches damit darstellen [&hellip;]<\/p>\n","protected":false},"author":2,"featured_media":0,"parent":17,"menu_order":3,"comment_status":"closed","ping_status":"closed","template":"","meta":{"ngg_post_thumbnail":0,"footnotes":""},"class_list":["post-484","page","type-page","status-publish","hentry"],"_links":{"self":[{"href":"https:\/\/www.gladiatorenschule-berlin.rocks\/index.php?rest_route=\/wp\/v2\/pages\/484","targetHints":{"allow":["GET"]}}],"collection":[{"href":"https:\/\/www.gladiatorenschule-berlin.rocks\/index.php?rest_route=\/wp\/v2\/pages"}],"about":[{"href":"https:\/\/www.gladiatorenschule-berlin.rocks\/index.php?rest_route=\/wp\/v2\/types\/page"}],"author":[{"embeddable":true,"href":"https:\/\/www.gladiatorenschule-berlin.rocks\/index.php?rest_route=\/wp\/v2\/users\/2"}],"replies":[{"embeddable":true,"href":"https:\/\/www.gladiatorenschule-berlin.rocks\/index.php?rest_route=%2Fwp%2Fv2%2Fcomments&post=484"}],"version-history":[{"count":1,"href":"https:\/\/www.gladiatorenschule-berlin.rocks\/index.php?rest_route=\/wp\/v2\/pages\/484\/revisions"}],"predecessor-version":[{"id":3827,"href":"https:\/\/www.gladiatorenschule-berlin.rocks\/index.php?rest_route=\/wp\/v2\/pages\/484\/revisions\/3827"}],"up":[{"embeddable":true,"href":"https:\/\/www.gladiatorenschule-berlin.rocks\/index.php?rest_route=\/wp\/v2\/pages\/17"}],"wp:attachment":[{"href":"https:\/\/www.gladiatorenschule-berlin.rocks\/index.php?rest_route=%2Fwp%2Fv2%2Fmedia&parent=484"}],"curies":[{"name":"wp","href":"https:\/\/api.w.org\/{rel}","templated":true}]}}