{"id":5198,"date":"2022-10-09T19:12:04","date_gmt":"2022-10-09T17:12:04","guid":{"rendered":"https:\/\/www.gladiatorenschule-berlin.rocks\/?page_id=5198"},"modified":"2023-11-05T15:00:37","modified_gmt":"2023-11-05T14:00:37","slug":"francais","status":"publish","type":"page","link":"https:\/\/www.gladiatorenschule-berlin.rocks\/?page_id=5198","title":{"rendered":"Francais"},"content":{"rendered":"<p>Nous sommes heureux de pouvoir enfin proposer une partie de nos publications aux amis francophones de la gladiature. Ambiora a traduit nos synth\u00e8ses dans la langue de Moli\u00e8re et nous vous les mettons d\u00e9sormais \u00e0 disposition. <\/p>\n<p>Vous pouvez les trouver sur <a href=\"https:\/\/independent.academia.edu\/GladiatoresBerolinenses\" rel=\"noopener\" target=\"_blank\">Academia<\/a> et sur notre site, sur lequel vous pouvez aussi trouver nos autres contributions. <\/p>\n<p>Et maintenant, amusez-vous bien avec les synth\u00e8ses suivantes :<\/p>\n<ul>\n<li>\nUn aper\u00e7u des diff\u00e9rentes armatures \u2013 <a href=\"https:\/\/www.gladiatorenschule-berlin.rocks\/wp-content\/uploads\/2022\/10\/Synthe\u0300seArmature.pdf\" target=\"_blank\" rel=\"noopener\">Synth\u00e8seArmature.pdf<\/a><\/li>\n<li>\nUn petit aper\u00e7u des paires de gladiateurs possibles, \u00e9labor\u00e9 sur la base de reliefs, de mosa\u00efques et de graffitis &#8211; <a href=\"https:\/\/www.gladiatorenschule-berlin.rocks\/wp-content\/uploads\/2022\/10\/Synthe\u0300sePaire.pdf\" rel=\"noopener\" target=\"_blank\">Synth\u00e8sePaire.pdf<\/a><\/li>\n<li>\nUn aper\u00e7u des diff\u00e9rents types de casques &#8211; <a href=\"https:\/\/www.gladiatorenschule-berlin.rocks\/wp-content\/uploads\/2022\/10\/Synthe\u0300seCasque.pdf\" rel=\"noopener\" target=\"_blank\">Synth\u00e8seCasque.pdf<\/a><\/li>\n<li>\nUn aper\u00e7u de l&#8217;origine et de l&#8217;\u00e9volution du r\u00e9tiaire &#8211; <a href=\"https:\/\/www.gladiatorenschule-berlin.rocks\/wp-content\/uploads\/2022\/10\/Synthe\u0300seRe\u0301tiaire.pdf\" rel=\"noopener\" target=\"_blank\">Synth\u00e8seR\u00e9tiaire.pdf<\/a><\/li>\n<li>\nUn aper\u00e7u de diff\u00e9rents types de Cales &#8211; <a href=\"https:\/\/www.gladiatorenschule-berlin.rocks\/wp-content\/uploads\/2023\/11\/SyntheseCale.pdf\" rel=\"noopener\" target=\"_blank\">Synthe\u0301seCale.pdf<\/a><\/li>\n<\/ul>\n","protected":false},"excerpt":{"rendered":"<p>Nous sommes heureux de pouvoir enfin proposer une partie de nos publications aux amis francophones de la gladiature. Ambiora a traduit nos synth\u00e8ses dans la langue de Moli\u00e8re et nous vous les mettons d\u00e9sormais \u00e0 disposition. Vous pouvez les trouver sur Academia et sur notre site, sur lequel vous pouvez aussi trouver nos autres contributions. [&hellip;]<\/p>\n","protected":false},"author":2,"featured_media":0,"parent":5208,"menu_order":0,"comment_status":"closed","ping_status":"closed","template":"","meta":{"ngg_post_thumbnail":0,"footnotes":""},"class_list":["post-5198","page","type-page","status-publish","hentry"],"_links":{"self":[{"href":"https:\/\/www.gladiatorenschule-berlin.rocks\/index.php?rest_route=\/wp\/v2\/pages\/5198","targetHints":{"allow":["GET"]}}],"collection":[{"href":"https:\/\/www.gladiatorenschule-berlin.rocks\/index.php?rest_route=\/wp\/v2\/pages"}],"about":[{"href":"https:\/\/www.gladiatorenschule-berlin.rocks\/index.php?rest_route=\/wp\/v2\/types\/page"}],"author":[{"embeddable":true,"href":"https:\/\/www.gladiatorenschule-berlin.rocks\/index.php?rest_route=\/wp\/v2\/users\/2"}],"replies":[{"embeddable":true,"href":"https:\/\/www.gladiatorenschule-berlin.rocks\/index.php?rest_route=%2Fwp%2Fv2%2Fcomments&post=5198"}],"version-history":[{"count":9,"href":"https:\/\/www.gladiatorenschule-berlin.rocks\/index.php?rest_route=\/wp\/v2\/pages\/5198\/revisions"}],"predecessor-version":[{"id":5572,"href":"https:\/\/www.gladiatorenschule-berlin.rocks\/index.php?rest_route=\/wp\/v2\/pages\/5198\/revisions\/5572"}],"up":[{"embeddable":true,"href":"https:\/\/www.gladiatorenschule-berlin.rocks\/index.php?rest_route=\/wp\/v2\/pages\/5208"}],"wp:attachment":[{"href":"https:\/\/www.gladiatorenschule-berlin.rocks\/index.php?rest_route=%2Fwp%2Fv2%2Fmedia&parent=5198"}],"curies":[{"name":"wp","href":"https:\/\/api.w.org\/{rel}","templated":true}]}}