{"id":5292,"date":"2023-04-27T19:37:30","date_gmt":"2023-04-27T17:37:30","guid":{"rendered":"https:\/\/www.gladiatorenschule-berlin.rocks\/?page_id=5292"},"modified":"2024-09-17T21:04:47","modified_gmt":"2024-09-17T19:04:47","slug":"tigris","status":"publish","type":"page","link":"https:\/\/www.gladiatorenschule-berlin.rocks\/?page_id=5292","title":{"rendered":"Tigris"},"content":{"rendered":"<p>Salvete!<\/p>\n<p>Mein Name ist Tigris und ich erlerne das Handwerk des Gladiators nun mit regelm\u00e4\u00dfiger Unregelm\u00e4\u00dfigkeit seit Fr\u00fchling 2022.<\/p>\n<p><img loading=\"lazy\" decoding=\"async\" class=\"aligncenter size-full wp-image-5780\" src=\"https:\/\/www.gladiatorenschule-berlin.rocks\/wp-content\/uploads\/2024\/04\/Tigris_Neu.png\" alt=\"\" width=\"180\" height=\"485\" srcset=\"https:\/\/www.gladiatorenschule-berlin.rocks\/wp-content\/uploads\/2024\/04\/Tigris_Neu.png 180w, https:\/\/www.gladiatorenschule-berlin.rocks\/wp-content\/uploads\/2024\/04\/Tigris_Neu-111x300.png 111w, https:\/\/www.gladiatorenschule-berlin.rocks\/wp-content\/uploads\/2024\/04\/Tigris_Neu-83x224.png 83w\" sizes=\"auto, (max-width: 180px) 100vw, 180px\" \/><\/p>\n<p><strong>Wie alles begann<\/strong><\/p>\n<p>Im wahren Leben ist die Theaterb\u00fchne meine Arena, wo ich daf\u00fcr zust\u00e4ndig bin, B\u00fchnenbild und Kost\u00fcme zu entwerfen. Das ist es im Grunde auch, was mich zu den Berliner Gladiatoren gebracht hat. Ich war schon seit langem an den verschiedenen Armaturen in ihrer Form nicht nur als (Aus-)R\u00fcstung sondern auch als eine Art Show-Kost\u00fcm interessiert. Zudem war ich auf der Suche nach ein wenig sportlicher Bet\u00e4tigung, die durch Spa\u00df an der Sache motiviert sein sollte. Nachdem ich nach Berlin gezogen war, dachte ich also &#8222;Wenn es irgendwo in Deutschland eine Gladiatorenschule geben sollte, dann sicher hier&#8220; &#8211; und wurde von der allwissenden Suchmaschine best\u00e4tigt. Ein Probetraining gen\u00fcgte und ich hatte Blut geleckt. (Im \u00fcbertragenen Sinne. Verletzte gab es nicht.)<\/p>\n<p><strong>Meine Armatur<\/strong><\/p>\n<p>Beim ersten Probetraining lieh mir Ursus zun\u00e4chst seine Ausr\u00fcstung als Secutor. Als ich jedoch feststellte, dass ich in dem vollkommen geschlossenen Helm mit nur zwei winzigen Augenl\u00f6chern schon vor einem Kampf von Schnappatmung besiegt werden w\u00fcrde, schwenkte ich sehr schnell auf den ebenfalls schwer gepanzerten Murmillo um und setze mir als dieser nun nach und nach eine eigene Armatur zusammen. Dazu geh\u00f6ren bisher ein Subligaculum (Lendenschurz),ein Cingulum (breiter Lederg\u00fcrtel zum Schutz der Nieren), ein Gladius (Kurzschwert), eine Manica (gepolsterter Armschutz f\u00fcr den Schwertarm) und ein Helm. Zur Ausr\u00fcstung des Murmillo geh\u00f6ren \u00fcblicherweise noch ein Scutum (Gro\u00dfschild), welcher bisher noch eine Leihgabe des Lanista ist, sowie eine Ocrea (Beinschiene), die in absehbarer Zukunft noch angeschafft werden muss.<\/p>\n<p><strong>Nomen est omen?<\/strong><\/p>\n<p>Seit dem VI. Einstufungsturnier und meinem ersten Kampf vor Publikum habe ich mir das Recht erworben, einen Namen als Gladiator zu f\u00fchren. Da bereits viele meiner Mitstreiter vor mir ihren Namen nach einem bestimmten Wappentier gew\u00e4hlt hatten, fiel meine Wahl auf den Tiger, Panthera tigris, oder kurz: Tigris. An der damit assoziierten eleganten Fortbewegungsweise muss ich sicher noch arbeiten. Doch hat das Turnier gezeigt, dass die Strategie, in Deckung zu lauern und dann im richtigen Moment mit unerwarteter Agilit\u00e4t zuzuschlagen, f\u00fcr einen Murmillo durchaus eintr\u00e4chtig sein kann.<\/p>\n<p><strong>Meine Ziele<\/strong><\/p>\n<p>Wie bereits weiter oben erw\u00e4hnt, h\u00e4ngt meine Faszination f\u00fcr Gladiatoren eng mit dem &#8222;Showmanship&#8220; dieser Kampfkunst zusammen. So ist mein oberstes Ziel, mir eine Ausr\u00fcstung zusammenzustellen, die mir das Herz des Publikums schon vor dem ersten &#8222;Pugnate!&#8220; sichert und charaktervoll aus der bunten Schar von Gladiatoren heraussticht. Mindestens an zweiter Stelle steht das Ziel, weder mich noch meine Mitstreiter ernsthaft zu verletzen, denn bei allem Wettbewerb soll die Gladiator ein spa\u00dfbringendes Hobby und ein Ausgleich zum Alltag sein.<br \/>\nIch m\u00f6chte weiterhin die Kampftechniken und Bewegungsabl\u00e4ufe, die einen Murmillo ausmachen, m\u00f6glichst gut verinnerlichen, bevor ich dar\u00fcber nachdenke, mich einer weiteren Armatur zu widmen.<\/p>\n<p><a href=\"https:\/\/www.gladiatorenschule-berlin.rocks\/wp-content\/uploads\/2024\/09\/20240525-IDMG-056_Tigris.jpg\"><img loading=\"lazy\" decoding=\"async\" class=\"alignright size-medium wp-image-6045\" src=\"https:\/\/www.gladiatorenschule-berlin.rocks\/wp-content\/uploads\/2024\/09\/20240525-IDMG-056_Tigris-300x200.jpg\" alt=\"\" width=\"300\" height=\"200\" srcset=\"https:\/\/www.gladiatorenschule-berlin.rocks\/wp-content\/uploads\/2024\/09\/20240525-IDMG-056_Tigris-300x200.jpg 300w, https:\/\/www.gladiatorenschule-berlin.rocks\/wp-content\/uploads\/2024\/09\/20240525-IDMG-056_Tigris-768x512.jpg 768w, https:\/\/www.gladiatorenschule-berlin.rocks\/wp-content\/uploads\/2024\/09\/20240525-IDMG-056_Tigris-720x480.jpg 720w, https:\/\/www.gladiatorenschule-berlin.rocks\/wp-content\/uploads\/2024\/09\/20240525-IDMG-056_Tigris-224x149.jpg 224w, https:\/\/www.gladiatorenschule-berlin.rocks\/wp-content\/uploads\/2024\/09\/20240525-IDMG-056_Tigris-780x520.jpg 780w, https:\/\/www.gladiatorenschule-berlin.rocks\/wp-content\/uploads\/2024\/09\/20240525-IDMG-056_Tigris.jpg 990w\" sizes=\"auto, (max-width: 300px) 100vw, 300px\" \/><\/a><\/p>\n","protected":false},"excerpt":{"rendered":"<p>Salvete! Mein Name ist Tigris und ich erlerne das Handwerk des Gladiators nun mit regelm\u00e4\u00dfiger Unregelm\u00e4\u00dfigkeit seit Fr\u00fchling 2022. Wie alles begann Im wahren Leben ist die Theaterb\u00fchne meine Arena, wo ich daf\u00fcr zust\u00e4ndig bin, B\u00fchnenbild und Kost\u00fcme zu entwerfen. Das ist es im Grunde auch, was mich zu den Berliner Gladiatoren gebracht hat. Ich [&hellip;]<\/p>\n","protected":false},"author":2,"featured_media":0,"parent":17,"menu_order":0,"comment_status":"closed","ping_status":"closed","template":"","meta":{"ngg_post_thumbnail":0,"footnotes":""},"class_list":["post-5292","page","type-page","status-publish","hentry"],"_links":{"self":[{"href":"https:\/\/www.gladiatorenschule-berlin.rocks\/index.php?rest_route=\/wp\/v2\/pages\/5292","targetHints":{"allow":["GET"]}}],"collection":[{"href":"https:\/\/www.gladiatorenschule-berlin.rocks\/index.php?rest_route=\/wp\/v2\/pages"}],"about":[{"href":"https:\/\/www.gladiatorenschule-berlin.rocks\/index.php?rest_route=\/wp\/v2\/types\/page"}],"author":[{"embeddable":true,"href":"https:\/\/www.gladiatorenschule-berlin.rocks\/index.php?rest_route=\/wp\/v2\/users\/2"}],"replies":[{"embeddable":true,"href":"https:\/\/www.gladiatorenschule-berlin.rocks\/index.php?rest_route=%2Fwp%2Fv2%2Fcomments&post=5292"}],"version-history":[{"count":5,"href":"https:\/\/www.gladiatorenschule-berlin.rocks\/index.php?rest_route=\/wp\/v2\/pages\/5292\/revisions"}],"predecessor-version":[{"id":6046,"href":"https:\/\/www.gladiatorenschule-berlin.rocks\/index.php?rest_route=\/wp\/v2\/pages\/5292\/revisions\/6046"}],"up":[{"embeddable":true,"href":"https:\/\/www.gladiatorenschule-berlin.rocks\/index.php?rest_route=\/wp\/v2\/pages\/17"}],"wp:attachment":[{"href":"https:\/\/www.gladiatorenschule-berlin.rocks\/index.php?rest_route=%2Fwp%2Fv2%2Fmedia&parent=5292"}],"curies":[{"name":"wp","href":"https:\/\/api.w.org\/{rel}","templated":true}]}}