{"id":6354,"date":"2025-09-14T20:46:56","date_gmt":"2025-09-14T18:46:56","guid":{"rendered":"https:\/\/www.gladiatorenschule-berlin.rocks\/?page_id=6354"},"modified":"2026-03-07T17:58:20","modified_gmt":"2026-03-07T16:58:20","slug":"faulnuss","status":"publish","type":"page","link":"https:\/\/www.gladiatorenschule-berlin.rocks\/?page_id=6354","title":{"rendered":"Fau(l)nus(s)"},"content":{"rendered":"<p>hier k\u00f6nnte die Selbstvorstellung von Faulnuss stehen, da er das Recht erworben hat, eine zu schreiben aber bisher hat er das Recht nicht genutzt, was einem v\u00f6llig mysteri\u00f6sen Ludusmitglied die M\u00f6glichkeit gibt, hier ein wenig Motivation zu hinterlassen.<\/p>\n","protected":false},"excerpt":{"rendered":"<p>hier k\u00f6nnte die Selbstvorstellung von Faulnuss stehen, da er das Recht erworben hat, eine zu schreiben aber bisher hat er das Recht nicht genutzt, was einem v\u00f6llig mysteri\u00f6sen Ludusmitglied die M\u00f6glichkeit gibt, hier ein wenig Motivation zu hinterlassen.<\/p>\n","protected":false},"author":4,"featured_media":0,"parent":17,"menu_order":0,"comment_status":"closed","ping_status":"closed","template":"","meta":{"ngg_post_thumbnail":0,"footnotes":""},"class_list":["post-6354","page","type-page","status-publish","hentry"],"_links":{"self":[{"href":"https:\/\/www.gladiatorenschule-berlin.rocks\/index.php?rest_route=\/wp\/v2\/pages\/6354","targetHints":{"allow":["GET"]}}],"collection":[{"href":"https:\/\/www.gladiatorenschule-berlin.rocks\/index.php?rest_route=\/wp\/v2\/pages"}],"about":[{"href":"https:\/\/www.gladiatorenschule-berlin.rocks\/index.php?rest_route=\/wp\/v2\/types\/page"}],"author":[{"embeddable":true,"href":"https:\/\/www.gladiatorenschule-berlin.rocks\/index.php?rest_route=\/wp\/v2\/users\/4"}],"replies":[{"embeddable":true,"href":"https:\/\/www.gladiatorenschule-berlin.rocks\/index.php?rest_route=%2Fwp%2Fv2%2Fcomments&post=6354"}],"version-history":[{"count":1,"href":"https:\/\/www.gladiatorenschule-berlin.rocks\/index.php?rest_route=\/wp\/v2\/pages\/6354\/revisions"}],"predecessor-version":[{"id":6355,"href":"https:\/\/www.gladiatorenschule-berlin.rocks\/index.php?rest_route=\/wp\/v2\/pages\/6354\/revisions\/6355"}],"up":[{"embeddable":true,"href":"https:\/\/www.gladiatorenschule-berlin.rocks\/index.php?rest_route=\/wp\/v2\/pages\/17"}],"wp:attachment":[{"href":"https:\/\/www.gladiatorenschule-berlin.rocks\/index.php?rest_route=%2Fwp%2Fv2%2Fmedia&parent=6354"}],"curies":[{"name":"wp","href":"https:\/\/api.w.org\/{rel}","templated":true}]}}