{"id":6604,"date":"2026-03-07T17:48:26","date_gmt":"2026-03-07T16:48:26","guid":{"rendered":"https:\/\/www.gladiatorenschule-berlin.rocks\/?page_id=6604"},"modified":"2026-03-07T17:48:26","modified_gmt":"2026-03-07T16:48:26","slug":"2026-2","status":"publish","type":"page","link":"https:\/\/www.gladiatorenschule-berlin.rocks\/?page_id=6604","title":{"rendered":"2026"},"content":{"rendered":"<h2>Bilder unserer Aktivit\u00e4ten 2026<\/h2>\n<p><strong>2. Traditioneller Herbstworkshop im Februar<\/strong><\/p>\n<p>Auch diesmal wieder mit G\u00e4sten von au\u00dferhalb.<\/p>\n<!-- default-view.php -->\n<div\n\tclass=\"ngg-galleryoverview default-view \"\n\tid=\"ngg-gallery-9de0822328e78e4a05603a45ef7ee00e-1\">\n\n\t\t<!-- Thumbnails -->\n\t\t\t\t<div id=\"ngg-image-0\" class=\"ngg-gallery-thumbnail-box \" >\n\t\t\t\t        <div class=\"ngg-gallery-thumbnail\">\n            <a href=\"https:\/\/www.gladiatorenschule-berlin.rocks\/wp-content\/gallery\/workshop-2026\/20260228_155735.jpg\"\n               title=\"Mittagspause\"\n               data-src=\"https:\/\/www.gladiatorenschule-berlin.rocks\/wp-content\/gallery\/workshop-2026\/20260228_155735.jpg\"\n               data-thumbnail=\"https:\/\/www.gladiatorenschule-berlin.rocks\/wp-content\/gallery\/workshop-2026\/thumbs\/thumbs_20260228_155735.jpg\"\n               data-image-id=\"1358\"\n               data-title=\"20260228_155735\"\n               data-description=\"Mittagspause\"\n               data-image-slug=\"20260228_155735\"\n               class=\"ngg-simplelightbox\" rel=\"9de0822328e78e4a05603a45ef7ee00e\">\n                <img\n                    title=\"20260228_155735\"\n                    alt=\"20260228_155735\"\n                    src=\"https:\/\/www.gladiatorenschule-berlin.rocks\/wp-content\/gallery\/workshop-2026\/thumbs\/thumbs_20260228_155735.jpg\"\n                    width=\"240\"\n                    height=\"160\"\n                    style=\"max-width:100%;\"\n                \/>\n            <\/a>\n        <\/div>\n\t\t\t\t\t\t\t<\/div> \n\t\t\t\n\t\t\t\t<div id=\"ngg-image-1\" class=\"ngg-gallery-thumbnail-box \" >\n\t\t\t\t        <div class=\"ngg-gallery-thumbnail\">\n            <a href=\"https:\/\/www.gladiatorenschule-berlin.rocks\/wp-content\/gallery\/workshop-2026\/PXL_20260227_164026293.jpg\"\n               title=\"\"\n               data-src=\"https:\/\/www.gladiatorenschule-berlin.rocks\/wp-content\/gallery\/workshop-2026\/PXL_20260227_164026293.jpg\"\n               data-thumbnail=\"https:\/\/www.gladiatorenschule-berlin.rocks\/wp-content\/gallery\/workshop-2026\/thumbs\/thumbs_PXL_20260227_164026293.jpg\"\n               data-image-id=\"1362\"\n               data-title=\"PXL_20260227_164026293\"\n               data-description=\"\"\n               data-image-slug=\"pxl_20260227_164026293\"\n               class=\"ngg-simplelightbox\" rel=\"9de0822328e78e4a05603a45ef7ee00e\">\n                <img\n                    title=\"PXL_20260227_164026293\"\n                    alt=\"PXL_20260227_164026293\"\n                    src=\"https:\/\/www.gladiatorenschule-berlin.rocks\/wp-content\/gallery\/workshop-2026\/thumbs\/thumbs_PXL_20260227_164026293.jpg\"\n                    width=\"240\"\n                    height=\"160\"\n                    style=\"max-width:100%;\"\n                \/>\n            <\/a>\n        <\/div>\n\t\t\t\t\t\t\t<\/div> \n\t\t\t\n\t\t\t\t<div id=\"ngg-image-2\" class=\"ngg-gallery-thumbnail-box \" >\n\t\t\t\t        <div class=\"ngg-gallery-thumbnail\">\n            <a href=\"https:\/\/www.gladiatorenschule-berlin.rocks\/wp-content\/gallery\/workshop-2026\/20260227_180441.jpg\"\n               title=\"\"\n               data-src=\"https:\/\/www.gladiatorenschule-berlin.rocks\/wp-content\/gallery\/workshop-2026\/20260227_180441.jpg\"\n               data-thumbnail=\"https:\/\/www.gladiatorenschule-berlin.rocks\/wp-content\/gallery\/workshop-2026\/thumbs\/thumbs_20260227_180441.jpg\"\n               data-image-id=\"1356\"\n               data-title=\"20260227_180441\"\n               data-description=\"\"\n               data-image-slug=\"20260227_180441\"\n               class=\"ngg-simplelightbox\" rel=\"9de0822328e78e4a05603a45ef7ee00e\">\n                <img\n                    title=\"20260227_180441\"\n                    alt=\"20260227_180441\"\n                    src=\"https:\/\/www.gladiatorenschule-berlin.rocks\/wp-content\/gallery\/workshop-2026\/thumbs\/thumbs_20260227_180441.jpg\"\n                    width=\"240\"\n                    height=\"160\"\n                    style=\"max-width:100%;\"\n                \/>\n            <\/a>\n        <\/div>\n\t\t\t\t\t\t\t<\/div> \n\t\t\t\n\t\t\t\t<div id=\"ngg-image-3\" class=\"ngg-gallery-thumbnail-box \" >\n\t\t\t\t        <div class=\"ngg-gallery-thumbnail\">\n            <a href=\"https:\/\/www.gladiatorenschule-berlin.rocks\/wp-content\/gallery\/workshop-2026\/PXL_20260227_1641149072.jpg\"\n               title=\"\"\n               data-src=\"https:\/\/www.gladiatorenschule-berlin.rocks\/wp-content\/gallery\/workshop-2026\/PXL_20260227_1641149072.jpg\"\n               data-thumbnail=\"https:\/\/www.gladiatorenschule-berlin.rocks\/wp-content\/gallery\/workshop-2026\/thumbs\/thumbs_PXL_20260227_1641149072.jpg\"\n               data-image-id=\"1366\"\n               data-title=\"PXL_20260227_1641149072\"\n               data-description=\"\"\n               data-image-slug=\"pxl_20260227_1641149072\"\n               class=\"ngg-simplelightbox\" rel=\"9de0822328e78e4a05603a45ef7ee00e\">\n                <img\n                    title=\"PXL_20260227_1641149072\"\n                    alt=\"PXL_20260227_1641149072\"\n                    src=\"https:\/\/www.gladiatorenschule-berlin.rocks\/wp-content\/gallery\/workshop-2026\/thumbs\/thumbs_PXL_20260227_1641149072.jpg\"\n                    width=\"240\"\n                    height=\"160\"\n                    style=\"max-width:100%;\"\n                \/>\n            <\/a>\n        <\/div>\n\t\t\t\t\t\t\t<\/div> \n\t\t\t\n\t\t\t\t<div id=\"ngg-image-4\" class=\"ngg-gallery-thumbnail-box \" >\n\t\t\t\t        <div class=\"ngg-gallery-thumbnail\">\n            <a href=\"https:\/\/www.gladiatorenschule-berlin.rocks\/wp-content\/gallery\/workshop-2026\/PXL_20260228_1343406392.jpg\"\n               title=\"\"\n               data-src=\"https:\/\/www.gladiatorenschule-berlin.rocks\/wp-content\/gallery\/workshop-2026\/PXL_20260228_1343406392.jpg\"\n               data-thumbnail=\"https:\/\/www.gladiatorenschule-berlin.rocks\/wp-content\/gallery\/workshop-2026\/thumbs\/thumbs_PXL_20260228_1343406392.jpg\"\n               data-image-id=\"1376\"\n               data-title=\"PXL_20260228_1343406392\"\n               data-description=\"\"\n               data-image-slug=\"pxl_20260228_1343406392\"\n               class=\"ngg-simplelightbox\" rel=\"9de0822328e78e4a05603a45ef7ee00e\">\n                <img\n                    title=\"PXL_20260228_1343406392\"\n                    alt=\"PXL_20260228_1343406392\"\n                    src=\"https:\/\/www.gladiatorenschule-berlin.rocks\/wp-content\/gallery\/workshop-2026\/thumbs\/thumbs_PXL_20260228_1343406392.jpg\"\n                    width=\"240\"\n                    height=\"160\"\n                    style=\"max-width:100%;\"\n                \/>\n            <\/a>\n        <\/div>\n\t\t\t\t\t\t\t<\/div> \n\t\t\t\n\t\t\t\t<div id=\"ngg-image-5\" class=\"ngg-gallery-thumbnail-box \" >\n\t\t\t\t        <div class=\"ngg-gallery-thumbnail\">\n            <a href=\"https:\/\/www.gladiatorenschule-berlin.rocks\/wp-content\/gallery\/workshop-2026\/PXL_20260228_1323598372.jpg\"\n               title=\"Mit vollem Ernst bei der Sache\"\n               data-src=\"https:\/\/www.gladiatorenschule-berlin.rocks\/wp-content\/gallery\/workshop-2026\/PXL_20260228_1323598372.jpg\"\n               data-thumbnail=\"https:\/\/www.gladiatorenschule-berlin.rocks\/wp-content\/gallery\/workshop-2026\/thumbs\/thumbs_PXL_20260228_1323598372.jpg\"\n               data-image-id=\"1375\"\n               data-title=\"PXL_20260228_1323598372\"\n               data-description=\"Mit vollem Ernst bei der Sache\"\n               data-image-slug=\"pxl_20260228_1323598372\"\n               class=\"ngg-simplelightbox\" rel=\"9de0822328e78e4a05603a45ef7ee00e\">\n                <img\n                    title=\"PXL_20260228_1323598372\"\n                    alt=\"PXL_20260228_1323598372\"\n                    src=\"https:\/\/www.gladiatorenschule-berlin.rocks\/wp-content\/gallery\/workshop-2026\/thumbs\/thumbs_PXL_20260228_1323598372.jpg\"\n                    width=\"240\"\n                    height=\"160\"\n                    style=\"max-width:100%;\"\n                \/>\n            <\/a>\n        <\/div>\n\t\t\t\t\t\t\t<\/div> \n\t\t\t\n\t\t\t\t<div id=\"ngg-image-6\" class=\"ngg-gallery-thumbnail-box \" >\n\t\t\t\t        <div class=\"ngg-gallery-thumbnail\">\n            <a href=\"https:\/\/www.gladiatorenschule-berlin.rocks\/wp-content\/gallery\/workshop-2026\/PXL_20260228_1140413882.jpg\"\n               title=\"\"\n               data-src=\"https:\/\/www.gladiatorenschule-berlin.rocks\/wp-content\/gallery\/workshop-2026\/PXL_20260228_1140413882.jpg\"\n               data-thumbnail=\"https:\/\/www.gladiatorenschule-berlin.rocks\/wp-content\/gallery\/workshop-2026\/thumbs\/thumbs_PXL_20260228_1140413882.jpg\"\n               data-image-id=\"1373\"\n               data-title=\"PXL_20260228_1140413882\"\n               data-description=\"\"\n               data-image-slug=\"pxl_20260228_1140413882\"\n               class=\"ngg-simplelightbox\" rel=\"9de0822328e78e4a05603a45ef7ee00e\">\n                <img\n                    title=\"PXL_20260228_1140413882\"\n                    alt=\"PXL_20260228_1140413882\"\n                    src=\"https:\/\/www.gladiatorenschule-berlin.rocks\/wp-content\/gallery\/workshop-2026\/thumbs\/thumbs_PXL_20260228_1140413882.jpg\"\n                    width=\"240\"\n                    height=\"160\"\n                    style=\"max-width:100%;\"\n                \/>\n            <\/a>\n        <\/div>\n\t\t\t\t\t\t\t<\/div> \n\t\t\t\n\t\t\t\t<div id=\"ngg-image-7\" class=\"ngg-gallery-thumbnail-box \" >\n\t\t\t\t        <div class=\"ngg-gallery-thumbnail\">\n            <a href=\"https:\/\/www.gladiatorenschule-berlin.rocks\/wp-content\/gallery\/workshop-2026\/PXL_20260228_1044483972.jpg\"\n               title=\"\"\n               data-src=\"https:\/\/www.gladiatorenschule-berlin.rocks\/wp-content\/gallery\/workshop-2026\/PXL_20260228_1044483972.jpg\"\n               data-thumbnail=\"https:\/\/www.gladiatorenschule-berlin.rocks\/wp-content\/gallery\/workshop-2026\/thumbs\/thumbs_PXL_20260228_1044483972.jpg\"\n               data-image-id=\"1372\"\n               data-title=\"PXL_20260228_1044483972\"\n               data-description=\"\"\n               data-image-slug=\"pxl_20260228_1044483972\"\n               class=\"ngg-simplelightbox\" rel=\"9de0822328e78e4a05603a45ef7ee00e\">\n                <img\n                    title=\"PXL_20260228_1044483972\"\n                    alt=\"PXL_20260228_1044483972\"\n                    src=\"https:\/\/www.gladiatorenschule-berlin.rocks\/wp-content\/gallery\/workshop-2026\/thumbs\/thumbs_PXL_20260228_1044483972.jpg\"\n                    width=\"240\"\n                    height=\"160\"\n                    style=\"max-width:100%;\"\n                \/>\n            <\/a>\n        <\/div>\n\t\t\t\t\t\t\t<\/div> \n\t\t\t\n\t\n\t<br style=\"clear: both\" \/>\n\n\t\t<div class=\"slideshowlink\">\n        <a href='https:\/\/www.gladiatorenschule-berlin.rocks\/index.php\/nggallery\/slideshow?page_id=6604'>View Slideshow<\/a>\n\t\t\n\t<\/div>\n\t\n\t\t<!-- Pagination -->\n\t<div class='ngg-navigation'><span class='current'>1<\/span>\n<a class='page-numbers' data-pageid='2' href='https:\/\/www.gladiatorenschule-berlin.rocks\/index.php\/nggallery\/page\/2?page_id=6604'>2<\/a>\n<span class='ellipsis'>...<\/span>\n<a class='page-numbers' data-pageid='4' href='https:\/\/www.gladiatorenschule-berlin.rocks\/index.php\/nggallery\/page\/4?page_id=6604'>4<\/a>\n<a class='prev' href='https:\/\/www.gladiatorenschule-berlin.rocks\/index.php\/nggallery\/page\/2?page_id=6604' data-pageid=2>&#9658;<\/a><\/div>\t<\/div>\n\n","protected":false},"excerpt":{"rendered":"<p>Bilder unserer Aktivit\u00e4ten 2026 2. Traditioneller Herbstworkshop im Februar Auch diesmal wieder mit G\u00e4sten von au\u00dferhalb.<\/p>\n","protected":false},"author":2,"featured_media":0,"parent":46,"menu_order":0,"comment_status":"closed","ping_status":"closed","template":"","meta":{"ngg_post_thumbnail":0,"footnotes":""},"class_list":["post-6604","page","type-page","status-publish","hentry"],"_links":{"self":[{"href":"https:\/\/www.gladiatorenschule-berlin.rocks\/index.php?rest_route=\/wp\/v2\/pages\/6604","targetHints":{"allow":["GET"]}}],"collection":[{"href":"https:\/\/www.gladiatorenschule-berlin.rocks\/index.php?rest_route=\/wp\/v2\/pages"}],"about":[{"href":"https:\/\/www.gladiatorenschule-berlin.rocks\/index.php?rest_route=\/wp\/v2\/types\/page"}],"author":[{"embeddable":true,"href":"https:\/\/www.gladiatorenschule-berlin.rocks\/index.php?rest_route=\/wp\/v2\/users\/2"}],"replies":[{"embeddable":true,"href":"https:\/\/www.gladiatorenschule-berlin.rocks\/index.php?rest_route=%2Fwp%2Fv2%2Fcomments&post=6604"}],"version-history":[{"count":1,"href":"https:\/\/www.gladiatorenschule-berlin.rocks\/index.php?rest_route=\/wp\/v2\/pages\/6604\/revisions"}],"predecessor-version":[{"id":6605,"href":"https:\/\/www.gladiatorenschule-berlin.rocks\/index.php?rest_route=\/wp\/v2\/pages\/6604\/revisions\/6605"}],"up":[{"embeddable":true,"href":"https:\/\/www.gladiatorenschule-berlin.rocks\/index.php?rest_route=\/wp\/v2\/pages\/46"}],"wp:attachment":[{"href":"https:\/\/www.gladiatorenschule-berlin.rocks\/index.php?rest_route=%2Fwp%2Fv2%2Fmedia&parent=6604"}],"curies":[{"name":"wp","href":"https:\/\/api.w.org\/{rel}","templated":true}]}}